{"id":134,"date":"2024-05-13T11:44:47","date_gmt":"2024-05-13T11:44:47","guid":{"rendered":"https:\/\/lankakauppaihana.fi\/?page_id=134"},"modified":"2024-05-14T14:37:25","modified_gmt":"2024-05-14T14:37:25","slug":"jarbo","status":"publish","type":"page","link":"https:\/\/lankakauppaihana.fi\/index.php\/langat\/jarbo\/","title":{"rendered":"J\u00e4rbo"},"content":{"rendered":"\n<div data-block-name=\"woocommerce\/single-product\" data-product-id=\"135\" data-wp-context=\"{&quot;productId&quot;:135,&quot;variationId&quot;:null}\" data-wp-interactive=\"woocommerce\/single-product\" class=\"wp-block-woocommerce-single-product\">\n<div class=\"wp-block-columns is-layout-flex wp-container-core-columns-is-layout-28f84493 wp-block-columns-is-layout-flex\">\n<div class=\"wp-block-column is-layout-flow wp-block-column-is-layout-flow\"><div data-block-name=\"woocommerce\/product-image\" data-is-descendent-of-single-product-block=\"true\" data-show-sale-badge=\"false\" class=\"wc-block-components-product-image wc-block-grid__product-image wc-block-components-product-image--aspect-ratio-auto wp-block-woocommerce-product-image\"><a href=\"https:\/\/lankakauppaihana.fi\/index.php\/product\/jarbo-svensk-ull-3-tr\/\" style=\"\" data-wp-on--click=\"woocommerce\/product-collection::actions.viewProduct\"><img loading=\"lazy\" decoding=\"async\" width=\"600\" height=\"600\" src=\"https:\/\/lankakauppaihana.fi\/wp-content\/uploads\/woocommerce-placeholder-600x600.png\" class=\"woocommerce-placeholder wp-post-image\" alt=\"Paikanvaraus\" style=\"object-fit:cover;\" srcset=\"https:\/\/lankakauppaihana.fi\/wp-content\/uploads\/woocommerce-placeholder-600x600.png 600w, https:\/\/lankakauppaihana.fi\/wp-content\/uploads\/woocommerce-placeholder-400x400.png 400w, https:\/\/lankakauppaihana.fi\/wp-content\/uploads\/woocommerce-placeholder-100x100.png 100w, https:\/\/lankakauppaihana.fi\/wp-content\/uploads\/woocommerce-placeholder-300x300.png 300w, https:\/\/lankakauppaihana.fi\/wp-content\/uploads\/woocommerce-placeholder-1024x1024.png 1024w, https:\/\/lankakauppaihana.fi\/wp-content\/uploads\/woocommerce-placeholder-150x150.png 150w, https:\/\/lankakauppaihana.fi\/wp-content\/uploads\/woocommerce-placeholder-768x768.png 768w, https:\/\/lankakauppaihana.fi\/wp-content\/uploads\/woocommerce-placeholder.png 1200w\" sizes=\"auto, (max-width: 600px) 100vw, 600px\" \/><div class=\"wc-block-components-product-image__inner-container\"><\/div><\/a><\/div><\/div>\n\n\n\n<div class=\"wp-block-column is-layout-flow wp-block-column-is-layout-flow\"><h2 class=\"wp-block-post-title\"><a href=\"https:\/\/lankakauppaihana.fi\/index.php\/product\/jarbo-svensk-ull-3-tr\/\" target=\"_self\" >J\u00c4RBO Svensk Ull 3-tr<\/a><\/h2>\n\n\n\n<div data-block-name=\"woocommerce\/product-price\" data-is-descendent-of-single-product-block=\"true\" class=\"wp-block-woocommerce-product-price\" ><div class=\"wc-block-components-product-price wc-block-grid__product-price\" >\n\t\t\t\t\t\n\t\t\t\t<\/div><\/div>\n\n<div class=\"wp-block-post-excerpt\"><p class=\"wp-block-post-excerpt__excerpt\"> <\/p><\/div>\n\n\n\n\n<div data-block-name=\"woocommerce\/product-meta\" class=\"wp-block-woocommerce-product-meta\">\n<div class=\"wp-block-group is-nowrap is-layout-flex wp-container-core-group-is-layout-6c531013 wp-block-group-is-layout-flex\">\n\n<div class=\"taxonomy-product_cat wp-block-post-terms\"><span class=\"wp-block-post-terms__prefix\">Category: <\/span><a href=\"https:\/\/lankakauppaihana.fi\/index.php\/product-category\/tuotteet\/langat\/\" rel=\"tag\">Langat<\/a><\/div>\n\n<\/div>\n<\/div>\n<\/div>\n<\/div>\n<\/div>\n\n\n\n<div data-block-name=\"woocommerce\/single-product\" data-product-id=\"241\" data-wp-context=\"{&quot;productId&quot;:241,&quot;variationId&quot;:null}\" data-wp-interactive=\"woocommerce\/single-product\" class=\"wp-block-woocommerce-single-product\">\n<div class=\"wp-block-columns is-layout-flex wp-container-core-columns-is-layout-28f84493 wp-block-columns-is-layout-flex\">\n<div class=\"wp-block-column is-layout-flow wp-block-column-is-layout-flow\"><div data-block-name=\"woocommerce\/product-image\" data-is-descendent-of-single-product-block=\"true\" data-show-sale-badge=\"false\" class=\"wc-block-components-product-image wc-block-grid__product-image wc-block-components-product-image--aspect-ratio-auto wp-block-woocommerce-product-image\"><a href=\"https:\/\/lankakauppaihana.fi\/index.php\/product\/llama-silk\/\" style=\"\" data-wp-on--click=\"woocommerce\/product-collection::actions.viewProduct\"><img loading=\"lazy\" decoding=\"async\" width=\"600\" height=\"600\" src=\"https:\/\/lankakauppaihana.fi\/wp-content\/uploads\/woocommerce-placeholder-600x600.png\" class=\"woocommerce-placeholder wp-post-image\" alt=\"Paikanvaraus\" style=\"object-fit:cover;\" srcset=\"https:\/\/lankakauppaihana.fi\/wp-content\/uploads\/woocommerce-placeholder-600x600.png 600w, https:\/\/lankakauppaihana.fi\/wp-content\/uploads\/woocommerce-placeholder-400x400.png 400w, https:\/\/lankakauppaihana.fi\/wp-content\/uploads\/woocommerce-placeholder-100x100.png 100w, https:\/\/lankakauppaihana.fi\/wp-content\/uploads\/woocommerce-placeholder-300x300.png 300w, https:\/\/lankakauppaihana.fi\/wp-content\/uploads\/woocommerce-placeholder-1024x1024.png 1024w, https:\/\/lankakauppaihana.fi\/wp-content\/uploads\/woocommerce-placeholder-150x150.png 150w, https:\/\/lankakauppaihana.fi\/wp-content\/uploads\/woocommerce-placeholder-768x768.png 768w, https:\/\/lankakauppaihana.fi\/wp-content\/uploads\/woocommerce-placeholder.png 1200w\" sizes=\"auto, (max-width: 600px) 100vw, 600px\" \/><div class=\"wc-block-components-product-image__inner-container\"><\/div><\/a><\/div><\/div>\n\n\n\n<div class=\"wp-block-column is-layout-flow wp-block-column-is-layout-flow\"><h2 class=\"wp-block-post-title\"><a href=\"https:\/\/lankakauppaihana.fi\/index.php\/product\/llama-silk\/\" target=\"_self\" >Llama Silk<\/a><\/h2>\n\n\n\n<div data-block-name=\"woocommerce\/product-price\" data-is-descendent-of-single-product-block=\"true\" class=\"wp-block-woocommerce-product-price\" ><div class=\"wc-block-components-product-price wc-block-grid__product-price\" >\n\t\t\t\t\t\n\t\t\t\t<\/div><\/div>\n\n<div class=\"wp-block-post-excerpt\"><p class=\"wp-block-post-excerpt__excerpt\">J\u00e4rbon Llama Silk on nimens\u00e4 mukaisesti baby laaman ja mulperisilkin sekoitus \ud83d\ude42 <\/p><\/div>\n\n<div data-block-name=\"woocommerce\/add-to-cart-form\" data-is-descendent-of-single-product-block=\"true\" class=\"wp-block-add-to-cart-form wc-block-add-to-cart-form wc-block-add-to-cart-form--input wp-block-woocommerce-add-to-cart-form\" >\n<form class=\"variations_form cart\" action=\"https:\/\/lankakauppaihana.fi\/index.php\/product\/llama-silk\/\" method=\"post\" enctype='multipart\/form-data' data-product_id=\"241\" data-product_variations=\"[]\">\n\t\n\t\t\t<p class=\"stock out-of-stock\">Tuotetta ei ole varastossa eik\u00e4 myyt\u00e4v\u00e4n\u00e4.<\/p>\n\t\n\t<\/form>\n\n<\/div>\n\n\n<div data-block-name=\"woocommerce\/product-meta\" class=\"wp-block-woocommerce-product-meta\">\n<div class=\"wp-block-group is-nowrap is-layout-flex wp-container-core-group-is-layout-6c531013 wp-block-group-is-layout-flex\"><div data-block-name=\"woocommerce\/product-sku\" class=\"wc-block-components-product-sku wc-block-grid__product-sku wp-block-woocommerce-product-sku product_meta wp-block-post-terms \" style=\"\">\n\t\t\t\t<span class=\"wp-block-post-terms__prefix\">SKU:<\/span>\n\t\t\t\t<span class=\"sku\" data-wp-interactive=\"woocommerce\/product-elements\" data-wp-text=\"state.productData.sku\"><\/span>\n\t\t\t\t\n\t\t\t<\/div>\n\n<div class=\"taxonomy-product_cat wp-block-post-terms\"><span class=\"wp-block-post-terms__prefix\">Category: <\/span><a href=\"https:\/\/lankakauppaihana.fi\/index.php\/product-category\/uncategorized\/\" rel=\"tag\">Uncategorized<\/a><\/div>\n\n<\/div>\n<\/div>\n<\/div>\n<\/div>\n<\/div>\n","protected":false},"excerpt":{"rendered":"","protected":false},"author":1,"featured_media":0,"parent":41,"menu_order":0,"comment_status":"closed","ping_status":"closed","template":"","meta":{"_monsterinsights_skip_tracking":false,"_monsterinsights_sitenote_active":false,"_monsterinsights_sitenote_note":"","_monsterinsights_sitenote_category":0,"_uf_show_specific_survey":0,"_uf_disable_surveys":false,"footnotes":""},"class_list":["post-134","page","type-page","status-publish","hentry"],"_links":{"self":[{"href":"https:\/\/lankakauppaihana.fi\/index.php\/wp-json\/wp\/v2\/pages\/134","targetHints":{"allow":["GET"]}}],"collection":[{"href":"https:\/\/lankakauppaihana.fi\/index.php\/wp-json\/wp\/v2\/pages"}],"about":[{"href":"https:\/\/lankakauppaihana.fi\/index.php\/wp-json\/wp\/v2\/types\/page"}],"author":[{"embeddable":true,"href":"https:\/\/lankakauppaihana.fi\/index.php\/wp-json\/wp\/v2\/users\/1"}],"replies":[{"embeddable":true,"href":"https:\/\/lankakauppaihana.fi\/index.php\/wp-json\/wp\/v2\/comments?post=134"}],"version-history":[{"count":3,"href":"https:\/\/lankakauppaihana.fi\/index.php\/wp-json\/wp\/v2\/pages\/134\/revisions"}],"predecessor-version":[{"id":242,"href":"https:\/\/lankakauppaihana.fi\/index.php\/wp-json\/wp\/v2\/pages\/134\/revisions\/242"}],"up":[{"embeddable":true,"href":"https:\/\/lankakauppaihana.fi\/index.php\/wp-json\/wp\/v2\/pages\/41"}],"wp:attachment":[{"href":"https:\/\/lankakauppaihana.fi\/index.php\/wp-json\/wp\/v2\/media?parent=134"}],"curies":[{"name":"wp","href":"https:\/\/api.w.org\/{rel}","templated":true}]}}