{"id":453,"date":"2024-07-24T00:01:59","date_gmt":"2024-07-23T21:01:59","guid":{"rendered":"https:\/\/lankakauppaihana.fi\/?page_id=453"},"modified":"2024-07-24T00:01:59","modified_gmt":"2024-07-23T21:01:59","slug":"toimitusehdot-2","status":"publish","type":"page","link":"https:\/\/lankakauppaihana.fi\/index.php\/toimitusehdot-2\/","title":{"rendered":"Toimitusehdot"},"content":{"rendered":"\n<p>TOIMITUSEHDOT<\/p>\n\n\n\n<p>NOUTO<\/p>\n\n\n\n<ul class=\"wp-block-list\">\n<li>Tilauksen voi noutaa Lankakauppa Ihanan myym\u00e4l\u00e4st\u00e4 osoitteesta Lampelankatu 24 C, 96320 Rovaniemi (odotathan, ett\u00e4 saat s\u00e4hk\u00f6postiisi tilausvahvistuksen).<\/li>\n\n\n\n<li>Tilauksen voi maksaa (s\u00e4hk\u00f6postiin tulevana) ennakkolaskuna tai noudon yhteydess\u00e4. Huomioithan, ett\u00e4 emme vastaanota k\u00e4teist\u00e4 rahaa.<\/li>\n<\/ul>\n\n\n\n<p>POSTITUS<\/p>\n\n\n\n<ul class=\"wp-block-list\">\n<li>Postitettavaan tilaukseen liitet\u00e4\u00e4n kiinte\u00e4t toimituskulut 5,90 euroa riippumatta l\u00e4hetyksen painosta.<\/li>\n\n\n\n<li>Tilaus maksetaan (s\u00e4hk\u00f6postiin tulevana) ennakkolaskuna.<\/li>\n\n\n\n<li>Saat ilmoituksen, kun tilaus on postitettu.<\/li>\n\n\n\n<li>Kun l\u00e4hetys on noudettavissa, saat Postilta saapumisilmoituksen tekstiviestitse. Jos ep\u00e4ilet antaneesi tilauksen yhteydess\u00e4 v\u00e4\u00e4r\u00e4n puhelinnumeron, olethan yhteydess\u00e4 asiakaspalveluun*.<\/li>\n<\/ul>\n\n\n\n<p>TUOTTEEN PALAUTUS\/VAIHTO<\/p>\n\n\n\n<ul class=\"wp-block-list\">\n<li>Olethan aina ensin yhteydess\u00e4 asiakaspalveluun*! Tuotteen noutamatta j\u00e4tt\u00e4minen ei ole palautus, ja siit\u00e4 aiheutuneet kulut maksaa asiakas. Tuotteiden palautusoikeus on postimyyntilain mukainen 14 p\u00e4iv\u00e4\u00e4, joka lasketaan siit\u00e4 alkaen, kun asiakas on vastaanottanut tuotteen. Palautusoikeus edellytt\u00e4\u00e4 sit\u00e4, ett\u00e4 keri\u00e4 ei ole purettu eik\u00e4 avattu, ja ne ovat alkuper\u00e4isess\u00e4 uutta vastaavassa myyntikunnossa. Jos palautat k\u00e4ytettyj\u00e4 tuotteita, huomioithan, ett\u00e4 kauppiaalla on oikeus m\u00e4\u00e4ritell\u00e4 tuotteelle arvonalennus. Emme korvaa tuotteen palautuksesta aiheutuneita kuluja, ellei kyseess\u00e4 ole tuotteen viallisuuden vuoksi tapahtuva tavaran vaihto uuteen.<\/li>\n<\/ul>\n\n\n\n<p>REKLAMAATIO\/ VIALLINEN TUOTE<\/p>\n\n\n\n<ul class=\"wp-block-list\">\n<li>Huomatessasi vian, olethan aina ensin yhteydess\u00e4 asiakaspalveluun*! T\u00e4ll\u00f6in sovimme yhdess\u00e4 palautuksesta, hyvityksest\u00e4 tai korvaavasta tuotteesta. S\u00e4ilyt\u00e4th\u00e4n alkuper\u00e4isen pakkausmateriaalin mahdollista takaisinpostitusta varten.<\/li>\n\n\n\n<li>Tuotteemme sis\u00e4lt\u00e4v\u00e4t arvonlis\u00e4veron 24%.<\/li>\n<\/ul>\n\n\n\n<p><strong>* asiakaspalvelun yhteystiedot: hanna-maria (\u00e4t) arcticbanana.fi \/\/ Voit my\u00f6s vaihtoehtoisesti vastata suoraan saamaasi tilausvahvistukseen.<\/strong><\/p>\n\n\n\n<p><em>Huomiothan, ett\u00e4 myym\u00e4mme tuotteet ovat uniikisti k\u00e4sinv\u00e4rj\u00e4ttyj\u00e4, jolloin vaihtelua eri v\u00e4rj\u00e4yserien v\u00e4lill\u00e4 voi esiinty\u00e4. Pyrimme aina poimimaan tilauksiin saman v\u00e4rj\u00e4yser\u00e4n ker\u00e4t. V\u00e4rj\u00e4yser\u00e4t ovat suuruudeltaan 300-600g ja er\u00e4 on merkitty ker\u00e4n etikettiin. My\u00f6s yksitt\u00e4isten kerien v\u00e4lill\u00e4 voi esiinty\u00e4 s\u00e4vyeroja, ja t\u00e4m\u00e4 kannattaa huomioida jo neuletta suunnitellessa ja tarpeen tulleen raidoittaa eri s\u00e4vyt kesken\u00e4\u00e4n ty\u00f6h\u00f6n. Langassa voi my\u00f6s esiinty\u00e4 solmuja.<\/em><\/p>\n\n\n\n<p>Arctic Banana \/\/ Lehtokuja 2 (ei k\u00e4yntiosoite!) \/\/ 96800 Rovaniemi \/\/ FINLAND<\/p>\n\n\n\n<p>Lankakauppa Ihana \/\/ Lampelankatu 24 C \/\/ 96320 Rovaniemi \/\/ FINLAND<\/p>\n\n\n\n<p>Y-tunnus: 2214699-1<\/p>\n","protected":false},"excerpt":{"rendered":"<p>TOIMITUSEHDOT NOUTO POSTITUS TUOTTEEN PALAUTUS\/VAIHTO REKLAMAATIO\/ VIALLINEN TUOTE * asiakaspalvelun yhteystiedot: hanna-maria (\u00e4t) arcticbanana.fi \/\/ Voit my\u00f6s vaihtoehtoisesti vastata suoraan saamaasi tilausvahvistukseen. Huomiothan, ett\u00e4 myym\u00e4mme tuotteet ovat uniikisti k\u00e4sinv\u00e4rj\u00e4ttyj\u00e4, jolloin vaihtelua eri v\u00e4rj\u00e4yserien v\u00e4lill\u00e4 voi esiinty\u00e4. Pyrimme aina poimimaan tilauksiin saman v\u00e4rj\u00e4yser\u00e4n ker\u00e4t. V\u00e4rj\u00e4yser\u00e4t ovat suuruudeltaan 300-600g ja er\u00e4 on merkitty ker\u00e4n etikettiin. My\u00f6s yksitt\u00e4isten kerien v\u00e4lill\u00e4 voi esiinty\u00e4 s\u00e4vyeroja, ja t\u00e4m\u00e4 kannattaa huomioida jo neuletta suunnitellessa ja tarpeen tulleen raidoittaa eri s\u00e4vyt kesken\u00e4\u00e4n ty\u00f6h\u00f6n. Langassa voi my\u00f6s esiinty\u00e4 solmuja. Arctic Banana \/\/ Lehtokuja 2 (ei k\u00e4yntiosoite!) \/\/ 96800 Rovaniemi \/\/ FINLAND Lankakauppa Ihana \/\/ Lampelankatu 24 C \/\/ 96320 Rovaniemi \/\/ FINLAND Y-tunnus: 2214699-1<\/p>\n","protected":false},"author":2,"featured_media":0,"parent":0,"menu_order":0,"comment_status":"closed","ping_status":"closed","template":"","meta":{"_monsterinsights_skip_tracking":false,"_monsterinsights_sitenote_active":false,"_monsterinsights_sitenote_note":"","_monsterinsights_sitenote_category":0,"_uf_show_specific_survey":0,"_uf_disable_surveys":false,"footnotes":""},"class_list":["post-453","page","type-page","status-publish","hentry"],"_links":{"self":[{"href":"https:\/\/lankakauppaihana.fi\/index.php\/wp-json\/wp\/v2\/pages\/453","targetHints":{"allow":["GET"]}}],"collection":[{"href":"https:\/\/lankakauppaihana.fi\/index.php\/wp-json\/wp\/v2\/pages"}],"about":[{"href":"https:\/\/lankakauppaihana.fi\/index.php\/wp-json\/wp\/v2\/types\/page"}],"author":[{"embeddable":true,"href":"https:\/\/lankakauppaihana.fi\/index.php\/wp-json\/wp\/v2\/users\/2"}],"replies":[{"embeddable":true,"href":"https:\/\/lankakauppaihana.fi\/index.php\/wp-json\/wp\/v2\/comments?post=453"}],"version-history":[{"count":1,"href":"https:\/\/lankakauppaihana.fi\/index.php\/wp-json\/wp\/v2\/pages\/453\/revisions"}],"predecessor-version":[{"id":454,"href":"https:\/\/lankakauppaihana.fi\/index.php\/wp-json\/wp\/v2\/pages\/453\/revisions\/454"}],"wp:attachment":[{"href":"https:\/\/lankakauppaihana.fi\/index.php\/wp-json\/wp\/v2\/media?parent=453"}],"curies":[{"name":"wp","href":"https:\/\/api.w.org\/{rel}","templated":true}]}}