{"id":527,"date":"2024-06-07T21:16:23","date_gmt":"2024-06-07T18:16:23","guid":{"rendered":"https:\/\/lankakauppaihana.fi\/?page_id=527"},"modified":"2024-06-23T20:11:50","modified_gmt":"2024-06-23T17:11:50","slug":"yhteystiedot","status":"publish","type":"page","link":"https:\/\/lankakauppaihana.fi\/index.php\/yhteystiedot\/","title":{"rendered":"Yhteystiedot"},"content":{"rendered":"\n<div class=\"wp-block-columns is-layout-flex wp-container-core-columns-is-layout-28f84493 wp-block-columns-is-layout-flex\">\n<div class=\"wp-block-column is-layout-flow wp-block-column-is-layout-flow\" style=\"flex-basis:33.33%\">\n<p>Lankakauppa Ihana sijaitsee Rovaniemell\u00e4 aivan Etel\u00e4keskuksen Prisman vieress\u00e4 osoitteessa: <\/p>\n\n\n\n<p>Lampelankatu 24 C                            96320 Rovaniemi<\/p>\n\n\n\n<p>K\u00e4ynti rakennuksen l\u00e4nsip\u00e4\u00e4dyst\u00e4!<\/p>\n\n\n\n<p>Puh: +358 45 333 2003 <br>(my\u00f6s WhatsApp-viestit!)<\/p>\n\n\n\n<p>AUKIOLOAJAT: <br><br>KE 11-18<br>TO 11-16:30<br>PE 11-16:30<br>LA 11-14<br><br>Poikkeusaukioloajoista ilmoitamme Googlen yritystiedoissa hakutuloksella: lankakauppa+ihana<\/p>\n<\/div>\n\n\n\n<div class=\"wp-block-column is-layout-flow wp-block-column-is-layout-flow\" style=\"flex-basis:66.66%\"><\/div>\n<\/div>\n\n\n\n<p><\/p>\n","protected":false},"excerpt":{"rendered":"<p>Lankakauppa Ihana sijaitsee Rovaniemell\u00e4 aivan Etel\u00e4keskuksen Prisman vieress\u00e4 osoitteessa: Lampelankatu 24 C 96320 Rovaniemi K\u00e4ynti rakennuksen l\u00e4nsip\u00e4\u00e4dyst\u00e4! Puh: +358 45 333 2003 (my\u00f6s WhatsApp-viestit!) AUKIOLOAJAT: KE 11-18TO 11-16:30PE 11-16:30LA 11-14 Poikkeusaukioloajoista ilmoitamme Googlen yritystiedoissa hakutuloksella: lankakauppa+ihana<\/p>\n","protected":false},"author":2,"featured_media":0,"parent":0,"menu_order":0,"comment_status":"closed","ping_status":"closed","template":"","meta":{"_monsterinsights_skip_tracking":false,"_monsterinsights_sitenote_active":false,"_monsterinsights_sitenote_note":"","_monsterinsights_sitenote_category":0,"_uf_show_specific_survey":0,"_uf_disable_surveys":false,"footnotes":""},"class_list":["post-527","page","type-page","status-publish","hentry"],"_links":{"self":[{"href":"https:\/\/lankakauppaihana.fi\/index.php\/wp-json\/wp\/v2\/pages\/527","targetHints":{"allow":["GET"]}}],"collection":[{"href":"https:\/\/lankakauppaihana.fi\/index.php\/wp-json\/wp\/v2\/pages"}],"about":[{"href":"https:\/\/lankakauppaihana.fi\/index.php\/wp-json\/wp\/v2\/types\/page"}],"author":[{"embeddable":true,"href":"https:\/\/lankakauppaihana.fi\/index.php\/wp-json\/wp\/v2\/users\/2"}],"replies":[{"embeddable":true,"href":"https:\/\/lankakauppaihana.fi\/index.php\/wp-json\/wp\/v2\/comments?post=527"}],"version-history":[{"count":5,"href":"https:\/\/lankakauppaihana.fi\/index.php\/wp-json\/wp\/v2\/pages\/527\/revisions"}],"predecessor-version":[{"id":1211,"href":"https:\/\/lankakauppaihana.fi\/index.php\/wp-json\/wp\/v2\/pages\/527\/revisions\/1211"}],"wp:attachment":[{"href":"https:\/\/lankakauppaihana.fi\/index.php\/wp-json\/wp\/v2\/media?parent=527"}],"curies":[{"name":"wp","href":"https:\/\/api.w.org\/{rel}","templated":true}]}}