{"id":1010,"date":"2024-06-16T17:59:23","date_gmt":"2024-06-16T14:59:23","guid":{"rendered":"https:\/\/lankakauppaihana.fi\/?post_type=product&#038;p=1010"},"modified":"2024-06-16T18:08:19","modified_gmt":"2024-06-16T15:08:19","slug":"hope-0039-ruskea","status":"publish","type":"product","link":"https:\/\/lankakauppaihana.fi\/index.php\/product\/hope-0039-ruskea\/","title":{"rendered":"Hope 0039 ruskea"},"content":{"rendered":"","protected":false},"excerpt":{"rendered":"<p><strong>100% corriedale-villa<\/strong> * * * <strong>super bulky<\/strong> (90m\/100g)* * * <strong>puikot: 9-10<\/strong><\/p>\n<p>WoolAddicts Hope on yksis\u00e4ikeinen muhkea t\u00e4ysvillalanka. Vaikka lanka on pehme\u00e4\u00e4, se on kehr\u00e4tty tiukkakierteiseksi, joka tekee siit\u00e4 kulutusta kest\u00e4v\u00e4n ja lujan, eik\u00e4 se huovu helposti.<\/p>\n<p>Hopea neulot puikoilla 9-10.<br \/>\nKer\u00e4n koko on 100g ja siin\u00e4 on noin 90m lankaa (juoksevuus ~90m\/100g).<\/p>\n<p>Langan koostumus: 100% corriedale-lampaan* villa<br \/>\nPesu: hell\u00e4varainen k\u00e4sinpesu (Eth\u00e4n k\u00e4yt\u00e4 huuhteluainetta!)<\/p>\n<p>Kehr\u00e4tty Italiassa.<\/p>\n<p><em>*Corriedale-lammas on yksi maailman eniten kasvatetuista lammasroduista, ja alunperin merinolampaan ja Lincoln Longwool -rotuisten lampaiden risteytys 1900-luvun alusta. Se siet\u00e4\u00e4 kosteutta paremmin kuin kuivien alueiden merinolammas, josta syyst\u00e4 rotua voidaan kasvattaa useammassa eri maanosassa \ud83d\ude42<\/em><\/p>\n","protected":false},"featured_media":607,"template":"","meta":{"_monsterinsights_skip_tracking":false,"_monsterinsights_sitenote_active":false,"_monsterinsights_sitenote_note":"","_monsterinsights_sitenote_category":0,"_uf_show_specific_survey":0,"_uf_disable_surveys":false},"product_brand":[],"product_cat":[144,142,143],"product_tag":[113,140],"class_list":{"0":"post-1010","1":"product","2":"type-product","3":"status-publish","4":"has-post-thumbnail","6":"product_cat-hope3","7":"product_cat-hope","8":"product_cat-hope2","9":"product_tag-bulky","10":"product_tag-corriedale","12":"first","13":"instock","14":"taxable","15":"shipping-taxable","16":"purchasable","17":"product-type-simple"},"_links":{"self":[{"href":"https:\/\/lankakauppaihana.fi\/index.php\/wp-json\/wp\/v2\/product\/1010","targetHints":{"allow":["GET"]}}],"collection":[{"href":"https:\/\/lankakauppaihana.fi\/index.php\/wp-json\/wp\/v2\/product"}],"about":[{"href":"https:\/\/lankakauppaihana.fi\/index.php\/wp-json\/wp\/v2\/types\/product"}],"wp:featuredmedia":[{"embeddable":true,"href":"https:\/\/lankakauppaihana.fi\/index.php\/wp-json\/wp\/v2\/media\/607"}],"wp:attachment":[{"href":"https:\/\/lankakauppaihana.fi\/index.php\/wp-json\/wp\/v2\/media?parent=1010"}],"wp:term":[{"taxonomy":"product_brand","embeddable":true,"href":"https:\/\/lankakauppaihana.fi\/index.php\/wp-json\/wp\/v2\/product_brand?post=1010"},{"taxonomy":"product_cat","embeddable":true,"href":"https:\/\/lankakauppaihana.fi\/index.php\/wp-json\/wp\/v2\/product_cat?post=1010"},{"taxonomy":"product_tag","embeddable":true,"href":"https:\/\/lankakauppaihana.fi\/index.php\/wp-json\/wp\/v2\/product_tag?post=1010"}],"curies":[{"name":"wp","href":"https:\/\/api.w.org\/{rel}","templated":true}]}}