{"id":1018,"date":"2024-06-16T19:13:35","date_gmt":"2024-06-16T16:13:35","guid":{"rendered":"https:\/\/lankakauppaihana.fi\/?post_type=product&#038;p=1018"},"modified":"2025-08-12T16:16:32","modified_gmt":"2025-08-12T13:16:32","slug":"mille-colori-baby-0153-pastelli-sateenkaari","status":"publish","type":"product","link":"https:\/\/lankakauppaihana.fi\/index.php\/product\/mille-colori-baby-0153-pastelli-sateenkaari\/","title":{"rendered":"Mille Colori Baby, <br> 0153 pastelli-sateenkaari"},"content":{"rendered":"","protected":false},"excerpt":{"rendered":"<p><strong>100% merinovilla<\/strong> * * * <strong>fingering<\/strong> (380m\/100g)* * * <strong>puikot: 3-3\u00bd<\/strong><\/p>\n<p>Mille Colori Baby on upea yksis\u00e4ikeinen liukuv\u00e4rj\u00e4tty t\u00e4ysvillalanka. Neulot siit\u00e4 monenlaisia asusteita ja neuleita.<\/p>\n<p>Mille Colori Babyn puikkosuositus on 3-3\u00bd.<br \/>\nKer\u00e4n koko on 50g ja siin\u00e4 on noin 190m lankaa (juoksevuus ~180m\/100g).<\/p>\n<p>Langan koostumus: 100% merinovillaa<br \/>\nPesu: hell\u00e4varainen 30C\u00b0 villapesu (Eth\u00e4n k\u00e4yt\u00e4 huuhteluainetta!)<br \/>\nNeuletiheys: 27 x 36<\/p>\n<p>Kehr\u00e4tty Italiassa.<\/p>\n<p>Mille Colori Baby -langasta teet esimerkiksi upean <a href=\"https:\/\/www.petiteknit.com\/en\/products\/sophie-scarf\">Petite Knitin Sophie -huivin<\/a>! \ud83d\ude42<\/p>\n","protected":false},"featured_media":2773,"template":"","meta":{"_monsterinsights_skip_tracking":false,"_monsterinsights_sitenote_active":false,"_monsterinsights_sitenote_note":"","_monsterinsights_sitenote_category":0,"_uf_show_specific_survey":0,"_uf_disable_surveys":false},"product_brand":[],"product_cat":[151,150,152],"product_tag":[153,123],"class_list":{"0":"post-1018","1":"product","2":"type-product","3":"status-publish","4":"has-post-thumbnail","6":"product_cat-millecolori2","7":"product_cat-millecolori","8":"product_cat-millecolori3","9":"product_tag-fingering","10":"product_tag-merino","12":"first","13":"outofstock","14":"taxable","15":"shipping-taxable","16":"purchasable","17":"product-type-simple"},"_links":{"self":[{"href":"https:\/\/lankakauppaihana.fi\/index.php\/wp-json\/wp\/v2\/product\/1018","targetHints":{"allow":["GET"]}}],"collection":[{"href":"https:\/\/lankakauppaihana.fi\/index.php\/wp-json\/wp\/v2\/product"}],"about":[{"href":"https:\/\/lankakauppaihana.fi\/index.php\/wp-json\/wp\/v2\/types\/product"}],"wp:featuredmedia":[{"embeddable":true,"href":"https:\/\/lankakauppaihana.fi\/index.php\/wp-json\/wp\/v2\/media\/2773"}],"wp:attachment":[{"href":"https:\/\/lankakauppaihana.fi\/index.php\/wp-json\/wp\/v2\/media?parent=1018"}],"wp:term":[{"taxonomy":"product_brand","embeddable":true,"href":"https:\/\/lankakauppaihana.fi\/index.php\/wp-json\/wp\/v2\/product_brand?post=1018"},{"taxonomy":"product_cat","embeddable":true,"href":"https:\/\/lankakauppaihana.fi\/index.php\/wp-json\/wp\/v2\/product_cat?post=1018"},{"taxonomy":"product_tag","embeddable":true,"href":"https:\/\/lankakauppaihana.fi\/index.php\/wp-json\/wp\/v2\/product_tag?post=1018"}],"curies":[{"name":"wp","href":"https:\/\/api.w.org\/{rel}","templated":true}]}}