{"id":1033,"date":"2025-10-02T00:04:20","date_gmt":"2025-10-01T21:04:20","guid":{"rendered":"https:\/\/lankakauppaihana.fi\/?post_type=product&#038;p=1033"},"modified":"2025-10-31T15:17:43","modified_gmt":"2025-10-31T13:17:43","slug":"donegal-0039-vaaleanruskea","status":"publish","type":"product","link":"https:\/\/lankakauppaihana.fi\/index.php\/product\/donegal-0039-vaaleanruskea\/","title":{"rendered":"Donegal 0039 suklaanruskea"},"content":{"rendered":"","protected":false},"excerpt":{"rendered":"<div class=\"woocommerce-product-details__short-description\">\n<p><strong>100% merinovilla<\/strong> * * * <strong>fingering\u00a0<\/strong> (380m\/100g)* * * <strong>puikot: 3\u00bd-4<\/strong><\/p>\n<p>Lang Yarnsin Donegal on kehr\u00e4tty ja v\u00e4rj\u00e4tty perinteiden mukaisesti Irlannissa. Donagal-lanka on puhdasta merinovillaa, ja siin\u00e4 on tweednyppyj\u00e4, jotka luovat kauniin pinnan. T\u00e4st\u00e4 langasta tehtyn\u00e4 pelkk\u00e4 sile\u00e4 neulekin saa kauniin ja mielenkiintoisen ilmeen juuri nyppyjen ansiosta!<\/p>\n<p>Donegal-langasta neulot joko yksist\u00e4\u00e4n puikoilla 3\u00bd-4, tai silkkimohairin kanssa puikoilla 4\u00bd-5.<\/p>\n<p>Donegal on fingering-vahvuinen lanka. Ker\u00e4n koko on 50g ja siin\u00e4 on noin 190m lankaa (juoksevuus ~380m\/100g).<\/p>\n<p>Langan koostumus: 100% merinovilla<br \/>\nPesu: k\u00e4sinpesu (Eth\u00e4n k\u00e4yt\u00e4 huuhteluainetta!)<br \/>\nNeuletiheys: 22 x 30<\/p>\n<p>Kehr\u00e4tty Irlannissa.<\/p>\n<\/div>\n","protected":false},"featured_media":689,"template":"","meta":{"_monsterinsights_skip_tracking":false,"_monsterinsights_sitenote_active":false,"_monsterinsights_sitenote_note":"","_monsterinsights_sitenote_category":0,"_uf_show_specific_survey":0,"_uf_disable_surveys":false},"product_brand":[],"product_cat":[164,162,163],"product_tag":[165,153,77,123,166],"class_list":{"0":"post-1033","1":"product","2":"type-product","3":"status-publish","4":"has-post-thumbnail","6":"product_cat-donegal3","7":"product_cat-donegal","8":"product_cat-donegal2","9":"product_tag-donegal","10":"product_tag-fingering","11":"product_tag-lang-yarns","12":"product_tag-merino","13":"product_tag-merinovilla","15":"first","16":"instock","17":"taxable","18":"shipping-taxable","19":"purchasable","20":"product-type-simple"},"_links":{"self":[{"href":"https:\/\/lankakauppaihana.fi\/index.php\/wp-json\/wp\/v2\/product\/1033","targetHints":{"allow":["GET"]}}],"collection":[{"href":"https:\/\/lankakauppaihana.fi\/index.php\/wp-json\/wp\/v2\/product"}],"about":[{"href":"https:\/\/lankakauppaihana.fi\/index.php\/wp-json\/wp\/v2\/types\/product"}],"wp:featuredmedia":[{"embeddable":true,"href":"https:\/\/lankakauppaihana.fi\/index.php\/wp-json\/wp\/v2\/media\/689"}],"wp:attachment":[{"href":"https:\/\/lankakauppaihana.fi\/index.php\/wp-json\/wp\/v2\/media?parent=1033"}],"wp:term":[{"taxonomy":"product_brand","embeddable":true,"href":"https:\/\/lankakauppaihana.fi\/index.php\/wp-json\/wp\/v2\/product_brand?post=1033"},{"taxonomy":"product_cat","embeddable":true,"href":"https:\/\/lankakauppaihana.fi\/index.php\/wp-json\/wp\/v2\/product_cat?post=1033"},{"taxonomy":"product_tag","embeddable":true,"href":"https:\/\/lankakauppaihana.fi\/index.php\/wp-json\/wp\/v2\/product_tag?post=1033"}],"curies":[{"name":"wp","href":"https:\/\/api.w.org\/{rel}","templated":true}]}}