{"id":1038,"date":"2024-06-17T00:12:34","date_gmt":"2024-06-16T21:12:34","guid":{"rendered":"https:\/\/lankakauppaihana.fi\/?post_type=product&#038;p=1038"},"modified":"2025-08-21T17:48:23","modified_gmt":"2025-08-21T14:48:23","slug":"regina-0093-sinivihrea","status":"publish","type":"product","link":"https:\/\/lankakauppaihana.fi\/index.php\/product\/regina-0093-sinivihrea\/","title":{"rendered":"Regina 0093 sinivihre\u00e4"},"content":{"rendered":"","protected":false},"excerpt":{"rendered":"<div class=\"woocommerce-product-details__short-description\">\n<p><strong>50% puuvilla \/\/ 24% baby alpakka \/\/ 20% silkki \/\/ 6% villa\u00a0<\/strong> * * *<br \/>\n<strong>sport<\/strong> (350m\/100g)* * * <strong>puikot: 3\u00bd-4<\/strong><\/p>\n<p>Lang Yarns Regina on hengitt\u00e4v\u00e4 ja kevyt, mutta samalla l\u00e4mmin neulelanka. Regina on sekoitus puuvillaa, baby alpakkaa, silkki\u00e4 ja hitunen villaa.<br \/>\nRegina sopii neuleisiin, sek\u00e4 l\u00e4mpimiin ja kevyisiin huiveihin, pipoihin ja lapasiin \ud83d\ude42<\/p>\n<p>Regina on sport-vahvuinen lanka, jota neulot puikoilla 3\u00bd-4.<br \/>\nKer\u00e4n koko on 50g ja siin\u00e4 on noin 175m lankaa (juoksevuus ~350m\/100g).<\/p>\n<p>Langan koostumus: 50% puuvilla \/\/ 24% baby alpakka \/\/ 20% silkki \/\/ 6% villa<br \/>\nPesu: hell\u00e4varainen 30C\u00b0 hienopesu (Eth\u00e4n k\u00e4yt\u00e4 huuhteluainetta!)<br \/>\nNeuletiheys: 24\u00d732<\/p>\n<p>Menekki (neule):<br \/>\nnaisten M-koko 350g<br \/>\nmiesten M-koko 450g<br \/>\n10-vuotias 250g<\/p>\n<p>Kehr\u00e4tty Italiassa.<\/p>\n<\/div>\n","protected":false},"featured_media":630,"template":"","meta":{"_monsterinsights_skip_tracking":false,"_monsterinsights_sitenote_active":false,"_monsterinsights_sitenote_note":"","_monsterinsights_sitenote_category":0,"_uf_show_specific_survey":0,"_uf_disable_surveys":false},"product_brand":[],"product_cat":[198,200,199,203,201],"product_tag":[196,77,195,194,197],"class_list":{"0":"post-1038","1":"product","2":"type-product","3":"status-publish","4":"has-post-thumbnail","6":"product_cat-regina-langyarns2","7":"product_cat-regina3","8":"product_cat-regina2","9":"product_cat-regina5","10":"product_cat-regina4","11":"product_tag-baby-alpakka","12":"product_tag-lang-yarns","13":"product_tag-puuvilla","14":"product_tag-regina","15":"product_tag-silkki","17":"first","18":"outofstock","19":"taxable","20":"shipping-taxable","21":"purchasable","22":"product-type-simple"},"_links":{"self":[{"href":"https:\/\/lankakauppaihana.fi\/index.php\/wp-json\/wp\/v2\/product\/1038","targetHints":{"allow":["GET"]}}],"collection":[{"href":"https:\/\/lankakauppaihana.fi\/index.php\/wp-json\/wp\/v2\/product"}],"about":[{"href":"https:\/\/lankakauppaihana.fi\/index.php\/wp-json\/wp\/v2\/types\/product"}],"wp:featuredmedia":[{"embeddable":true,"href":"https:\/\/lankakauppaihana.fi\/index.php\/wp-json\/wp\/v2\/media\/630"}],"wp:attachment":[{"href":"https:\/\/lankakauppaihana.fi\/index.php\/wp-json\/wp\/v2\/media?parent=1038"}],"wp:term":[{"taxonomy":"product_brand","embeddable":true,"href":"https:\/\/lankakauppaihana.fi\/index.php\/wp-json\/wp\/v2\/product_brand?post=1038"},{"taxonomy":"product_cat","embeddable":true,"href":"https:\/\/lankakauppaihana.fi\/index.php\/wp-json\/wp\/v2\/product_cat?post=1038"},{"taxonomy":"product_tag","embeddable":true,"href":"https:\/\/lankakauppaihana.fi\/index.php\/wp-json\/wp\/v2\/product_tag?post=1038"}],"curies":[{"name":"wp","href":"https:\/\/api.w.org\/{rel}","templated":true}]}}