{"id":1069,"date":"2024-07-25T19:02:09","date_gmt":"2024-07-25T16:02:09","guid":{"rendered":"https:\/\/lankakauppaihana.fi\/?post_type=product&#038;p=1069"},"modified":"2026-03-18T12:50:35","modified_gmt":"2026-03-18T10:50:35","slug":"chiaogoo-red-lace-pyoropuikot-100cm","status":"publish","type":"product","link":"https:\/\/lankakauppaihana.fi\/index.php\/product\/chiaogoo-red-lace-pyoropuikot-100cm\/","title":{"rendered":"ChiaoGoo Red Lace py\u00f6r\u00f6puikot 100cm"},"content":{"rendered":"","protected":false},"excerpt":{"rendered":"<p><strong>koot 2-9<\/strong> * * * <strong>pituus 100cm<br \/>\n<\/strong><br \/>\nChiaoGoon Red Lace -py\u00f6r\u00f6puikkoja ei suotta kutsuta neulemaailman Ferrareiksi! \ud83d\ude42 Punaisen v\u00e4rins\u00e4 lis\u00e4ksi n\u00e4m\u00e4 voittavat ergonomisuudellaan kilpakumppaninsa, jonka ansiosta neulominen ei ole koskaan ollut n\u00e4in vaivatonta!<\/p>\n<p>ChiaoGoon Red Lace -puikkojen k\u00e4rjet ovat ruostumatonta kirurginter\u00e4st\u00e4 ja kaapeli puolestaan nailon-pinnoitettua ohutta monis\u00e4ikeist\u00e4 ter\u00e4st\u00e4. Kaapeli on eritt\u00e4in taipuisa, jonka vuoksi kaapelin mitalla ei ole niin merkitt\u00e4v\u00e4sti v\u00e4li\u00e4 (eli vaikka kaapeli olisi &#8221;liian pitk\u00e4&#8221;, onnistut silti!). Kaapelin ja puikko-osan sauma on neuloessa huomaamaton. Puikkoihin on kaiverretty niiden millimetrikoko, jolloin sinun ei tarvitse arpoa puikkojen kokoa.<\/p>\n<p>N\u00e4m\u00e4 py\u00f6r\u00f6puikot ovat monien hyvien ominaisuuksiensa ansiosta eritt\u00e4in yhteysty\u00f6kykyiset, ja sen vuoksi monet neuleharrastajat vannovatkin n\u00e4iden nimeen! \ud83d\ude42<\/p>\n<p>Valmistettu Kiinassa.<\/p>\n","protected":false},"featured_media":2461,"template":"","meta":{"_monsterinsights_skip_tracking":false,"_monsterinsights_sitenote_active":false,"_monsterinsights_sitenote_note":"","_monsterinsights_sitenote_category":0,"_uf_show_specific_survey":0,"_uf_disable_surveys":false},"product_brand":[],"product_cat":[55,186],"product_tag":[187,189,188],"class_list":{"0":"post-1069","1":"product","2":"type-product","3":"status-publish","4":"has-post-thumbnail","6":"product_cat-redlace","7":"product_cat-redlace2","8":"product_tag-chiaogoo","9":"product_tag-pyoropuikot","10":"product_tag-red-lace","12":"first","13":"instock","14":"taxable","15":"shipping-taxable","16":"purchasable","17":"product-type-variable"},"_links":{"self":[{"href":"https:\/\/lankakauppaihana.fi\/index.php\/wp-json\/wp\/v2\/product\/1069","targetHints":{"allow":["GET"]}}],"collection":[{"href":"https:\/\/lankakauppaihana.fi\/index.php\/wp-json\/wp\/v2\/product"}],"about":[{"href":"https:\/\/lankakauppaihana.fi\/index.php\/wp-json\/wp\/v2\/types\/product"}],"wp:featuredmedia":[{"embeddable":true,"href":"https:\/\/lankakauppaihana.fi\/index.php\/wp-json\/wp\/v2\/media\/2461"}],"wp:attachment":[{"href":"https:\/\/lankakauppaihana.fi\/index.php\/wp-json\/wp\/v2\/media?parent=1069"}],"wp:term":[{"taxonomy":"product_brand","embeddable":true,"href":"https:\/\/lankakauppaihana.fi\/index.php\/wp-json\/wp\/v2\/product_brand?post=1069"},{"taxonomy":"product_cat","embeddable":true,"href":"https:\/\/lankakauppaihana.fi\/index.php\/wp-json\/wp\/v2\/product_cat?post=1069"},{"taxonomy":"product_tag","embeddable":true,"href":"https:\/\/lankakauppaihana.fi\/index.php\/wp-json\/wp\/v2\/product_tag?post=1069"}],"curies":[{"name":"wp","href":"https:\/\/api.w.org\/{rel}","templated":true}]}}