{"id":1153,"date":"2024-07-25T22:35:23","date_gmt":"2024-07-25T19:35:23","guid":{"rendered":"https:\/\/lankakauppaihana.fi\/?post_type=product&#038;p=1153"},"modified":"2025-02-27T16:41:31","modified_gmt":"2025-02-27T14:41:31","slug":"sonett-villan-ja-silkinpesuaine-120ml","status":"publish","type":"product","link":"https:\/\/lankakauppaihana.fi\/index.php\/product\/sonett-villan-ja-silkinpesuaine-120ml\/","title":{"rendered":"Sonett villan- ja silkinpesuaine 120ml"},"content":{"rendered":"","protected":false},"excerpt":{"rendered":"<p><strong>Ekologinen ja hell\u00e4varainen<\/strong> * * * <strong>oliivi\u00f6ljypohjainen <\/strong>*** <strong>120ml<br \/>\n<\/strong><br \/>\nIhoyst\u00e4v\u00e4llinen k\u00e4si- ja hienopesuun kehitetty vaativien ja herkkien kuitujen pesuaine villalle ja silkille. Hell\u00e4varaisen pesuaineen sis\u00e4lt\u00e4m\u00e4 arvokas oliivi\u00f6ljy on paras saippuapohja herkkien kuitujen pesuun sill\u00e4 se ei poista kaikkea villan sis\u00e4lt\u00e4m\u00e4\u00e4 rasvaa. Mieto laventelin tuoksu luomulaatuisesta eteerisest\u00e4 \u00f6ljyst\u00e4 &lt;3<\/p>\n<p>Soveltuu korkeintaan 40\u00b0C pesul\u00e4mp\u00f6tiloihin.<\/p>\n<p>Ainesosat: 15\u201330% oliivi\u00f6ljysaippua*;5\u201315% ionittomat tensidit (sokeritensidi); 1\u20135% rapsi\u00f6ljysaippua* \/auringonkukka\u00f6ljysaippua*; 1\u20135% kasvialkoholi (etanoli); &lt;1% sitraatti, aito, haihtuva laventeli\u00f6ljy* (sis\u00e4lt\u00e4\u00e4 linaloolia*), palsami*; el\u00e4v\u00f6itetty vesi ad 100%<br \/>\n*tarkkailtua luomutuotantoa\/luonnonvarainen<\/p>\n","protected":false},"featured_media":2660,"template":"","meta":{"_monsterinsights_skip_tracking":false,"_monsterinsights_sitenote_active":false,"_monsterinsights_sitenote_note":"","_monsterinsights_sitenote_category":0,"_uf_show_specific_survey":0,"_uf_disable_surveys":false},"product_brand":[],"product_cat":[190,191],"product_tag":[],"class_list":{"0":"post-1153","1":"product","2":"type-product","3":"status-publish","4":"has-post-thumbnail","6":"product_cat-sonett","7":"product_cat-sonett2","9":"first","10":"instock","11":"taxable","12":"shipping-taxable","13":"purchasable","14":"product-type-simple"},"_links":{"self":[{"href":"https:\/\/lankakauppaihana.fi\/index.php\/wp-json\/wp\/v2\/product\/1153","targetHints":{"allow":["GET"]}}],"collection":[{"href":"https:\/\/lankakauppaihana.fi\/index.php\/wp-json\/wp\/v2\/product"}],"about":[{"href":"https:\/\/lankakauppaihana.fi\/index.php\/wp-json\/wp\/v2\/types\/product"}],"wp:featuredmedia":[{"embeddable":true,"href":"https:\/\/lankakauppaihana.fi\/index.php\/wp-json\/wp\/v2\/media\/2660"}],"wp:attachment":[{"href":"https:\/\/lankakauppaihana.fi\/index.php\/wp-json\/wp\/v2\/media?parent=1153"}],"wp:term":[{"taxonomy":"product_brand","embeddable":true,"href":"https:\/\/lankakauppaihana.fi\/index.php\/wp-json\/wp\/v2\/product_brand?post=1153"},{"taxonomy":"product_cat","embeddable":true,"href":"https:\/\/lankakauppaihana.fi\/index.php\/wp-json\/wp\/v2\/product_cat?post=1153"},{"taxonomy":"product_tag","embeddable":true,"href":"https:\/\/lankakauppaihana.fi\/index.php\/wp-json\/wp\/v2\/product_tag?post=1153"}],"curies":[{"name":"wp","href":"https:\/\/api.w.org\/{rel}","templated":true}]}}