{"id":1154,"date":"2024-07-25T22:36:21","date_gmt":"2024-07-25T19:36:21","guid":{"rendered":"https:\/\/lankakauppaihana.fi\/?post_type=product&#038;p=1154"},"modified":"2025-02-27T16:41:05","modified_gmt":"2025-02-27T14:41:05","slug":"sonett-villanhoitoaine-120ml","status":"publish","type":"product","link":"https:\/\/lankakauppaihana.fi\/index.php\/product\/sonett-villanhoitoaine-120ml\/","title":{"rendered":"Sonett villanhoitoaine 120ml"},"content":{"rendered":"","protected":false},"excerpt":{"rendered":"<p><strong>Ekologinen ja elvytt\u00e4v\u00e4<\/strong> * * * <strong>sis\u00e4lt\u00e4\u00e4 lanoliinia <\/strong>*** <strong>120ml<br \/>\n<\/strong><\/p>\n<p>Villanhoitoaine pident\u00e4\u00e4 villavaatteiden k\u00e4ytt\u00f6ik\u00e4\u00e4 palauttamalla villarasvan pestyihin tekstiileihin, jolloin niist\u00e4 tulee j\u00e4lleen pehmeit\u00e4 ja l\u00e4mm\u00f6npit\u00e4vi\u00e4 ja vett\u00e4 hylkivi\u00e4.<\/p>\n<p>Sopii erinomaisesti my\u00f6s vanuttuneiden villavaatteiden hoitoon. S\u00e4\u00e4nn\u00f6llinen villanhoitokylpy elvytt\u00e4\u00e4 villatekstiilej\u00e4 \ud83d\ude42<\/p>\n<p>Annostele n. 1rkl villanhoitoainetta 1dl kuumaa vett\u00e4; sekoita. Kaada seos pesukoneen huuhteluainelokeroon tai k\u00e4sinpestett\u00e4 huuhteluveteen \ud83d\ude42<\/p>\n<p>Valmistettu Saksassa.<\/p>\n<p>Ainesosat: 15\u201330% aito villarasva (lanoliini) palauttaa villarasvan k\u00e4yt\u00f6ss\u00e4 kuluneeseen villaan; 15\u201330% oliivi\u00f6ljysaippua*; 5\u201315% ionittomattensidit (sokeritensidi) ja 1\u20135% setyylialkoholi hajoittavat villarasvan hienojakoiseksi, imeytymiskykyiseksi emulsioksi; &lt;1% kasviper\u00e4inen sidosaine;&lt;1% aito, haihtuva laventeli\u00f6ljy* (sis\u00e4lt\u00e4\u00e4 linaloolia*); &lt;1% sitraatti, palsami*; vesi ad 100%<\/p>\n","protected":false},"featured_media":2659,"template":"","meta":{"_monsterinsights_skip_tracking":false,"_monsterinsights_sitenote_active":false,"_monsterinsights_sitenote_note":"","_monsterinsights_sitenote_category":0,"_uf_show_specific_survey":0,"_uf_disable_surveys":false},"product_brand":[],"product_cat":[190,191],"product_tag":[],"class_list":{"0":"post-1154","1":"product","2":"type-product","3":"status-publish","4":"has-post-thumbnail","6":"product_cat-sonett","7":"product_cat-sonett2","9":"first","10":"instock","11":"taxable","12":"shipping-taxable","13":"purchasable","14":"product-type-simple"},"_links":{"self":[{"href":"https:\/\/lankakauppaihana.fi\/index.php\/wp-json\/wp\/v2\/product\/1154","targetHints":{"allow":["GET"]}}],"collection":[{"href":"https:\/\/lankakauppaihana.fi\/index.php\/wp-json\/wp\/v2\/product"}],"about":[{"href":"https:\/\/lankakauppaihana.fi\/index.php\/wp-json\/wp\/v2\/types\/product"}],"wp:featuredmedia":[{"embeddable":true,"href":"https:\/\/lankakauppaihana.fi\/index.php\/wp-json\/wp\/v2\/media\/2659"}],"wp:attachment":[{"href":"https:\/\/lankakauppaihana.fi\/index.php\/wp-json\/wp\/v2\/media?parent=1154"}],"wp:term":[{"taxonomy":"product_brand","embeddable":true,"href":"https:\/\/lankakauppaihana.fi\/index.php\/wp-json\/wp\/v2\/product_brand?post=1154"},{"taxonomy":"product_cat","embeddable":true,"href":"https:\/\/lankakauppaihana.fi\/index.php\/wp-json\/wp\/v2\/product_cat?post=1154"},{"taxonomy":"product_tag","embeddable":true,"href":"https:\/\/lankakauppaihana.fi\/index.php\/wp-json\/wp\/v2\/product_tag?post=1154"}],"curies":[{"name":"wp","href":"https:\/\/api.w.org\/{rel}","templated":true}]}}