{"id":1241,"date":"2024-06-25T20:09:59","date_gmt":"2024-06-25T17:09:59","guid":{"rendered":"https:\/\/lankakauppaihana.fi\/?post_type=product&#038;p=1241"},"modified":"2025-01-03T15:55:52","modified_gmt":"2025-01-03T13:55:52","slug":"fluffy-banana-010-some-cold-nights","status":"publish","type":"product","link":"https:\/\/lankakauppaihana.fi\/index.php\/product\/fluffy-banana-010-some-cold-nights\/","title":{"rendered":"Fluffy Banana 010 Some Cold Nights"},"content":{"rendered":"","protected":false},"excerpt":{"rendered":"<div class=\"woocommerce-product-details__short-description\">\n<p><strong>100% suomalainen villa\u00a0<\/strong> * * * <strong>aran<\/strong> (180m\/100g)* * * <strong>puikot: 4-5<\/strong><\/p>\n<p>Arctic Bananan Fluffy Banana on pehmoinen hahtuvalanka &lt;3 Lanka on siis hahtuvanpehme\u00e4\u00e4, mutta kierteen vuoksi se on neuloessa kest\u00e4v\u00e4mp\u00e4\u00e4.<\/p>\n<p>Neulot Fluffy Bananaa puikoilla 4-5.<br \/>\nKirjoneuleeseen sopivat puikot 5-6.<br \/>\nSilkkimohairin kanssa voit neuloa lankoja yhdess\u00e4 jopa puikoilla 7.<\/p>\n<p>Ker\u00e4n koko on 100g ja siin\u00e4 on noin 180m lankaa (juoksevuus ~180m\/100g).<\/p>\n<p>Langan koostumus: 100% kotimainen villa<br \/>\nPesu: k\u00e4sinpesu (Eth\u00e4n k\u00e4yt\u00e4 huuhteluainetta!)<\/p>\n<p>Voit yhdist\u00e4\u00e4 Fluffy Bananaa <a href=\"https:\/\/lankakauppaihana.fi\/index.php\/product-category\/yleinen\/langat\/kotimaisetlangat\/vuonue\/onneli\/\">Vuonueen Onneli<\/a>in \ud83d\ude42<\/p>\n<p>Menekki (neule):<br \/>\nnaisten M-koko 500g \/\/ liivi 300-400g<\/p>\n<p>Kehr\u00e4tty Mikkeliss\u00e4.<\/p>\n<\/div>\n","protected":false},"featured_media":3224,"template":"","meta":{"_monsterinsights_skip_tracking":false,"_monsterinsights_sitenote_active":false,"_monsterinsights_sitenote_note":"","_monsterinsights_sitenote_category":0,"_uf_show_specific_survey":0,"_uf_disable_surveys":false},"product_brand":[],"product_cat":[30],"product_tag":[],"class_list":{"0":"post-1241","1":"product","2":"type-product","3":"status-publish","4":"has-post-thumbnail","6":"product_cat-fluffybanana","8":"first","9":"outofstock","10":"taxable","11":"shipping-taxable","12":"purchasable","13":"product-type-simple"},"_links":{"self":[{"href":"https:\/\/lankakauppaihana.fi\/index.php\/wp-json\/wp\/v2\/product\/1241","targetHints":{"allow":["GET"]}}],"collection":[{"href":"https:\/\/lankakauppaihana.fi\/index.php\/wp-json\/wp\/v2\/product"}],"about":[{"href":"https:\/\/lankakauppaihana.fi\/index.php\/wp-json\/wp\/v2\/types\/product"}],"wp:featuredmedia":[{"embeddable":true,"href":"https:\/\/lankakauppaihana.fi\/index.php\/wp-json\/wp\/v2\/media\/3224"}],"wp:attachment":[{"href":"https:\/\/lankakauppaihana.fi\/index.php\/wp-json\/wp\/v2\/media?parent=1241"}],"wp:term":[{"taxonomy":"product_brand","embeddable":true,"href":"https:\/\/lankakauppaihana.fi\/index.php\/wp-json\/wp\/v2\/product_brand?post=1241"},{"taxonomy":"product_cat","embeddable":true,"href":"https:\/\/lankakauppaihana.fi\/index.php\/wp-json\/wp\/v2\/product_cat?post=1241"},{"taxonomy":"product_tag","embeddable":true,"href":"https:\/\/lankakauppaihana.fi\/index.php\/wp-json\/wp\/v2\/product_tag?post=1241"}],"curies":[{"name":"wp","href":"https:\/\/api.w.org\/{rel}","templated":true}]}}