{"id":1242,"date":"2024-08-01T14:38:26","date_gmt":"2024-08-01T11:38:26","guid":{"rendered":"https:\/\/lankakauppaihana.fi\/?post_type=product&#038;p=1242"},"modified":"2024-09-04T16:35:14","modified_gmt":"2024-09-04T13:35:14","slug":"princely-banana-absolutely-fantastic","status":"publish","type":"product","link":"https:\/\/lankakauppaihana.fi\/index.php\/product\/princely-banana-absolutely-fantastic\/","title":{"rendered":"Princely Banana <br>074 Absolutely Fantastic"},"content":{"rendered":"","protected":false},"excerpt":{"rendered":"<div class=\"woocommerce-product-details__short-description\">\n<div class=\"woocommerce-product-details__short-description\">\n<p><strong>70% suomalainen kampavilla \/\/ 30% tencel\u00a0<\/strong> * * * <strong>sport<\/strong> (360-400m\/100g)* * * <strong>puikot: 2-3<\/strong><\/p>\n<p>Arctic Bananan Princely Banana on ylellisen silkkinen kampalanka neuleisiin ja asusteisiin! &lt;3<\/p>\n<p>Neulot Princely Bananaa puikoilla 2-3.<br \/>\nSilkkimohairin kanssa voit neuloa lankoja yhdess\u00e4 puikoilla 4\u00bd.<\/p>\n<p>Vyyhdin koko on 100g ja siin\u00e4 on noin 360-400m lankaa (juoksevuus ~360-400m\/100g).<\/p>\n<p>Langan koostumus: 70% kotimainen kampavilla \/\/ 30% tencel (selluloosakuitu)<br \/>\nPesu: k\u00e4sinpesu (Eth\u00e4n k\u00e4yt\u00e4 huuhteluainetta!)<\/p>\n<p>Voit yhdist\u00e4\u00e4 Princely Bananaa <a href=\"https:\/\/lankakauppaihana.fi\/index.php\/product-category\/yleinen\/langat\/kotimaisetlangat\/vuonue\/wilhelmikampalanka\/\">Vuonueen Wilhelmi-kampalankaan<\/a> (kyseess\u00e4 on sama lankapohja)\ud83d\ude42<\/p>\n<p>Menekki (neule):<br \/>\nnaisten M-koko 300g<\/p>\n<p>Kehr\u00e4tty Suomessa, k\u00e4sinv\u00e4rj\u00e4tty Rovaniemell\u00e4 \ud83d\ude42<\/p>\n<\/div>\n<\/div>\n","protected":false},"featured_media":2730,"template":"","meta":{"_monsterinsights_skip_tracking":false,"_monsterinsights_sitenote_active":false,"_monsterinsights_sitenote_note":"","_monsterinsights_sitenote_category":0,"_uf_show_specific_survey":0,"_uf_disable_surveys":false},"product_brand":[],"product_cat":[31,276,277,278,275],"product_tag":[280,226,279],"class_list":{"0":"post-1242","1":"product","2":"type-product","3":"status-publish","4":"has-post-thumbnail","6":"product_cat-princelybanana","7":"product_cat-princelybanana3","8":"product_cat-princelybanana4","9":"product_cat-princelybanana5","10":"product_cat-princelybanana2","11":"product_tag-artic-banana","12":"product_tag-kampavilla","13":"product_tag-princely-banana","15":"first","16":"outofstock","17":"taxable","18":"shipping-taxable","19":"purchasable","20":"product-type-simple"},"_links":{"self":[{"href":"https:\/\/lankakauppaihana.fi\/index.php\/wp-json\/wp\/v2\/product\/1242","targetHints":{"allow":["GET"]}}],"collection":[{"href":"https:\/\/lankakauppaihana.fi\/index.php\/wp-json\/wp\/v2\/product"}],"about":[{"href":"https:\/\/lankakauppaihana.fi\/index.php\/wp-json\/wp\/v2\/types\/product"}],"wp:featuredmedia":[{"embeddable":true,"href":"https:\/\/lankakauppaihana.fi\/index.php\/wp-json\/wp\/v2\/media\/2730"}],"wp:attachment":[{"href":"https:\/\/lankakauppaihana.fi\/index.php\/wp-json\/wp\/v2\/media?parent=1242"}],"wp:term":[{"taxonomy":"product_brand","embeddable":true,"href":"https:\/\/lankakauppaihana.fi\/index.php\/wp-json\/wp\/v2\/product_brand?post=1242"},{"taxonomy":"product_cat","embeddable":true,"href":"https:\/\/lankakauppaihana.fi\/index.php\/wp-json\/wp\/v2\/product_cat?post=1242"},{"taxonomy":"product_tag","embeddable":true,"href":"https:\/\/lankakauppaihana.fi\/index.php\/wp-json\/wp\/v2\/product_tag?post=1242"}],"curies":[{"name":"wp","href":"https:\/\/api.w.org\/{rel}","templated":true}]}}