{"id":1249,"date":"2024-06-25T21:55:25","date_gmt":"2024-06-25T18:55:25","guid":{"rendered":"https:\/\/lankakauppaihana.fi\/?post_type=product&#038;p=1249"},"modified":"2024-06-25T22:04:21","modified_gmt":"2024-06-25T19:04:21","slug":"sunshine-0049-sunflower","status":"publish","type":"product","link":"https:\/\/lankakauppaihana.fi\/index.php\/product\/sunshine-0049-sunflower\/","title":{"rendered":"Sunshine 0049 sunflower"},"content":{"rendered":"","protected":false},"excerpt":{"rendered":"<div class=\"woocommerce-product-details__short-description\">\n<p><strong>100% luomupuuvilla\u00a0<\/strong> * * * <strong>aran<\/strong> (190m\/100g)* * * <strong>puikot: 4\u00bd-5<\/strong><\/p>\n<p>WoolAddictsin Sunshine on ketjuksi kehr\u00e4tty\u00e4 mersenoitua* luomupuuvillaa. Sunshine-langassa on upea kiilto ja sen v\u00e4rit todella hehkuvat kilpaa auringon kanssa!\u00a0 T\u00e4m\u00e4 lanka sopii erityisen hyvin virkkaukseen sek\u00e4 kaikenlaisiin kes\u00e4isiin projekteihin \ud83d\ude42<\/p>\n<p>Sunshine on aran-vahvuinen puuvillalanka, jota neulot puikoilla 4\u00bd-5.<br \/>\nKer\u00e4n koko on 50g ja siin\u00e4 on noin 95m lankaa (juoksevuus ~190m\/100g).<\/p>\n<p>Langan koostumus: 100% luomupuuvilla<br \/>\nPesu: hell\u00e4varainen 30C\u00b0 hienopesu (Eth\u00e4n k\u00e4yt\u00e4 huuhteluainetta!)<br \/>\nNeuletiheys: 18\u00d724<\/p>\n<p>Menekki (neule):<br \/>\nnaisten M-koko 450g<br \/>\nmiesten M-koko 600g<br \/>\n10-vuotias 300g<\/p>\n<p><em>*Mersenoitu puuvilla on k\u00e4sitelty lipe\u00e4liuoksella siten, ett\u00e4 se saa silkkisen kiillon ja lujittuu. Mersenoinnilla saadaan parannettua puuvillan pesunkest\u00e4vyytt\u00e4 ja v\u00e4rj\u00e4ytyvyytt\u00e4 \ud83d\ude42<\/em><\/p>\n<\/div>\n","protected":false},"featured_media":610,"template":"","meta":{"_monsterinsights_skip_tracking":false,"_monsterinsights_sitenote_active":false,"_monsterinsights_sitenote_note":"","_monsterinsights_sitenote_category":0,"_uf_show_specific_survey":0,"_uf_disable_surveys":false},"product_brand":[],"product_cat":[67,210,207,208],"product_tag":[204,205,195,114],"class_list":{"0":"post-1249","1":"product","2":"type-product","3":"status-publish","4":"has-post-thumbnail","6":"product_cat-sunshine","7":"product_cat-sunshine4","8":"product_cat-sunshine-luomupuuvilla","9":"product_cat-sunshine2","10":"product_tag-luomupuuvilla","11":"product_tag-mersenoitu","12":"product_tag-puuvilla","13":"product_tag-wooladdicts","15":"first","16":"instock","17":"taxable","18":"shipping-taxable","19":"purchasable","20":"product-type-simple"},"_links":{"self":[{"href":"https:\/\/lankakauppaihana.fi\/index.php\/wp-json\/wp\/v2\/product\/1249","targetHints":{"allow":["GET"]}}],"collection":[{"href":"https:\/\/lankakauppaihana.fi\/index.php\/wp-json\/wp\/v2\/product"}],"about":[{"href":"https:\/\/lankakauppaihana.fi\/index.php\/wp-json\/wp\/v2\/types\/product"}],"wp:featuredmedia":[{"embeddable":true,"href":"https:\/\/lankakauppaihana.fi\/index.php\/wp-json\/wp\/v2\/media\/610"}],"wp:attachment":[{"href":"https:\/\/lankakauppaihana.fi\/index.php\/wp-json\/wp\/v2\/media?parent=1249"}],"wp:term":[{"taxonomy":"product_brand","embeddable":true,"href":"https:\/\/lankakauppaihana.fi\/index.php\/wp-json\/wp\/v2\/product_brand?post=1249"},{"taxonomy":"product_cat","embeddable":true,"href":"https:\/\/lankakauppaihana.fi\/index.php\/wp-json\/wp\/v2\/product_cat?post=1249"},{"taxonomy":"product_tag","embeddable":true,"href":"https:\/\/lankakauppaihana.fi\/index.php\/wp-json\/wp\/v2\/product_tag?post=1249"}],"curies":[{"name":"wp","href":"https:\/\/api.w.org\/{rel}","templated":true}]}}