{"id":1264,"date":"2026-04-10T08:10:05","date_gmt":"2026-04-10T05:10:05","guid":{"rendered":"https:\/\/lankakauppaihana.fi\/?post_type=product&#038;p=1264"},"modified":"2026-04-10T14:10:40","modified_gmt":"2026-04-10T11:10:40","slug":"pride-0039-wood","status":"publish","type":"product","link":"https:\/\/lankakauppaihana.fi\/index.php\/product\/pride-0039-wood\/","title":{"rendered":"Pride 0039 wood"},"content":{"rendered":"","protected":false},"excerpt":{"rendered":"<div class=\"woocommerce-product-details__short-description\">\n<div class=\"woocommerce-product-details__short-description\">\n<p><strong>40% pellava \/\/ 32% puuvilla \/\/ 28% viskoosi\u00a0<\/strong> * * * <strong>dk \/ worsted<\/strong> (280m\/100g)* * * <strong>puikot: 3\u00bd-4<\/strong><\/p>\n<p>WoolAddicts Pride on kevyen kes\u00e4inen neulelanka. Pridessa on jopa 40% pellavaa, mutta lanka on silti ihanan pehme\u00e4\u00e4! \ud83d\ude42<br \/>\nPriden pinnasta tulee mielenkiintoinen siin\u00e4 olevien nyppyjen ja langan paksuusvaihtelun vuoksi, vaikka neuloisit pelkk\u00e4\u00e4 sile\u00e4\u00e4 neuletta.<br \/>\nPride sopii parhaiten rentoihin kes\u00e4neuleisiin!<\/p>\n<p>Pride on dk-vahvuinen lanka, jota neulot puikoilla 3\u00bd-4.<br \/>\nKer\u00e4n koko on 100g ja siin\u00e4 on noin 280m lankaa (juoksevuus ~280m\/100g).<\/p>\n<p>Langan koostumus: 40% pellava \/\/ 32% puuvilla \/\/ 28% viskoosi<br \/>\nPesu: hell\u00e4varainen 30C\u00b0 hienopesu (Eth\u00e4n k\u00e4yt\u00e4 huuhteluainetta!)<br \/>\nNeuletiheys: 20\u00d730<\/p>\n<p>Menekki (neule):<br \/>\nnaisten M-koko 400g<br \/>\nmiesten M-koko 500g<br \/>\n10-vuotias 300g<\/p>\n<p>Kehr\u00e4tty Italiassa.<\/p>\n<p><em>Huom!<\/em> Voit yhdist\u00e4\u00e4 Priden <a href=\"https:\/\/lankakauppaihana.fi\/index.php\/product-category\/yleinen\/langat\/materiaalit\/pellava\/linello2\/\">Lang Yarnsin Linello<\/a> -lankaan, koska kyseess\u00e4 on tismalleen sama lankapohja. Ainoa ero n\u00e4ill\u00e4 langoilla on se, ett\u00e4 Pride on yksiv\u00e4rinen, kun taas Linello liukuv\u00e4rj\u00e4tty \ud83d\ude42<\/p>\n<\/div>\n<\/div>\n","protected":false},"featured_media":648,"template":"","meta":{"_monsterinsights_skip_tracking":false,"_monsterinsights_sitenote_active":false,"_monsterinsights_sitenote_note":"","_monsterinsights_sitenote_category":0,"_uf_show_specific_survey":0,"_uf_disable_surveys":false},"product_brand":[],"product_cat":[66,212,213,214,215],"product_tag":[117,211,195,114],"class_list":{"0":"post-1264","1":"product","2":"type-product","3":"status-publish","4":"has-post-thumbnail","6":"product_cat-pride","7":"product_cat-pride-pellava","8":"product_cat-pride2","9":"product_cat-pride3","10":"product_cat-pride4","11":"product_tag-pellava","12":"product_tag-pride","13":"product_tag-puuvilla","14":"product_tag-wooladdicts","16":"first","17":"instock","18":"taxable","19":"shipping-taxable","20":"purchasable","21":"product-type-simple"},"_links":{"self":[{"href":"https:\/\/lankakauppaihana.fi\/index.php\/wp-json\/wp\/v2\/product\/1264","targetHints":{"allow":["GET"]}}],"collection":[{"href":"https:\/\/lankakauppaihana.fi\/index.php\/wp-json\/wp\/v2\/product"}],"about":[{"href":"https:\/\/lankakauppaihana.fi\/index.php\/wp-json\/wp\/v2\/types\/product"}],"wp:featuredmedia":[{"embeddable":true,"href":"https:\/\/lankakauppaihana.fi\/index.php\/wp-json\/wp\/v2\/media\/648"}],"wp:attachment":[{"href":"https:\/\/lankakauppaihana.fi\/index.php\/wp-json\/wp\/v2\/media?parent=1264"}],"wp:term":[{"taxonomy":"product_brand","embeddable":true,"href":"https:\/\/lankakauppaihana.fi\/index.php\/wp-json\/wp\/v2\/product_brand?post=1264"},{"taxonomy":"product_cat","embeddable":true,"href":"https:\/\/lankakauppaihana.fi\/index.php\/wp-json\/wp\/v2\/product_cat?post=1264"},{"taxonomy":"product_tag","embeddable":true,"href":"https:\/\/lankakauppaihana.fi\/index.php\/wp-json\/wp\/v2\/product_tag?post=1264"}],"curies":[{"name":"wp","href":"https:\/\/api.w.org\/{rel}","templated":true}]}}