{"id":135,"date":"2024-05-13T12:03:28","date_gmt":"2024-05-13T12:03:28","guid":{"rendered":"https:\/\/lankakauppaihana.fi\/?post_type=product&#038;p=135"},"modified":"2024-05-13T12:03:28","modified_gmt":"2024-05-13T12:03:28","slug":"jarbo-svensk-ull-3-tr","status":"publish","type":"product","link":"https:\/\/lankakauppaihana.fi\/index.php\/product\/jarbo-svensk-ull-3-tr\/","title":{"rendered":"J\u00c4RBO Svensk Ull 3-tr"},"content":{"rendered":"<p><span style=\"font-family: book antiqua, palatino;\">J\u00e4rbon Svensk Ull 3-tr on nimens\u00e4 mukaisesti 100% ruotsalaista villaa. Se on tasalaatuista ja muistuttaa hyvin paljon perinteist\u00e4 suomalaista villaa \ud83d\ude42 Svensk Ull 3-tr on juoksevuudeltaan 180m\/100g eli voit hyvin k\u00e4ytt\u00e4\u00e4 sit\u00e4 koon 4\u00bd puikoille kirjoitetuissa ohjeissa (kuten islantilaiset villapaidat) sek\u00e4 yhdistell\u00e4 sit\u00e4 islantilaisen langan, kuten Lettlopin, kanssa. <\/span><\/p>\n","protected":false},"excerpt":{"rendered":"<p><br data-mce-bogus=\"1\"><\/p>\n","protected":false},"featured_media":0,"template":"","meta":{"_monsterinsights_skip_tracking":false,"_monsterinsights_sitenote_active":false,"_monsterinsights_sitenote_note":"","_monsterinsights_sitenote_category":0,"_uf_show_specific_survey":0,"_uf_disable_surveys":false},"product_brand":[],"product_cat":[20],"product_tag":[],"class_list":{"0":"post-135","1":"product","2":"type-product","3":"status-publish","5":"product_cat-langat","7":"first","8":"instock","9":"taxable","10":"shipping-taxable","11":"product-type-simple"},"_links":{"self":[{"href":"https:\/\/lankakauppaihana.fi\/index.php\/wp-json\/wp\/v2\/product\/135","targetHints":{"allow":["GET"]}}],"collection":[{"href":"https:\/\/lankakauppaihana.fi\/index.php\/wp-json\/wp\/v2\/product"}],"about":[{"href":"https:\/\/lankakauppaihana.fi\/index.php\/wp-json\/wp\/v2\/types\/product"}],"wp:attachment":[{"href":"https:\/\/lankakauppaihana.fi\/index.php\/wp-json\/wp\/v2\/media?parent=135"}],"wp:term":[{"taxonomy":"product_brand","embeddable":true,"href":"https:\/\/lankakauppaihana.fi\/index.php\/wp-json\/wp\/v2\/product_brand?post=135"},{"taxonomy":"product_cat","embeddable":true,"href":"https:\/\/lankakauppaihana.fi\/index.php\/wp-json\/wp\/v2\/product_cat?post=135"},{"taxonomy":"product_tag","embeddable":true,"href":"https:\/\/lankakauppaihana.fi\/index.php\/wp-json\/wp\/v2\/product_tag?post=135"}],"curies":[{"name":"wp","href":"https:\/\/api.w.org\/{rel}","templated":true}]}}