{"id":1466,"date":"2025-12-12T12:34:20","date_gmt":"2025-12-12T10:34:20","guid":{"rendered":"https:\/\/lankakauppaihana.fi\/?post_type=product&#038;p=1466"},"modified":"2025-12-12T14:15:27","modified_gmt":"2025-12-12T12:15:27","slug":"wilhelmi-kampalanka-vaaleanharmaa","status":"publish","type":"product","link":"https:\/\/lankakauppaihana.fi\/index.php\/product\/wilhelmi-kampalanka-vaaleanharmaa\/","title":{"rendered":"Wilhelmi-kampalanka, vaaleanharmaa"},"content":{"rendered":"","protected":false},"excerpt":{"rendered":"<p><strong>70% suomalainen kampavilla \/\/ 30% tencel\u00a0<\/strong> * * *<strong> sport\/fingering<\/strong> (400m\/100g) * * * <strong>puikot: 2-3<\/strong><\/p>\n<p>Kotimaisen Vuonueen Wilhelmi-kampalanka on ylellisen sile\u00e4, kuultava ja pehme\u00e4 neulelanka, joka laskeutuu hyvin. Neulot Wilhelmi-kampalangasta upeita kevyempi\u00e4 neuleita ja huiveja. Voit my\u00f6s yhdist\u00e4\u00e4 t\u00e4h\u00e4n lankaan silkkimohairin, jolloin saat hieman p\u00f6rr\u00f6isemp\u00e4\u00e4 ja ilmavampaa pintaa \ud83d\ude42<\/p>\n<p>Wilhelmi-kampalanka sis\u00e4lt\u00e4\u00e4 70% suomalaista kampavillaa ja 30% tenceli\u00e4 (eukalyptuksesta valmistettu selluloosakuitu).<\/p>\n<p>Langan juoksevuus on ~400m\/100g (k\u00e4ytt\u00e4jien arvio ~360m\/100g) ja neulot sit\u00e4 parhaiten puikoilla 2-3 (yksist\u00e4\u00e4n) tai 4-4,5 (silkkimohairin kanssa).<\/p>\n<p>Lanka on kehr\u00e4tty Suomessa.<br \/>\nHell\u00e4varainen k\u00e4sinpesu.<br \/>\n<strong>Langan s\u00e4vy on lampaan luonnonv\u00e4ri, eli lankaa ei ole v\u00e4rj\u00e4tty.<\/strong><\/p>\n<p>Yhdist\u00e4ess\u00e4si langan silkkimohairiin, esimerkiksi Lang Yarnsin Mohair Luxea (175m\/25g) menee 2kpl 25g ker\u00e4\u00e4 suhteessa yhteen 100g vyyhtiin Wilhelmi-kampalankaa. T\u00e4st\u00e4 m\u00e4\u00e4r\u00e4st\u00e4 (2+1) saat reilusti riitt\u00e4m\u00e4\u00e4n tuplak\u00e4\u00e4nteiseen pipoon. Neuleissa m\u00e4\u00e4r\u00e4t ovat lyhythelmaiseen ~M-kokoon 8 ker\u00e4\u00e4 silkkimohairia ja 4 vyyhti\u00e4 Wilhelmi-kampalankaa.*<\/p>\n<p>Tuotekuvien muut langat:<br \/>\n&#8211; kuva2: <a href=\"https:\/\/lankakauppaihana.fi\/index.php\/product-category\/valmistajat\/isager\/ecosoftfine\/\">Eco Soft Fine<\/a>, <a href=\"https:\/\/lankakauppaihana.fi\/index.php\/product\/eco-soft-fine-vaaleanharmaa-e2s\/\">vaaleanharmaa (E2s)<\/a><br \/>\n&#8211; kuva3: <a href=\"https:\/\/lankakauppaihana.fi\/index.php\/product-category\/valmistajat\/isager\/ecosoftfine\/\">Eco Soft Fine<\/a>, <a href=\"https:\/\/lankakauppaihana.fi\/index.php\/product\/eco-soft-fine-vaaleanruskea-e6s\/\">vaaleanruskea (E6s)<\/a><br \/>\n&#8211; kuva4: <a href=\"https:\/\/lankakauppaihana.fi\/index.php\/product-category\/valmistajat\/isager\/ecosoftfine\/\">Eco Soft Fine<\/a>, <a href=\"https:\/\/lankakauppaihana.fi\/index.php\/product\/soft-fine-vaaleansininen-11\/\">vaaleansininen (11)<\/a><br \/>\n&#8211; kuva5: <a href=\"https:\/\/lankakauppaihana.fi\/index.php\/product-category\/valmistajat\/isager\/silkmohair\/\">Silk Mohair<\/a>, <a href=\"https:\/\/lankakauppaihana.fi\/index.php\/product\/silk-mohair-vaaleanharmaa-2s\/\">vaaleanharmaa (2s)<\/a><br \/>\n&#8211; kuvat 6&amp;7: <a href=\"https:\/\/lankakauppaihana.fi\/index.php\/product-category\/yleinen\/langat\/vahvuus\/lace-vahvuus\/kidcolor3\/\">Kid Color<\/a>, <a href=\"https:\/\/lankakauppaihana.fi\/index.php\/product\/kid-color-marjapuuro\/\">marjapuuro<\/a><\/p>\n","protected":false},"featured_media":1882,"template":"","meta":{"_monsterinsights_skip_tracking":false,"_monsterinsights_sitenote_active":false,"_monsterinsights_sitenote_note":"","_monsterinsights_sitenote_category":0,"_uf_show_specific_survey":0,"_uf_disable_surveys":false},"product_brand":[],"product_cat":[224,222,225,34],"product_tag":[226,50,227,228],"class_list":{"0":"post-1466","1":"product","2":"type-product","3":"status-publish","4":"has-post-thumbnail","6":"product_cat-wilhelmikampalanka3","7":"product_cat-wilhelmikampalanka2","8":"product_cat-wilhelmikampalanka4","9":"product_cat-wilhelmikampalanka","10":"product_tag-kampavilla","11":"product_tag-kotimainen","12":"product_tag-villa","13":"product_tag-vuonue","15":"first","16":"instock","17":"taxable","18":"shipping-taxable","19":"purchasable","20":"product-type-simple"},"_links":{"self":[{"href":"https:\/\/lankakauppaihana.fi\/index.php\/wp-json\/wp\/v2\/product\/1466","targetHints":{"allow":["GET"]}}],"collection":[{"href":"https:\/\/lankakauppaihana.fi\/index.php\/wp-json\/wp\/v2\/product"}],"about":[{"href":"https:\/\/lankakauppaihana.fi\/index.php\/wp-json\/wp\/v2\/types\/product"}],"wp:featuredmedia":[{"embeddable":true,"href":"https:\/\/lankakauppaihana.fi\/index.php\/wp-json\/wp\/v2\/media\/1882"}],"wp:attachment":[{"href":"https:\/\/lankakauppaihana.fi\/index.php\/wp-json\/wp\/v2\/media?parent=1466"}],"wp:term":[{"taxonomy":"product_brand","embeddable":true,"href":"https:\/\/lankakauppaihana.fi\/index.php\/wp-json\/wp\/v2\/product_brand?post=1466"},{"taxonomy":"product_cat","embeddable":true,"href":"https:\/\/lankakauppaihana.fi\/index.php\/wp-json\/wp\/v2\/product_cat?post=1466"},{"taxonomy":"product_tag","embeddable":true,"href":"https:\/\/lankakauppaihana.fi\/index.php\/wp-json\/wp\/v2\/product_tag?post=1466"}],"curies":[{"name":"wp","href":"https:\/\/api.w.org\/{rel}","templated":true}]}}