{"id":1511,"date":"2024-07-08T00:02:55","date_gmt":"2024-07-07T21:02:55","guid":{"rendered":"https:\/\/lankakauppaihana.fi\/?post_type=product&#038;p=1511"},"modified":"2024-12-11T13:03:27","modified_gmt":"2024-12-11T11:03:27","slug":"alpaca-2-merensininen-16","status":"publish","type":"product","link":"https:\/\/lankakauppaihana.fi\/index.php\/product\/alpaca-2-merensininen-16\/","title":{"rendered":"Alpaca 2, merensininen (16)"},"content":{"rendered":"","protected":false},"excerpt":{"rendered":"<div class=\"woocommerce-product-details__short-description\">\n<p><strong>50% alpakka \/\/ 50% merinovilla <\/strong>* * *<strong> light fingering<\/strong> (500m\/100g) * * * <strong>puikot: 2\u00bd-3\u00bd<\/strong><\/p>\n<p>Isagerin Alpaca 2 on pehmoisista pehmoisin kaksis\u00e4ikeinen neulelanka, joka on puoliksi alpakkaa ja puoliksi merinovillaa. Se sopii erityisen hyvin perheen pienimpien neuleisiin ja asusteisiin &lt;3<\/p>\n<p>Alpaca 2 on ohut ja riittoisa lanka, ja 50g vyyhdiss\u00e4 on 250 metri\u00e4 lankaa.<\/p>\n<p>T\u00e4st\u00e4 langasta voit neuloa yksist\u00e4\u00e4nkin, mutta huomioithan, ett\u00e4 langan pehmeyden vuoksi pelk\u00e4st\u00e4 Alpaca 2:sta tehty neule voi k\u00e4yt\u00f6ss\u00e4 veny\u00e4 reilustikin. Siksi onkin suositeltavaa valita langan kanssa neulottavaksi toinen hieman vahvempi lanka; esimerkiksi <a href=\"https:\/\/lankakauppaihana.fi\/index.php\/product-category\/yleinen\/langat\/materiaalit\/villa\/peruvianhighland\/highland\/\">Isager Highland<\/a> (t\u00e4ll\u00f6in puikkosuositus 3\u00bd-5) tai <a href=\"https:\/\/lankakauppaihana.fi\/index.php\/product-category\/yleinen\/langat\/materiaalit\/villa\/suomalainenvilla\/wilhelmikampalanka\/\">Vuonueen Wilhelmi-kampalanka<\/a> (puikkosuositus 5-7).<\/p>\n<p>Alpaca 2 on kehr\u00e4tty Perussa.<br \/>\nT\u00e4m\u00e4n tuotteen s\u00e4vy on upean monivivahteinen, koska langan valmistusprosessissa kuidut on v\u00e4rj\u00e4tty ennen niiden kehr\u00e4yst\u00e4 langaksi \ud83d\ude42<strong><br \/>\n<\/strong><\/p>\n<p>Tuotekuvien muut langat:<br \/>\n&#8211; kuva 2 Isagerin silkkimohair nro 16 petrooli<br \/>\nKuvissa 3 ja 4 n\u00e4kyy muita Ihanan valikoimaan kuuluvia Alpaca 2 -s\u00e4vyj\u00e4.<\/p>\n<\/div>\n","protected":false},"featured_media":1483,"template":"","meta":{"_monsterinsights_skip_tracking":false,"_monsterinsights_sitenote_active":false,"_monsterinsights_sitenote_note":"","_monsterinsights_sitenote_category":0,"_uf_show_specific_survey":0,"_uf_disable_surveys":false},"product_brand":[],"product_cat":[239,240,241,242],"product_tag":[243,122,124,230,123],"class_list":{"0":"post-1511","1":"product","2":"type-product","3":"status-publish","4":"has-post-thumbnail","6":"product_cat-alpaca2","7":"product_cat-alpaca2_2","8":"product_cat-alpaca2_3","9":"product_cat-alpaca2_4","10":"product_tag-alpaca2","11":"product_tag-alpakka","12":"product_tag-alpakkamerino","13":"product_tag-isager","14":"product_tag-merino","16":"first","17":"instock","18":"taxable","19":"shipping-taxable","20":"purchasable","21":"product-type-simple"},"_links":{"self":[{"href":"https:\/\/lankakauppaihana.fi\/index.php\/wp-json\/wp\/v2\/product\/1511","targetHints":{"allow":["GET"]}}],"collection":[{"href":"https:\/\/lankakauppaihana.fi\/index.php\/wp-json\/wp\/v2\/product"}],"about":[{"href":"https:\/\/lankakauppaihana.fi\/index.php\/wp-json\/wp\/v2\/types\/product"}],"wp:featuredmedia":[{"embeddable":true,"href":"https:\/\/lankakauppaihana.fi\/index.php\/wp-json\/wp\/v2\/media\/1483"}],"wp:attachment":[{"href":"https:\/\/lankakauppaihana.fi\/index.php\/wp-json\/wp\/v2\/media?parent=1511"}],"wp:term":[{"taxonomy":"product_brand","embeddable":true,"href":"https:\/\/lankakauppaihana.fi\/index.php\/wp-json\/wp\/v2\/product_brand?post=1511"},{"taxonomy":"product_cat","embeddable":true,"href":"https:\/\/lankakauppaihana.fi\/index.php\/wp-json\/wp\/v2\/product_cat?post=1511"},{"taxonomy":"product_tag","embeddable":true,"href":"https:\/\/lankakauppaihana.fi\/index.php\/wp-json\/wp\/v2\/product_tag?post=1511"}],"curies":[{"name":"wp","href":"https:\/\/api.w.org\/{rel}","templated":true}]}}