{"id":1533,"date":"2024-07-08T01:42:18","date_gmt":"2024-07-07T22:42:18","guid":{"rendered":"https:\/\/lankakauppaihana.fi\/?post_type=product&#038;p=1533"},"modified":"2025-09-25T16:56:37","modified_gmt":"2025-09-25T13:56:37","slug":"kid-color-karnevaali","status":"publish","type":"product","link":"https:\/\/lankakauppaihana.fi\/index.php\/product\/kid-color-karnevaali\/","title":{"rendered":"Kid Color, karnevaali"},"content":{"rendered":"","protected":false},"excerpt":{"rendered":"<p><strong>70% mohair (superkid) \/\/ 30% silkki\u00a0 <\/strong>* * *<strong> lace<\/strong> (920m\/100g) * * * <strong>puikot: 2\u00bd-3\u00bd<\/strong><\/p>\n<p>Lang Yarnsin Kid Color on ihastuttavan monis\u00e4vyinen silkkimohair-lanka. Kid Color on valmistettu silkist\u00e4 sek\u00e4 pehmoisesta superkid-mohairista, joka on saatu angoravuohen kilin ensikerinn\u00e4st\u00e4.<\/p>\n<p>Kid Color on riittoisa lanka, ja 25g ker\u00e4ss\u00e4 on 230 metri\u00e4 lankaa. Kid Colorilla s\u00e4vyt\u00e4t upeasti yksis\u00e4vyisen pohjalangan, jolloin lankayhdistelm\u00e4ss\u00e4 vain mielikuvitus on rajana! \ud83d\ude42<\/p>\n<p>Puikkosuositus 2\u00bd-3\u00bd.<br \/>\nYhdist\u00e4ess\u00e4si Kid Colorin esimerkiksi sport\/fingering-vahvuiseen lankaan, kuten <a href=\"https:\/\/lankakauppaihana.fi\/index.php\/product-category\/yleinen\/langat\/kotimaisetlangat\/vuonue\/wilhelmikampalanka\/\">Vuonueen Wilhelmi-kampalankaan<\/a>, puikkosuositus on 4\u00bd.<\/p>\n<p>Kid Color on kehr\u00e4tty Italiassa \ud83d\ude42<br \/>\nHell\u00e4varainen k\u00e4sinpesu. (Eth\u00e4n k\u00e4yt\u00e4 huuhteluainetta!)<\/p>\n<p>Tuotekuvissa 4-7 on Meiju K-P:n ( @meijuknits ) suunnittelema Hento-paita, jossa lankana Vuonueen <a href=\"https:\/\/lankakauppaihana.fi\/index.php\/product\/wilhelmi-kampalanka-vaaleanharmaa\/\">vaaleanharmaa Wilhelmi-kampalanka<\/a> sek\u00e4 <a href=\"https:\/\/lankakauppaihana.fi\/index.php\/product\/kid-color-marjapuuro\/\">marjapuuron v\u00e4rinen Kid Color<\/a>. S-kokoiseen paitaan t\u00e4yspitkill\u00e4 hihoilla kuluu yhteens\u00e4 360g lankaa; 260g \/ 3 vyyhti\u00e4 Wilhelmi-kampalankaa ja 100g \/ 4 ker\u00e4\u00e4 Kid Color -silkkimohairia \ud83d\ude42<\/p>\n","protected":false},"featured_media":1426,"template":"","meta":{"_monsterinsights_skip_tracking":false,"_monsterinsights_sitenote_active":false,"_monsterinsights_sitenote_note":"","_monsterinsights_sitenote_category":0,"_uf_show_specific_survey":0,"_uf_disable_surveys":false},"product_brand":[],"product_cat":[249,250,251],"product_tag":[253,77,252],"class_list":{"0":"post-1533","1":"product","2":"type-product","3":"status-publish","4":"has-post-thumbnail","6":"product_cat-kidcolor","7":"product_cat-kidcolor2","8":"product_cat-kidcolor3","9":"product_tag-lace","10":"product_tag-lang-yarns","11":"product_tag-silkkimohair","13":"first","14":"outofstock","15":"taxable","16":"shipping-taxable","17":"purchasable","18":"product-type-simple"},"_links":{"self":[{"href":"https:\/\/lankakauppaihana.fi\/index.php\/wp-json\/wp\/v2\/product\/1533","targetHints":{"allow":["GET"]}}],"collection":[{"href":"https:\/\/lankakauppaihana.fi\/index.php\/wp-json\/wp\/v2\/product"}],"about":[{"href":"https:\/\/lankakauppaihana.fi\/index.php\/wp-json\/wp\/v2\/types\/product"}],"wp:featuredmedia":[{"embeddable":true,"href":"https:\/\/lankakauppaihana.fi\/index.php\/wp-json\/wp\/v2\/media\/1426"}],"wp:attachment":[{"href":"https:\/\/lankakauppaihana.fi\/index.php\/wp-json\/wp\/v2\/media?parent=1533"}],"wp:term":[{"taxonomy":"product_brand","embeddable":true,"href":"https:\/\/lankakauppaihana.fi\/index.php\/wp-json\/wp\/v2\/product_brand?post=1533"},{"taxonomy":"product_cat","embeddable":true,"href":"https:\/\/lankakauppaihana.fi\/index.php\/wp-json\/wp\/v2\/product_cat?post=1533"},{"taxonomy":"product_tag","embeddable":true,"href":"https:\/\/lankakauppaihana.fi\/index.php\/wp-json\/wp\/v2\/product_tag?post=1533"}],"curies":[{"name":"wp","href":"https:\/\/api.w.org\/{rel}","templated":true}]}}