{"id":1544,"date":"2024-07-08T20:35:17","date_gmt":"2024-07-08T17:35:17","guid":{"rendered":"https:\/\/lankakauppaihana.fi\/?post_type=product&#038;p=1544"},"modified":"2025-11-27T17:16:29","modified_gmt":"2025-11-27T15:16:29","slug":"fluffy-banana-102-vaaleanharmaa","status":"publish","type":"product","link":"https:\/\/lankakauppaihana.fi\/index.php\/product\/fluffy-banana-102-vaaleanharmaa\/","title":{"rendered":"Fluffy Banana, <br> 102 vaaleanharmaa"},"content":{"rendered":"","protected":false},"excerpt":{"rendered":"<div class=\"woocommerce-product-details__short-description\">\n<p><strong>100% suomalainen villa <\/strong>* * *<strong> aran<\/strong> (180m\/100g) * * * <strong>puikot: 4-6<\/strong><\/p>\n<p>Arctic Bananan Fluffy Banana on unelmanpehme\u00e4 kotimainen hahtuvalanka. Se on kehr\u00e4tty p\u00e4\u00e4asiassa suomenlampaan villasta. Hahtuvalangassa yhdistyv\u00e4t parhaat puolet hahtuvasta ja kierretyst\u00e4 perinteisest\u00e4 villalangasta, ja lopputuloksena on ilmava ja pehme\u00e4, mutta kest\u00e4v\u00e4 ja helposti ty\u00f6stett\u00e4v\u00e4 lanka. Hahtuvalanka ei siis katkea neuloessa kuten perinteinen kiert\u00e4m\u00e4t\u00f6n hahtuva \ud83d\ude42<\/p>\n<p>Fluffy Bananan 100g ker\u00e4ss\u00e4 on noin 180m lankaa.<br \/>\n-&gt; Neulot sit\u00e4 yksist\u00e4\u00e4n puikoilla 4-6 (kirjoneule 5-6).<br \/>\n-&gt; Yhdistettyn\u00e4 silkkimohairiin (esim. <a href=\"https:\/\/lankakauppaihana.fi\/index.php\/product-category\/valmistajat\/langyarns2\/mohairluxe2\">Mohair Luxe<\/a>) voit kasvattaa puikkokoon jopa niinkin isoksi kuin 7!<\/p>\n<p>Yksi 100g ker\u00e4 riitt\u00e4\u00e4 tuplataitoksiseen pipoon\/myssyyn. Fluffy Bananasta voit neuloa my\u00f6s islantilaisneuleiden ohjeilla, eli mallivalikoima on eritt\u00e4in laaja. Jos k\u00e4sialasi vaatii esim. puikkokokoa 5-5\u00bd, voit valita 4\u00bd-koon puikoille kirjoitetusta neuleohjeesta yht\u00e4 kokoa pienemm\u00e4n \ud83d\ude42<\/p>\n<p>Silkkimohairin yhdist\u00e4minen Fluffy Bananaan s\u00e4vytt\u00e4\u00e4 hahtuvalankaa upeasti, jolloin voit tummentaa, kirkastaa tai taittaa pohjalangan s\u00e4vy\u00e4 haluamaasi suuntaan.<\/p>\n<p>Fluffy Bananan s\u00e4vykarttaan kuuluvat sek\u00e4 luonnonv\u00e4rit (valkoinen, musta, beige, vaaleanharmaa, keskiharmaa ja tummanharmaa) ett\u00e4 k\u00e4sinv\u00e4rj\u00e4tyt noin 70 eri s\u00e4vy\u00e4 (saatavuus vaihtelee).<\/p>\n<p>Lanka on kehr\u00e4tty Suomessa. Lanka on luonnonv\u00e4rinen, eli sit\u00e4 ei ole v\u00e4rj\u00e4tty. \ud83d\ude42<br \/>\nHell\u00e4varainen k\u00e4sinpesu. (Eth\u00e4n k\u00e4yt\u00e4 huuhteluainetta!)<\/p>\n<\/div>\n","protected":false},"featured_media":4080,"template":"","meta":{"_monsterinsights_skip_tracking":false,"_monsterinsights_sitenote_active":false,"_monsterinsights_sitenote_note":"","_monsterinsights_sitenote_category":0,"_uf_show_specific_survey":0,"_uf_disable_surveys":false},"product_brand":[],"product_cat":[30,263,264],"product_tag":[129,266,267,265,50,268],"class_list":{"0":"post-1544","1":"product","2":"type-product","3":"status-publish","4":"has-post-thumbnail","6":"product_cat-fluffybanana","7":"product_cat-fluffy-banana","8":"product_cat-fluffybanana2","9":"product_tag-arctic-banana","10":"product_tag-fluffy-banana","11":"product_tag-hahtuva","12":"product_tag-hahtuvalanka","13":"product_tag-kotimainen","14":"product_tag-suomalainen-villa","16":"first","17":"instock","18":"taxable","19":"shipping-taxable","20":"purchasable","21":"product-type-simple"},"_links":{"self":[{"href":"https:\/\/lankakauppaihana.fi\/index.php\/wp-json\/wp\/v2\/product\/1544","targetHints":{"allow":["GET"]}}],"collection":[{"href":"https:\/\/lankakauppaihana.fi\/index.php\/wp-json\/wp\/v2\/product"}],"about":[{"href":"https:\/\/lankakauppaihana.fi\/index.php\/wp-json\/wp\/v2\/types\/product"}],"wp:featuredmedia":[{"embeddable":true,"href":"https:\/\/lankakauppaihana.fi\/index.php\/wp-json\/wp\/v2\/media\/4080"}],"wp:attachment":[{"href":"https:\/\/lankakauppaihana.fi\/index.php\/wp-json\/wp\/v2\/media?parent=1544"}],"wp:term":[{"taxonomy":"product_brand","embeddable":true,"href":"https:\/\/lankakauppaihana.fi\/index.php\/wp-json\/wp\/v2\/product_brand?post=1544"},{"taxonomy":"product_cat","embeddable":true,"href":"https:\/\/lankakauppaihana.fi\/index.php\/wp-json\/wp\/v2\/product_cat?post=1544"},{"taxonomy":"product_tag","embeddable":true,"href":"https:\/\/lankakauppaihana.fi\/index.php\/wp-json\/wp\/v2\/product_tag?post=1544"}],"curies":[{"name":"wp","href":"https:\/\/api.w.org\/{rel}","templated":true}]}}