{"id":1562,"date":"2024-08-07T14:52:11","date_gmt":"2024-08-07T11:52:11","guid":{"rendered":"https:\/\/lankakauppaihana.fi\/?post_type=product&#038;p=1562"},"modified":"2024-09-04T16:36:14","modified_gmt":"2024-09-04T13:36:14","slug":"lace-0098-metsanvihrea","status":"publish","type":"product","link":"https:\/\/lankakauppaihana.fi\/index.php\/product\/lace-0098-metsanvihrea\/","title":{"rendered":"Lace, <br> 0098 mets\u00e4nvihre\u00e4"},"content":{"rendered":"","protected":false},"excerpt":{"rendered":"<p><strong>58% mohair (superkid) \/\/ 42% silkki\u00a0 <\/strong>* * *<strong> lace<\/strong> (1240m\/100g) * * * <strong>puikot: 3-3\u00bd<\/strong><\/p>\n<p>Lang Yarnsin Lace on ohuenohut ja riittoisa silkkimohairlanka, jossa on jopa 42% silkki\u00e4. Lanka ei ole yht\u00e4 p\u00f6rr\u00f6inen kuin <a href=\"https:\/\/lankakauppaihana.fi\/index.php\/product-category\/tuotteet\/langat\/vahvuus\/lace-vahvuus\/mohairluxe4\/\">Mohair Luxe<\/a>. Lacen mohair on ensiluokkaisen pehme\u00e4\u00e4 superkid-mohairia, joka on saatu angoravuohen kilin ensikerinn\u00e4st\u00e4.<\/p>\n<p>Yhdess\u00e4 25g Lace-ker\u00e4ss\u00e4 on jopa 310 metri\u00e4 lankaa. Lacella s\u00e4vyt\u00e4t upeasti yksiv\u00e4risen pohjalangan, ja lankayhdistelm\u00e4n valinnassa vain mielikuvitus on rajana! \ud83d\ude42<\/p>\n<p>Puikkosuositus:<br \/>\n-&gt; yksist\u00e4\u00e4n 3-3\u00bd<br \/>\n-&gt; Lace + sport\/fingering-vahvuinen lanka 4-5\u00bd<\/p>\n<p>Lace sopii erinomaisesti neulottavaksi yhdess\u00e4<br \/>\n-&gt; <a href=\"https:\/\/lankakauppaihana.fi\/index.php\/product-category\/valmistajat\/arctic-banana\/princelybanana\/\">Princely Bananan<\/a> tai <a href=\"https:\/\/lankakauppaihana.fi\/index.php\/product-category\/yleinen\/langat\/kotimaisetlangat\/vuonue\/wilhelmikampalanka\/\">Wilhelmi-kampalangan<\/a> kanssa koon 4 puikoilla. Yht\u00e4 100g kampalanka-vyyhti\u00e4 kohden kuluu reilu 1 ker\u00e4 Lacea.<br \/>\n-&gt; <a href=\"https:\/\/lankakauppaihana.fi\/index.php\/product-category\/tuotteet\/langat\/vahvuus\/lace-vahvuus\/flyinbanana3\/\">Flyin&#8217; Bananan<\/a> kanssa koon 3-5 puikoilla<\/p>\n<p>Lanka on kehr\u00e4tty Italiassa \ud83d\ude42<br \/>\nHell\u00e4varainen k\u00e4sinpesu. (Eth\u00e4n k\u00e4yt\u00e4 huuhteluainetta!)<\/p>\n","protected":false},"featured_media":2749,"template":"","meta":{"_monsterinsights_skip_tracking":false,"_monsterinsights_sitenote_active":false,"_monsterinsights_sitenote_note":"","_monsterinsights_sitenote_category":0,"_uf_show_specific_survey":0,"_uf_disable_surveys":false},"product_brand":[],"product_cat":[287,288,289],"product_tag":[291,290,252],"class_list":{"0":"post-1562","1":"product","2":"type-product","3":"status-publish","4":"has-post-thumbnail","6":"product_cat-lace","7":"product_cat-lace-silkkimohair","8":"product_cat-lace-lace-vahvuus","9":"product_tag-langlace","10":"product_tag-langyarns","11":"product_tag-silkkimohair","13":"first","14":"instock","15":"taxable","16":"shipping-taxable","17":"purchasable","18":"product-type-simple"},"_links":{"self":[{"href":"https:\/\/lankakauppaihana.fi\/index.php\/wp-json\/wp\/v2\/product\/1562","targetHints":{"allow":["GET"]}}],"collection":[{"href":"https:\/\/lankakauppaihana.fi\/index.php\/wp-json\/wp\/v2\/product"}],"about":[{"href":"https:\/\/lankakauppaihana.fi\/index.php\/wp-json\/wp\/v2\/types\/product"}],"wp:featuredmedia":[{"embeddable":true,"href":"https:\/\/lankakauppaihana.fi\/index.php\/wp-json\/wp\/v2\/media\/2749"}],"wp:attachment":[{"href":"https:\/\/lankakauppaihana.fi\/index.php\/wp-json\/wp\/v2\/media?parent=1562"}],"wp:term":[{"taxonomy":"product_brand","embeddable":true,"href":"https:\/\/lankakauppaihana.fi\/index.php\/wp-json\/wp\/v2\/product_brand?post=1562"},{"taxonomy":"product_cat","embeddable":true,"href":"https:\/\/lankakauppaihana.fi\/index.php\/wp-json\/wp\/v2\/product_cat?post=1562"},{"taxonomy":"product_tag","embeddable":true,"href":"https:\/\/lankakauppaihana.fi\/index.php\/wp-json\/wp\/v2\/product_tag?post=1562"}],"curies":[{"name":"wp","href":"https:\/\/api.w.org\/{rel}","templated":true}]}}