{"id":1573,"date":"2025-01-17T12:00:25","date_gmt":"2025-01-17T10:00:25","guid":{"rendered":"https:\/\/lankakauppaihana.fi\/?post_type=product&#038;p=1573"},"modified":"2026-01-17T12:16:03","modified_gmt":"2026-01-17T10:16:03","slug":"mohair-luxe-0339-kultakupari","status":"publish","type":"product","link":"https:\/\/lankakauppaihana.fi\/index.php\/product\/mohair-luxe-0339-kultakupari\/","title":{"rendered":"Mohair Luxe, <br>0339 kultakupari"},"content":{"rendered":"","protected":false},"excerpt":{"rendered":"<p><strong>77% mohair (superkid) \/\/ 23% silkki\u00a0 <\/strong>* * *<strong> lace<\/strong> (700m\/100g) * * * <strong>puikot: 3-3\u00bd<\/strong><\/p>\n<p>Lang Yarnsin Mohair Luxe on laadukas silkkimohairlanka, josta ei irtoa juurikaan ylim\u00e4\u00e4r\u00e4ist\u00e4 karvaa neuloessa eik\u00e4 k\u00e4yt\u00f6ss\u00e4. Mohair Luxe on valmistettu silkist\u00e4 sek\u00e4 ensiluokkaisesta superkid-mohairista, joka on saatu angoravuohen kilin ensikerinn\u00e4st\u00e4.<\/p>\n<p>Mohair Luxen 25g ker\u00e4ss\u00e4 on 175 metri\u00e4 lankaa. Mohair Luxella s\u00e4vyt\u00e4t upeasti yksiv\u00e4risen pohjalangan, ja lankayhdistelm\u00e4n valinnassa vain mielikuvitus on rajana! \ud83d\ude42<\/p>\n<p>Puikkosuositus:<br \/>\n-&gt; yksist\u00e4\u00e4n 3-3\u00bd<br \/>\n-&gt; Mohair Luxe + sport\/fingering-vahvuinen lanka 4\u00bd-6<br \/>\n-&gt; Mohair Luxe + aran-vahvuinen lanka 7<\/p>\n<p>Mohair Luxe sopii erinomaisesti neulottavaksi yhdess\u00e4<br \/>\n-&gt; <a href=\"https:\/\/lankakauppaihana.fi\/index.php\/product-category\/valmistajat\/arctic-banana\/princelybanana\/\">Princely Bananan<\/a> tai <a href=\"https:\/\/lankakauppaihana.fi\/index.php\/product-category\/yleinen\/langat\/kotimaisetlangat\/vuonue\/wilhelmikampalanka\/\">Wilhelmi-kampalangan<\/a> kanssa koon 4\u00bd puikoilla. Yht\u00e4 100g kampalanka-vyyhti\u00e4 kohden kuluu 2 ker\u00e4\u00e4 Mohair Luxea.<br \/>\n-&gt; <a href=\"https:\/\/lankakauppaihana.fi\/index.php\/product-category\/valmistajat\/arctic-banana\/fluffybanana\/\">Fluffy Bananan<\/a> tai <a href=\"https:\/\/lankakauppaihana.fi\/index.php\/product-category\/yleinen\/langat\/kotimaisetlangat\/vuonue\/onneli\/\">Onneli-hahtuvalangan<\/a> kanssa koon 7 puikoilla. Yht\u00e4 100g ker\u00e4\u00e4\/vyyhti\u00e4 kohti kuluu 1 ker\u00e4 Mohair Luxea. 3+3 m\u00e4\u00e4r\u00e4st\u00e4 teet jo esimerkiksi ihanan pehmoisen villaliivin!<\/p>\n<p>Lanka on kehr\u00e4tty Italiassa \ud83d\ude42<br \/>\nHell\u00e4varainen k\u00e4sinpesu. (Eth\u00e4n k\u00e4yt\u00e4 huuhteluainetta!)<\/p>\n<p>Mohair Luxesta l\u00f6ytyy kaiken kaikkiaan noin 80 eri s\u00e4vy\u00e4.<\/p>\n","protected":false},"featured_media":954,"template":"","meta":{"_monsterinsights_skip_tracking":false,"_monsterinsights_sitenote_active":false,"_monsterinsights_sitenote_note":"","_monsterinsights_sitenote_category":0,"_uf_show_specific_survey":0,"_uf_disable_surveys":false},"product_brand":[],"product_cat":[259,260,261],"product_tag":[77,262,252],"class_list":{"0":"post-1573","1":"product","2":"type-product","3":"status-publish","4":"has-post-thumbnail","6":"product_cat-mohairluxe2","7":"product_cat-mohairluxe3","8":"product_cat-mohairluxe4","9":"product_tag-lang-yarns","10":"product_tag-mohair-luxe","11":"product_tag-silkkimohair","13":"first","14":"instock","15":"taxable","16":"shipping-taxable","17":"purchasable","18":"product-type-simple"},"_links":{"self":[{"href":"https:\/\/lankakauppaihana.fi\/index.php\/wp-json\/wp\/v2\/product\/1573","targetHints":{"allow":["GET"]}}],"collection":[{"href":"https:\/\/lankakauppaihana.fi\/index.php\/wp-json\/wp\/v2\/product"}],"about":[{"href":"https:\/\/lankakauppaihana.fi\/index.php\/wp-json\/wp\/v2\/types\/product"}],"wp:featuredmedia":[{"embeddable":true,"href":"https:\/\/lankakauppaihana.fi\/index.php\/wp-json\/wp\/v2\/media\/954"}],"wp:attachment":[{"href":"https:\/\/lankakauppaihana.fi\/index.php\/wp-json\/wp\/v2\/media?parent=1573"}],"wp:term":[{"taxonomy":"product_brand","embeddable":true,"href":"https:\/\/lankakauppaihana.fi\/index.php\/wp-json\/wp\/v2\/product_brand?post=1573"},{"taxonomy":"product_cat","embeddable":true,"href":"https:\/\/lankakauppaihana.fi\/index.php\/wp-json\/wp\/v2\/product_cat?post=1573"},{"taxonomy":"product_tag","embeddable":true,"href":"https:\/\/lankakauppaihana.fi\/index.php\/wp-json\/wp\/v2\/product_tag?post=1573"}],"curies":[{"name":"wp","href":"https:\/\/api.w.org\/{rel}","templated":true}]}}