{"id":1604,"date":"2024-07-15T20:06:56","date_gmt":"2024-07-15T17:06:56","guid":{"rendered":"https:\/\/lankakauppaihana.fi\/?post_type=product&#038;p=1604"},"modified":"2025-03-26T15:22:10","modified_gmt":"2025-03-26T13:22:10","slug":"eco-soft-fine-vaaleanharmaa-e2s","status":"publish","type":"product","link":"https:\/\/lankakauppaihana.fi\/index.php\/product\/eco-soft-fine-vaaleanharmaa-e2s\/","title":{"rendered":"Eco Soft Fine, <br>vaaleanharmaa (E2s)"},"content":{"rendered":"","protected":false},"excerpt":{"rendered":"<div class=\"woocommerce-product-details__short-description\">\n<div class=\"woocommerce-product-details__short-description\">\n<p><strong>63% alpakka \/\/ 26% silkki \/\/ 11% jakki<\/strong>* * *<strong> lace<\/strong> (600m\/100g) * * * <strong>puikot: 3-4<\/strong><\/p>\n<p>Isagerin (Eco) Soft Fine on upea vaihtoehto silkkimohairille. Soft Fine -langassa ei ole lainkaan mohairia, ja siin\u00e4 oleva jakinvilla (11%) tekee langasta erityisen pehme\u00e4\u00e4, l\u00e4mmint\u00e4 ja mattapintaista. Ei suotta sanota, ett\u00e4 jakinvilla on viel\u00e4 pehme\u00e4mp\u00e4\u00e4 kuin kashmir &#8211; sen todella tuntee! T\u00e4m\u00e4 lanka on puikoilla kuin unelma &lt;3<\/p>\n<p>Soft Fine -langan juoksevuus on 600m\/100g, eli yhdess\u00e4 25g ker\u00e4ss\u00e4 on 150m lankaa. Neulot sit\u00e4 yksist\u00e4\u00e4n puikoilla 3-4, ja yhdess\u00e4 esimerkiksi sport\/fingering-vahvuisen langan kanssa puikoilla 4\u00bd-6. Alpakan ja jakin p\u00f6rr\u00f6isyys tekee neuleen pinnasta tasaisen l\u00e4mpim\u00e4n, vaikka k\u00e4ytt\u00e4isit isompiakin puikkoja.<\/p>\n<p>Soft Fine -langassa Eco-etuliite sis\u00e4ltyy luonnonv\u00e4risiin, v\u00e4rj\u00e4\u00e4m\u00e4tt\u00f6miin, s\u00e4vyihin. V\u00e4rj\u00e4tyt s\u00e4vyt puolestaan kantavat nime\u00e4 &#8221;Soft Fine&#8221;.<\/p>\n<p>Voit neuloa Soft Fine-lankaa yhdess\u00e4 esimerkiksi <a href=\"https:\/\/lankakauppaihana.fi\/index.php\/product-category\/yleinen\/langat\/materiaalit\/villa\/peruvianhighland\/highland\/\">Isager Highland<\/a>in kanssa (t\u00e4ll\u00f6in puikkosuositus 3\u00bd-5) tai <a href=\"https:\/\/lankakauppaihana.fi\/index.php\/product-category\/yleinen\/langat\/materiaalit\/villa\/suomalainenvilla\/wilhelmikampalanka\/\">Vuonueen Wilhelmi-kampalangan<\/a> kaverina (puikkosuositus 5-7).<\/p>\n<p>Soft Fine on kehr\u00e4tty Perussa.<br \/>\nHell\u00e4varainen k\u00e4sinpesu.<strong><br \/>\n<\/strong><\/p>\n<p>Tuotekuvien muut langat:<br \/>\n&#8211; kuva2: <a href=\"https:\/\/lankakauppaihana.fi\/index.php\/product-category\/yleinen\/langat\/kotimaisetlangat\/vuonue\/wilhelmikampalanka\/\">Wilhelmi-kampalanka<\/a> s\u00e4vyss\u00e4 <a href=\"https:\/\/lankakauppaihana.fi\/index.php\/product\/wilhelmi-kampalanka-vaaleanharmaa\/\">vaaleanharmaa<\/a><br \/>\n&#8211; kuva3: <a href=\"https:\/\/lankakauppaihana.fi\/index.php\/product-category\/yleinen\/langat\/kotimaisetlangat\/vuonue\/wilhelmikampalanka\/\">Wilhelmi-kampalanka<\/a> s\u00e4vyss\u00e4 <a href=\"https:\/\/lankakauppaihana.fi\/index.php\/product\/wilhelmi-kampalanka-keskiharmaa\/\">keskiharmaa<\/a><br \/>\n&#8211; kuva4: muut Soft Fine -langan s\u00e4vyt: YL\u00c4RIVI (vasemmalla) vaaleanharmaa (E2s), (oikealla) vaaleansininen (11), ALARIVI (vasemmalla) vaaleanruskea (E6s), (oikealla) punaruskea (E7s)<\/p>\n<\/div>\n<\/div>\n","protected":false},"featured_media":1802,"template":"","meta":{"_monsterinsights_skip_tracking":false,"_monsterinsights_sitenote_active":false,"_monsterinsights_sitenote_note":"","_monsterinsights_sitenote_category":0,"_uf_show_specific_survey":0,"_uf_disable_surveys":false},"product_brand":[],"product_cat":[292,297,298,299,300],"product_tag":[],"class_list":{"0":"post-1604","1":"product","2":"type-product","3":"status-publish","4":"has-post-thumbnail","6":"product_cat-ecosoftfine","7":"product_cat-softfine","8":"product_cat-softfine-kashmir","9":"product_cat-softfine-silkki","10":"product_cat-softfine-lace-vahvuus","12":"first","13":"instock","14":"taxable","15":"shipping-taxable","16":"purchasable","17":"product-type-simple"},"_links":{"self":[{"href":"https:\/\/lankakauppaihana.fi\/index.php\/wp-json\/wp\/v2\/product\/1604","targetHints":{"allow":["GET"]}}],"collection":[{"href":"https:\/\/lankakauppaihana.fi\/index.php\/wp-json\/wp\/v2\/product"}],"about":[{"href":"https:\/\/lankakauppaihana.fi\/index.php\/wp-json\/wp\/v2\/types\/product"}],"wp:featuredmedia":[{"embeddable":true,"href":"https:\/\/lankakauppaihana.fi\/index.php\/wp-json\/wp\/v2\/media\/1802"}],"wp:attachment":[{"href":"https:\/\/lankakauppaihana.fi\/index.php\/wp-json\/wp\/v2\/media?parent=1604"}],"wp:term":[{"taxonomy":"product_brand","embeddable":true,"href":"https:\/\/lankakauppaihana.fi\/index.php\/wp-json\/wp\/v2\/product_brand?post=1604"},{"taxonomy":"product_cat","embeddable":true,"href":"https:\/\/lankakauppaihana.fi\/index.php\/wp-json\/wp\/v2\/product_cat?post=1604"},{"taxonomy":"product_tag","embeddable":true,"href":"https:\/\/lankakauppaihana.fi\/index.php\/wp-json\/wp\/v2\/product_tag?post=1604"}],"curies":[{"name":"wp","href":"https:\/\/api.w.org\/{rel}","templated":true}]}}