{"id":1787,"date":"2026-01-21T12:18:06","date_gmt":"2026-01-21T10:18:06","guid":{"rendered":"https:\/\/lankakauppaihana.fi\/?post_type=product&#038;p=1787"},"modified":"2026-01-21T12:28:08","modified_gmt":"2026-01-21T10:28:08","slug":"silk-mohair-vaaleanharmaa-2s","status":"publish","type":"product","link":"https:\/\/lankakauppaihana.fi\/index.php\/product\/silk-mohair-vaaleanharmaa-2s\/","title":{"rendered":"Silk Mohair, 2s vaaleanharmaa"},"content":{"rendered":"","protected":false},"excerpt":{"rendered":"<div class=\"woocommerce-product-details__short-description\">\n<p><strong>75% mohair (kid) \/\/ 25% silkki\u00a0 <\/strong>* * *<strong> lace<\/strong> (848m\/100g) * * * <strong>puikot: 3-3\u00bd<\/strong><\/p>\n<p>Isagerin Silk Mohair on pehmoinen silkkimohairlanka, joka on nimens\u00e4 mukaisesti valmistettu silkist\u00e4 sek\u00e4 kid-mohairista (nuoren angoravuohen toinen kerint\u00e4).<br \/>\nSilk Mohair on Isagerin muidenkin lankojen tapaan laadukas lanka, josta ei irtoa juurikaan ylim\u00e4\u00e4r\u00e4ist\u00e4 karvaa neuloessa eik\u00e4 k\u00e4yt\u00f6ss\u00e4.<\/p>\n<p>Silk Mohairin 25g ker\u00e4ss\u00e4 on 212 metri\u00e4 lankaa. Silk Mohairilla s\u00e4vyt\u00e4t upeasti yksiv\u00e4risen pohjalangan, ja lankayhdistelm\u00e4n valinnassa vain mielikuvitus on rajana! \ud83d\ude42<\/p>\n<p>Puikkosuositus:<br \/>\n-&gt; yksist\u00e4\u00e4n 3-3\u00bd<br \/>\n-&gt; Silk Mohair + sport\/fingering-vahvuinen lanka 4\u00bd-6<br \/>\n-&gt; Silk Mohair + aran-vahvuinen lanka 7<\/p>\n<p>Silk Mohair sopii erinomaisesti neulottavaksi yhdess\u00e4<br \/>\n-&gt; <a href=\"https:\/\/lankakauppaihana.fi\/index.php\/product-category\/valmistajat\/arctic-banana\/princelybanana\/\">Princely Bananan<\/a> tai <a href=\"https:\/\/lankakauppaihana.fi\/index.php\/product-category\/yleinen\/langat\/kotimaisetlangat\/vuonue\/wilhelmikampalanka\/\">Wilhelmi-kampalangan<\/a> kanssa koon 4\u00bd puikoilla. Yht\u00e4 100g kampalanka-vyyhti\u00e4 kohden kuluu vajaat 2 ker\u00e4\u00e4 Silk Mohairia.<br \/>\n-&gt; <a href=\"https:\/\/lankakauppaihana.fi\/index.php\/product-category\/valmistajat\/arctic-banana\/fluffybanana\/\">Fluffy Bananan<\/a> tai <a href=\"https:\/\/lankakauppaihana.fi\/index.php\/product-category\/yleinen\/langat\/kotimaisetlangat\/vuonue\/onneli\/\">Onneli-hahtuvalangan<\/a> kanssa koon 7 puikoilla. Yht\u00e4 100g ker\u00e4\u00e4\/vyyhti\u00e4 kohti kuluu vajaa 1 ker\u00e4 Silk Mohairia. 3+3 m\u00e4\u00e4r\u00e4st\u00e4 teet jo esimerkiksi ihanan pehmoisen villaliivin!<\/p>\n<p>Lanka on kehr\u00e4tty Italiassa \ud83d\ude42<br \/>\nHell\u00e4varainen k\u00e4sinpesu. (Eth\u00e4n k\u00e4yt\u00e4 huuhteluainetta!)<\/p>\n<p>Tuotekuvien muut langat:<br \/>\n&#8211; kuva2: Wilhelmi-kampalanka, s\u00e4vy vaaleanharmaa<br \/>\n&#8211; kuva3: Wilhelmi-kampapanka, s\u00e4vy keskiharmaa<br \/>\n&#8211; kuva4: Flyin&#8217; Banana, s\u00e4vy 075 Arki (t\u00e4t\u00e4 yhdistelm\u00e4\u00e4 voit neuloa jopa koon 5 puikoilla ja saat alle 200g painoisen neuleen! &lt;3 )<br \/>\n&#8211; kuva5: Isager Silk Mohairit s\u00e4vyiss\u00e4: (vasemmalta oikealle) vaaleanharmaa (2s), vaaleansininen (12), petrooli (16), siniharmaa (47)<\/p>\n<\/div>\n","protected":false},"featured_media":1716,"template":"","meta":{"_monsterinsights_skip_tracking":false,"_monsterinsights_sitenote_active":false,"_monsterinsights_sitenote_note":"","_monsterinsights_sitenote_category":0,"_uf_show_specific_survey":0,"_uf_disable_surveys":false},"product_brand":[],"product_cat":[293,294,295],"product_tag":[230,296,252],"class_list":{"0":"post-1787","1":"product","2":"type-product","3":"status-publish","4":"has-post-thumbnail","6":"product_cat-silkmohair","7":"product_cat-silkmohair-silkkimohair","8":"product_cat-silkmohair-lace-vahvuus","9":"product_tag-isager","10":"product_tag-silk-mohair","11":"product_tag-silkkimohair","13":"first","14":"outofstock","15":"taxable","16":"shipping-taxable","17":"purchasable","18":"product-type-simple"},"_links":{"self":[{"href":"https:\/\/lankakauppaihana.fi\/index.php\/wp-json\/wp\/v2\/product\/1787","targetHints":{"allow":["GET"]}}],"collection":[{"href":"https:\/\/lankakauppaihana.fi\/index.php\/wp-json\/wp\/v2\/product"}],"about":[{"href":"https:\/\/lankakauppaihana.fi\/index.php\/wp-json\/wp\/v2\/types\/product"}],"wp:featuredmedia":[{"embeddable":true,"href":"https:\/\/lankakauppaihana.fi\/index.php\/wp-json\/wp\/v2\/media\/1716"}],"wp:attachment":[{"href":"https:\/\/lankakauppaihana.fi\/index.php\/wp-json\/wp\/v2\/media?parent=1787"}],"wp:term":[{"taxonomy":"product_brand","embeddable":true,"href":"https:\/\/lankakauppaihana.fi\/index.php\/wp-json\/wp\/v2\/product_brand?post=1787"},{"taxonomy":"product_cat","embeddable":true,"href":"https:\/\/lankakauppaihana.fi\/index.php\/wp-json\/wp\/v2\/product_cat?post=1787"},{"taxonomy":"product_tag","embeddable":true,"href":"https:\/\/lankakauppaihana.fi\/index.php\/wp-json\/wp\/v2\/product_tag?post=1787"}],"curies":[{"name":"wp","href":"https:\/\/api.w.org\/{rel}","templated":true}]}}