{"id":1796,"date":"2026-01-21T12:03:53","date_gmt":"2026-01-21T10:03:53","guid":{"rendered":"https:\/\/lankakauppaihana.fi\/?post_type=product&#038;p=1796"},"modified":"2026-02-21T14:24:54","modified_gmt":"2026-02-21T12:24:54","slug":"silk-mohair-kylma-persikka-62","status":"publish","type":"product","link":"https:\/\/lankakauppaihana.fi\/index.php\/product\/silk-mohair-kylma-persikka-62\/","title":{"rendered":"Silk Mohair, 62 kylm\u00e4 persikka"},"content":{"rendered":"","protected":false},"excerpt":{"rendered":"<div class=\"woocommerce-product-details__short-description\">\n<p><strong>75% mohair (kid) \/\/ 25% silkki\u00a0 <\/strong>* * *<strong> lace<\/strong> (848m\/100g) * * * <strong>puikot: 3-3\u00bd<\/strong><\/p>\n<p>Isagerin Silk Mohair on pehmoinen silkkimohairlanka, joka on nimens\u00e4 mukaisesti valmistettu silkist\u00e4 sek\u00e4 kid-mohairista (nuoren angoravuohen toinen kerint\u00e4).<br \/>\nSilk Mohair on Isagerin muidenkin lankojen tapaan laadukas lanka, josta ei irtoa juurikaan ylim\u00e4\u00e4r\u00e4ist\u00e4 karvaa neuloessa eik\u00e4 k\u00e4yt\u00f6ss\u00e4.<\/p>\n<p>Silk Mohairin 25g ker\u00e4ss\u00e4 on 212 metri\u00e4 lankaa. Silk Mohairilla s\u00e4vyt\u00e4t upeasti yksiv\u00e4risen pohjalangan, ja lankayhdistelm\u00e4n valinnassa vain mielikuvitus on rajana! \ud83d\ude42<\/p>\n<p>Puikkosuositus:<br \/>\n-&gt; yksist\u00e4\u00e4n 3-3\u00bd<br \/>\n-&gt; Silk Mohair + sport\/fingering-vahvuinen lanka 4\u00bd-6<br \/>\n-&gt; Silk Mohair + aran-vahvuinen lanka 7<\/p>\n<p>Silk Mohair sopii erinomaisesti neulottavaksi yhdess\u00e4<br \/>\n-&gt; <a href=\"https:\/\/lankakauppaihana.fi\/index.php\/product-category\/valmistajat\/arctic-banana\/princelybanana\/\">Princely Bananan<\/a> tai <a href=\"https:\/\/lankakauppaihana.fi\/index.php\/product-category\/yleinen\/langat\/kotimaisetlangat\/vuonue\/wilhelmikampalanka\/\">Wilhelmi-kampalangan<\/a> kanssa koon 4\u00bd puikoilla. Yht\u00e4 100g kampalanka-vyyhti\u00e4 kohden kuluu vajaat 2 ker\u00e4\u00e4 Silk Mohairia.<br \/>\n-&gt; <a href=\"https:\/\/lankakauppaihana.fi\/index.php\/product-category\/valmistajat\/arctic-banana\/fluffybanana\/\">Fluffy Bananan<\/a> tai <a href=\"https:\/\/lankakauppaihana.fi\/index.php\/product-category\/yleinen\/langat\/kotimaisetlangat\/vuonue\/onneli\/\">Onneli-hahtuvalangan<\/a> kanssa koon 7 puikoilla. Yht\u00e4 100g ker\u00e4\u00e4\/vyyhti\u00e4 kohti kuluu vajaa 1 ker\u00e4 Silk Mohairia. 3+3 m\u00e4\u00e4r\u00e4st\u00e4 teet jo esimerkiksi ihanan pehmoisen villaliivin!<\/p>\n<p>Lanka on kehr\u00e4tty Italiassa \ud83d\ude42<br \/>\nHell\u00e4varainen k\u00e4sinpesu. (Eth\u00e4n k\u00e4yt\u00e4 huuhteluainetta!)<\/p>\n<p>Tuotekuvien muut langat:<\/p>\n<p><span style=\"font-size: 16px;\">&#8211; kuva2: &#8211;<br \/>\n&#8211; kuva3: <a href=\"https:\/\/lankakauppaihana.fi\/index.php\/product-category\/valmistajat\/isager\/silkmohair\/\">Isager Silk Mohair<\/a> s\u00e4vyss\u00e4 <a href=\"https:\/\/lankakauppaihana.fi\/index.php\/product\/silk-mohair-punaruskea-69\/\">punaruskea (69)<\/a><br \/>\n&#8211; kuva4: <a href=\"https:\/\/lankakauppaihana.fi\/index.php\/product-category\/yleinen\/langat\/vahvuus\/lightfingering\/highland\/\">Isager Highland<\/a> s\u00e4vyss\u00e4 <a href=\"https:\/\/lankakauppaihana.fi\/index.php\/product\/highland-rose\/\">Rose<\/a><br \/>\n&#8211; kuva5: <a href=\"https:\/\/lankakauppaihana.fi\/index.php\/product-category\/valmistajat\/isager\/alpaca2\/\">Isager Alpaca 2<\/a> s\u00e4vyss\u00e4 <a href=\"https:\/\/lankakauppaihana.fi\/index.php\/product\/alpaca-2-sky\/\">Sky<\/a><br \/>\n&#8211; kuva6: Isager Silk Mohairit s\u00e4vyiss\u00e4: (vasemmalta oikealle) viininpunainen (36), punaruskea (69) ja kylm\u00e4 persikka (62)<br \/>\n<\/span>&#8211; kuva7: ^kuten yll\u00e4, mutta p\u00e4invastaisessa j\u00e4rjestyksess\u00e4<br \/>\n&#8211; kuva8: <span style=\"font-size: 16px;\"><a href=\"https:\/\/lankakauppaihana.fi\/index.php\/product-category\/yleinen\/langat\/vahvuus\/lace-vahvuus\/flyinbanana3\/\">Flyin&#8217; Banana s\u00e4vyss\u00e4 075 Arki<\/a> (t\u00e4t\u00e4 yhdistelm\u00e4\u00e4 voit neuloa jopa koon 5 puikoilla ja saat alle 200g painoisen neuleen! &lt;3 )<\/span><span style=\"font-size: 16px;\"><br \/>\n<\/span><\/p>\n<\/div>\n","protected":false},"featured_media":3436,"template":"","meta":{"_monsterinsights_skip_tracking":false,"_monsterinsights_sitenote_active":false,"_monsterinsights_sitenote_note":"","_monsterinsights_sitenote_category":0,"_uf_show_specific_survey":0,"_uf_disable_surveys":false},"product_brand":[],"product_cat":[293,294,295],"product_tag":[230,296,252],"class_list":{"0":"post-1796","1":"product","2":"type-product","3":"status-publish","4":"has-post-thumbnail","6":"product_cat-silkmohair","7":"product_cat-silkmohair-silkkimohair","8":"product_cat-silkmohair-lace-vahvuus","9":"product_tag-isager","10":"product_tag-silk-mohair","11":"product_tag-silkkimohair","13":"first","14":"instock","15":"taxable","16":"shipping-taxable","17":"purchasable","18":"product-type-simple"},"_links":{"self":[{"href":"https:\/\/lankakauppaihana.fi\/index.php\/wp-json\/wp\/v2\/product\/1796","targetHints":{"allow":["GET"]}}],"collection":[{"href":"https:\/\/lankakauppaihana.fi\/index.php\/wp-json\/wp\/v2\/product"}],"about":[{"href":"https:\/\/lankakauppaihana.fi\/index.php\/wp-json\/wp\/v2\/types\/product"}],"wp:featuredmedia":[{"embeddable":true,"href":"https:\/\/lankakauppaihana.fi\/index.php\/wp-json\/wp\/v2\/media\/3436"}],"wp:attachment":[{"href":"https:\/\/lankakauppaihana.fi\/index.php\/wp-json\/wp\/v2\/media?parent=1796"}],"wp:term":[{"taxonomy":"product_brand","embeddable":true,"href":"https:\/\/lankakauppaihana.fi\/index.php\/wp-json\/wp\/v2\/product_brand?post=1796"},{"taxonomy":"product_cat","embeddable":true,"href":"https:\/\/lankakauppaihana.fi\/index.php\/wp-json\/wp\/v2\/product_cat?post=1796"},{"taxonomy":"product_tag","embeddable":true,"href":"https:\/\/lankakauppaihana.fi\/index.php\/wp-json\/wp\/v2\/product_tag?post=1796"}],"curies":[{"name":"wp","href":"https:\/\/api.w.org\/{rel}","templated":true}]}}