{"id":1808,"date":"2024-07-16T14:47:48","date_gmt":"2024-07-16T11:47:48","guid":{"rendered":"https:\/\/lankakauppaihana.fi\/?post_type=product&#038;p=1808"},"modified":"2026-01-14T15:11:06","modified_gmt":"2026-01-14T13:11:06","slug":"cashmere-lace-0034-laivastonsininen","status":"publish","type":"product","link":"https:\/\/lankakauppaihana.fi\/index.php\/product\/cashmere-lace-0034-laivastonsininen\/","title":{"rendered":"Cashmere Lace, <br>0034 laivastonsininen"},"content":{"rendered":"","protected":false},"excerpt":{"rendered":"<div class=\"woocommerce-product-details__short-description\">\n<div class=\"woocommerce-product-details__short-description\">\n<p><strong>100% kashmir<\/strong> * * * <strong>lace\u00a0<\/strong> (660m\/100g)* * * <strong>puikot: 3-3\u00bd<\/strong><\/p>\n<p>Lang Yarnsin Cashmere Lace on ylellinen lanka, joka on kehr\u00e4tty ensiluokkaisesta kashmirvuohen villasta. Kashmir on ominaisuuksiltaan kevytt\u00e4, hengitt\u00e4v\u00e4\u00e4 ja l\u00e4mmint\u00e4, ja se on el\u00e4inkuiduista yksi arvostetuimmista. Kashmirvilla ker\u00e4t\u00e4\u00e4n vuohista kampaamalla, ja sen tuotantoprosessi vaatii erityislaatuista k\u00e4sity\u00f6taitoa ja aikaa.<\/p>\n<p>Cashmere Lace -langan juoksevuus on 660m\/100g, ja yhdess\u00e4 25g ker\u00e4ss\u00e4 on 165m lankaa. Neulot Cashmere Lacea puikoilla 3-3\u00bd.<br \/>\n(<em>HUOM!<\/em> Mik\u00e4li kaipaat hieman paksumpaa kashmir-lankaa, tutustu <a href=\"https:\/\/lankakauppaihana.fi\/index.php\/product\/cashmere-premium\/\">Cashmere Premium<\/a>iin!)<\/p>\n<p>Langan koostumus: 100% kashmir<br \/>\nPesu: k\u00e4sinpesu<br \/>\nNeuletiheys: 25 x 41<\/p>\n<p>Kehr\u00e4tty Italiassa.<\/p>\n<\/div>\n<\/div>\n","protected":false},"featured_media":1776,"template":"","meta":{"_monsterinsights_skip_tracking":false,"_monsterinsights_sitenote_active":false,"_monsterinsights_sitenote_note":"","_monsterinsights_sitenote_category":0,"_uf_show_specific_survey":0,"_uf_disable_surveys":false},"product_brand":[],"product_cat":[304,305,306],"product_tag":[],"class_list":{"0":"post-1808","1":"product","2":"type-product","3":"status-publish","4":"has-post-thumbnail","6":"product_cat-cashmerelace","7":"product_cat-cashmerelace-kashmir","8":"product_cat-cashmerelace-lace-vahvuus","10":"first","11":"instock","12":"taxable","13":"shipping-taxable","14":"purchasable","15":"product-type-simple"},"_links":{"self":[{"href":"https:\/\/lankakauppaihana.fi\/index.php\/wp-json\/wp\/v2\/product\/1808","targetHints":{"allow":["GET"]}}],"collection":[{"href":"https:\/\/lankakauppaihana.fi\/index.php\/wp-json\/wp\/v2\/product"}],"about":[{"href":"https:\/\/lankakauppaihana.fi\/index.php\/wp-json\/wp\/v2\/types\/product"}],"wp:featuredmedia":[{"embeddable":true,"href":"https:\/\/lankakauppaihana.fi\/index.php\/wp-json\/wp\/v2\/media\/1776"}],"wp:attachment":[{"href":"https:\/\/lankakauppaihana.fi\/index.php\/wp-json\/wp\/v2\/media?parent=1808"}],"wp:term":[{"taxonomy":"product_brand","embeddable":true,"href":"https:\/\/lankakauppaihana.fi\/index.php\/wp-json\/wp\/v2\/product_brand?post=1808"},{"taxonomy":"product_cat","embeddable":true,"href":"https:\/\/lankakauppaihana.fi\/index.php\/wp-json\/wp\/v2\/product_cat?post=1808"},{"taxonomy":"product_tag","embeddable":true,"href":"https:\/\/lankakauppaihana.fi\/index.php\/wp-json\/wp\/v2\/product_tag?post=1808"}],"curies":[{"name":"wp","href":"https:\/\/api.w.org\/{rel}","templated":true}]}}