{"id":1901,"date":"2024-07-16T18:22:06","date_gmt":"2024-07-16T15:22:06","guid":{"rendered":"https:\/\/lankakauppaihana.fi\/?post_type=product&#038;p=1901"},"modified":"2024-07-24T17:51:55","modified_gmt":"2024-07-24T14:51:55","slug":"baby-cotton-0309-vaalea-persikka","status":"publish","type":"product","link":"https:\/\/lankakauppaihana.fi\/index.php\/product\/baby-cotton-0309-vaalea-persikka\/","title":{"rendered":"Baby Cotton, <br>0309 vaalea persikka"},"content":{"rendered":"","protected":false},"excerpt":{"rendered":"<p><strong>100% luomupuuvilla <\/strong>* * *<strong> fingering<\/strong> (360m\/100g) * * * <strong>puikot: 2\u00bd-3<\/strong><\/p>\n<p>Lang Yarnsin Baby Cotton on laadukasta ja ihanan pehmoista luomupuuvillaa. Baby Cottonista neulot kevyet puuvillaneuleet ja -asusteet koko perheelle.<\/p>\n<p>Baby Cottonin juoksevuus on 360m\/100g eli 50g ker\u00e4ss\u00e4 on 180 metri\u00e4 lankaa. Neulot sit\u00e4 parhaiten koon 2\u00bd-3 puikoilla.<\/p>\n<p>Voit neuloa Baby Cottonia my\u00f6s yhdess\u00e4 silkkimohairin kanssa (esim. <a href=\"https:\/\/lankakauppaihana.fi\/index.php\/product-category\/yleinen\/langat\/vahvuus\/lace-vahvuus\/mohairluxe4\/\">Mohair Luxe<\/a> tai <a href=\"https:\/\/lankakauppaihana.fi\/index.php\/product-category\/yleinen\/langat\/vahvuus\/lace-vahvuus\/silkmohair-lace-vahvuus\/\">Silk Mohair<\/a>). T\u00e4ll\u00f6in sopiva puikkokoko on 4 \ud83d\ude42<\/p>\n<p>Lanka on kehr\u00e4tty Italiassa \ud83d\ude42<br \/>\n60C\u00b0 hienopesu<br \/>\nNeuletiheys: 25 x 34<\/p>\n<p>Tuotekuvassa nro4 olevat muut s\u00e4vyt: (vasemmalla) <a href=\"https:\/\/lankakauppaihana.fi\/index.php\/product\/baby-cotton-0096-vaalea-beige\/\">0096 vaalea beige<\/a> ja (keskell\u00e4) <a href=\"https:\/\/lankakauppaihana.fi\/index.php\/product\/baby-cotton-0126-cafe-latte\/\">0126 cafe latte<\/a><\/p>\n","protected":false},"featured_media":1905,"template":"","meta":{"_monsterinsights_skip_tracking":false,"_monsterinsights_sitenote_active":false,"_monsterinsights_sitenote_note":"","_monsterinsights_sitenote_category":0,"_uf_show_specific_survey":0,"_uf_disable_surveys":false},"product_brand":[],"product_cat":[307,309,308,310],"product_tag":[311,77,204,195],"class_list":{"0":"post-1901","1":"product","2":"type-product","3":"status-publish","4":"has-post-thumbnail","6":"product_cat-babycotton","7":"product_cat-babycotton-puuvilla","8":"product_cat-babycotton-luomupuuvilla","9":"product_cat-babycotton-fingering","10":"product_tag-babycotton","11":"product_tag-lang-yarns","12":"product_tag-luomupuuvilla","13":"product_tag-puuvilla","15":"first","16":"instock","17":"taxable","18":"shipping-taxable","19":"purchasable","20":"product-type-simple"},"_links":{"self":[{"href":"https:\/\/lankakauppaihana.fi\/index.php\/wp-json\/wp\/v2\/product\/1901","targetHints":{"allow":["GET"]}}],"collection":[{"href":"https:\/\/lankakauppaihana.fi\/index.php\/wp-json\/wp\/v2\/product"}],"about":[{"href":"https:\/\/lankakauppaihana.fi\/index.php\/wp-json\/wp\/v2\/types\/product"}],"wp:featuredmedia":[{"embeddable":true,"href":"https:\/\/lankakauppaihana.fi\/index.php\/wp-json\/wp\/v2\/media\/1905"}],"wp:attachment":[{"href":"https:\/\/lankakauppaihana.fi\/index.php\/wp-json\/wp\/v2\/media?parent=1901"}],"wp:term":[{"taxonomy":"product_brand","embeddable":true,"href":"https:\/\/lankakauppaihana.fi\/index.php\/wp-json\/wp\/v2\/product_brand?post=1901"},{"taxonomy":"product_cat","embeddable":true,"href":"https:\/\/lankakauppaihana.fi\/index.php\/wp-json\/wp\/v2\/product_cat?post=1901"},{"taxonomy":"product_tag","embeddable":true,"href":"https:\/\/lankakauppaihana.fi\/index.php\/wp-json\/wp\/v2\/product_tag?post=1901"}],"curies":[{"name":"wp","href":"https:\/\/api.w.org\/{rel}","templated":true}]}}