{"id":1937,"date":"2024-07-18T19:38:42","date_gmt":"2024-07-18T16:38:42","guid":{"rendered":"https:\/\/lankakauppaihana.fi\/?post_type=product&#038;p=1937"},"modified":"2024-10-13T19:41:40","modified_gmt":"2024-10-13T16:41:40","slug":"oceania-0025-tummansininen","status":"publish","type":"product","link":"https:\/\/lankakauppaihana.fi\/index.php\/product\/oceania-0025-tummansininen\/","title":{"rendered":"Oceania, <br>0025 tummansininen"},"content":{"rendered":"","protected":false},"excerpt":{"rendered":"<p><strong>70% puuvilla \/\/ 30% Seacell-kuitu <\/strong>* * *<strong> sport<\/strong> (280m\/100g) * * * <strong>puikot: 3\u00bd-4<\/strong><\/p>\n<p>Lang Yarnsin Oceania on uuden sukupolven puuvilla-Seacell-lanka, jossa <a href=\"https:\/\/smartfiber.de\/en\/seacell\">patentoitu Seacell-merilev\u00e4viskoosi<\/a> korvaa osan puuvillasta. Seacell-kuitu on hyvin samantyyppist\u00e4 kuin Tencell\/Lyocell, mutta siin\u00e4 on selluloosan eli eukalyptuskuidun lis\u00e4ksi 19% kasvatettua merilev\u00e4\u00e4.<\/p>\n<p>Seacell on uusiutuva ja ymp\u00e4rist\u00f6yst\u00e4v\u00e4llinen luonnonkuitu, jonka tuotantoprosessi vie v\u00e4hemm\u00e4n energiaa ja puhdasta vett\u00e4 kuin vastaavien tekstiilikuitujen tuotanto (puuvilla, polyesteri yms.). Seacellissa on lis\u00e4ksi paljon ihoa hellivi\u00e4 mineraaleja, antioksidantteja ja vitamiineja, joita vapautuu Seacell-kuidun koskiessa ihoon \ud83d\ude42<\/p>\n<p>Oceania on sport-vahvuinen lanka, josta valmistat neuleet ja pienemm\u00e4t asusteet koko perheelle! Suositeltu puikkokoko 3\u00bd-4.<br \/>\n30C\u00b0 hienopesu<br \/>\nNeuletiheys 22 x 30<\/p>\n<p><em>Tiesitk\u00f6,<\/em> ett\u00e4 merilev\u00e4 on t\u00e4ysin uusiutuva luonnonvara, jota kasvatetaan meriss\u00e4 tekstiili- ja elintarviketeollisuuden k\u00e4ytt\u00f6\u00f6n? Merilev\u00e4 sitoo jopa 5 kertaa enemm\u00e4n hiilidioksidia itseens\u00e4 kuin maanpinnalla kasvavat kasvit. Merilev\u00e4st\u00e4 valmistettu Seacell-kuitu on hengitt\u00e4v\u00e4\u00e4 ja pehme\u00e4\u00e4, ja se siirt\u00e4\u00e4 kosteutta pois iholta (jonka vuoksi kuitua k\u00e4ytet\u00e4\u00e4n paljon alus- ja urheiluvaatteissa).<\/p>\n<p>Lue lis\u00e4\u00e4 Seacell-kuidusta:<br \/>\n<a href=\"https:\/\/smartfiber.de\/en\/seacell\">https:\/\/smartfiber.de\/en\/seacell<\/a><br \/>\n<a href=\"https:\/\/www.textilecoach.net\/post\/seacell-fibre-seaweed-fibre-textile-coach\">https:\/\/www.textilecoach.net\/post\/seacell-fibre-seaweed-fibre-textile-coach<\/a><\/p>\n","protected":false},"featured_media":1929,"template":"","meta":{"_monsterinsights_skip_tracking":false,"_monsterinsights_sitenote_active":false,"_monsterinsights_sitenote_note":"","_monsterinsights_sitenote_category":0,"_uf_show_specific_survey":0,"_uf_disable_surveys":false},"product_brand":[],"product_cat":[312,313,314,315],"product_tag":[77,317,195,318],"class_list":{"0":"post-1937","1":"product","2":"type-product","3":"status-publish","4":"has-post-thumbnail","6":"product_cat-oceania","7":"product_cat-oceania2","8":"product_cat-oceania3","9":"product_cat-oceania4","10":"product_tag-lang-yarns","11":"product_tag-oceania","12":"product_tag-puuvilla","13":"product_tag-seacell","15":"first","16":"instock","17":"taxable","18":"shipping-taxable","19":"purchasable","20":"product-type-simple"},"_links":{"self":[{"href":"https:\/\/lankakauppaihana.fi\/index.php\/wp-json\/wp\/v2\/product\/1937","targetHints":{"allow":["GET"]}}],"collection":[{"href":"https:\/\/lankakauppaihana.fi\/index.php\/wp-json\/wp\/v2\/product"}],"about":[{"href":"https:\/\/lankakauppaihana.fi\/index.php\/wp-json\/wp\/v2\/types\/product"}],"wp:featuredmedia":[{"embeddable":true,"href":"https:\/\/lankakauppaihana.fi\/index.php\/wp-json\/wp\/v2\/media\/1929"}],"wp:attachment":[{"href":"https:\/\/lankakauppaihana.fi\/index.php\/wp-json\/wp\/v2\/media?parent=1937"}],"wp:term":[{"taxonomy":"product_brand","embeddable":true,"href":"https:\/\/lankakauppaihana.fi\/index.php\/wp-json\/wp\/v2\/product_brand?post=1937"},{"taxonomy":"product_cat","embeddable":true,"href":"https:\/\/lankakauppaihana.fi\/index.php\/wp-json\/wp\/v2\/product_cat?post=1937"},{"taxonomy":"product_tag","embeddable":true,"href":"https:\/\/lankakauppaihana.fi\/index.php\/wp-json\/wp\/v2\/product_tag?post=1937"}],"curies":[{"name":"wp","href":"https:\/\/api.w.org\/{rel}","templated":true}]}}