{"id":1970,"date":"2024-07-18T21:29:06","date_gmt":"2024-07-18T18:29:06","guid":{"rendered":"https:\/\/lankakauppaihana.fi\/?post_type=product&#038;p=1970"},"modified":"2024-10-05T14:39:24","modified_gmt":"2024-10-05T11:39:24","slug":"unelma-lime","status":"publish","type":"product","link":"https:\/\/lankakauppaihana.fi\/index.php\/product\/unelma-lime\/","title":{"rendered":"Unelma, lime"},"content":{"rendered":"","protected":false},"excerpt":{"rendered":"<div class=\"woocommerce-product-details__short-description\">\n<p><strong>100% suomalainen villa <\/strong>* * *<strong> chunky<\/strong> (120m\/100g) * * * <strong>puikot: 6-7<\/strong><\/p>\n<p>Kotimainen Vuonueen Unelma-hahtuvalanka on pumpulinpehme\u00e4\u00e4 karitsanvillaa. Unelma on nimens\u00e4 mukaisesti lanka, eli se on kierretty\u00e4 (toisin kuin perinteinen hahtuva), eik\u00e4 se katkea neuloessa kovin helposti. Unelmassa yhdistyv\u00e4t hahtuvan ja perinteisen villalangan parhaat puolet! &lt;3<\/p>\n<p>Unelmasta neulot koon 6-7 puikoilla, ja sill\u00e4 voit korvata esimerkiksi islantilaisen Alafosslopin. Unelma on p\u00f6mpse\u00e4mpi kuin islantilaiset, eli puikkokokoa voi joutua tuunaamaan \u00bd-1 kokoa yl\u00f6sp\u00e4in (etenkin kirjoneuletta neuloessa). Puikkokoon suurenemisen voit kompensoida valitsemalla ohjeesta yht\u00e4 pyk\u00e4l\u00e4\u00e4 pienemm\u00e4n koon \ud83d\ude42<\/p>\n<p>Hell\u00e4varainen k\u00e4sinpesu.<br \/>\nValmistettu Suomessa.<\/p>\n<\/div>\n","protected":false},"featured_media":1957,"template":"","meta":{"_monsterinsights_skip_tracking":false,"_monsterinsights_sitenote_active":false,"_monsterinsights_sitenote_note":"","_monsterinsights_sitenote_category":0,"_uf_show_specific_survey":0,"_uf_disable_surveys":false},"product_brand":[],"product_cat":[325,326,327,37],"product_tag":[330,193,329,328,228],"class_list":{"0":"post-1970","1":"product","2":"type-product","3":"status-publish","4":"has-post-thumbnail","6":"product_cat-unelma-vuonue2","7":"product_cat-unelma2","8":"product_cat-unelma3","9":"product_cat-unelma","10":"product_tag-karitsanvilla","11":"product_tag-kotimainen-villa","12":"product_tag-suomalainen","13":"product_tag-unelma","14":"product_tag-vuonue","16":"first","17":"instock","18":"taxable","19":"shipping-taxable","20":"purchasable","21":"product-type-simple"},"_links":{"self":[{"href":"https:\/\/lankakauppaihana.fi\/index.php\/wp-json\/wp\/v2\/product\/1970","targetHints":{"allow":["GET"]}}],"collection":[{"href":"https:\/\/lankakauppaihana.fi\/index.php\/wp-json\/wp\/v2\/product"}],"about":[{"href":"https:\/\/lankakauppaihana.fi\/index.php\/wp-json\/wp\/v2\/types\/product"}],"wp:featuredmedia":[{"embeddable":true,"href":"https:\/\/lankakauppaihana.fi\/index.php\/wp-json\/wp\/v2\/media\/1957"}],"wp:attachment":[{"href":"https:\/\/lankakauppaihana.fi\/index.php\/wp-json\/wp\/v2\/media?parent=1970"}],"wp:term":[{"taxonomy":"product_brand","embeddable":true,"href":"https:\/\/lankakauppaihana.fi\/index.php\/wp-json\/wp\/v2\/product_brand?post=1970"},{"taxonomy":"product_cat","embeddable":true,"href":"https:\/\/lankakauppaihana.fi\/index.php\/wp-json\/wp\/v2\/product_cat?post=1970"},{"taxonomy":"product_tag","embeddable":true,"href":"https:\/\/lankakauppaihana.fi\/index.php\/wp-json\/wp\/v2\/product_tag?post=1970"}],"curies":[{"name":"wp","href":"https:\/\/api.w.org\/{rel}","templated":true}]}}