{"id":1972,"date":"2024-07-18T21:43:12","date_gmt":"2024-07-18T18:43:12","guid":{"rendered":"https:\/\/lankakauppaihana.fi\/?post_type=product&#038;p=1972"},"modified":"2025-03-26T15:20:16","modified_gmt":"2025-03-26T13:20:16","slug":"helmiainen-fingering-ruskan-punainen","status":"publish","type":"product","link":"https:\/\/lankakauppaihana.fi\/index.php\/product\/helmiainen-fingering-ruskan-punainen\/","title":{"rendered":"Helmi\u00e4inen Fingering, <br>ruskan punainen"},"content":{"rendered":"","protected":false},"excerpt":{"rendered":"<p><strong>100% suomalainen villa <\/strong>* * *<strong> fingering<\/strong> (404m\/100g) * * * <strong>puikot: 2\u00bd<\/strong><\/p>\n<p>Id\u00e4n Kehr\u00e4\u00e4m\u00f6n Helmi\u00e4inen Fingering on 100% kotimainen lanka. Se on suomenlampaan ja kainuunharmaksen villaa, ja lanka on kehr\u00e4tty ja v\u00e4rj\u00e4tty Nurmeksessa kotimaisilla kasveilla.<\/p>\n<p>Helmi\u00e4inen Fingering on pehmoista ja kauniin kuultavaa kaksis\u00e4keist\u00e4 lankaa, ja neulot siit\u00e4 upeat kevyemm\u00e4t paidat ja asusteet \ud83d\ude42<\/p>\n<p>Yhdess\u00e4 50g vyyhdiss\u00e4 on 202 metri\u00e4 lankaa, ja neulot sit\u00e4 parhaiten puikoilla 2\u00bd.<br \/>\nHell\u00e4varainen k\u00e4sinpesu.<\/p>\n<p><em>Huomioithan, ett\u00e4<\/em> kaikki Id\u00e4n Kehr\u00e4\u00e4m\u00f6n langat v\u00e4rj\u00e4t\u00e4\u00e4n k\u00e4sin. S\u00e4vy- ja pigmenttierot vyyhtien v\u00e4lill\u00e4 ovat k\u00e4sinv\u00e4rj\u00e4tyn langan ominaisuus \ud83d\ude42 Helpottaaksesi langan valintaa, olemme kuitenkin Ihanan verkkokaupassa jakaneet eri v\u00e4rj\u00e4yserien langat <em>kokonaan erillisiksi tuotteiksi<\/em>. Et siis voi vahingossa tilata kahden eri v\u00e4rj\u00e4yser\u00e4n lankaa.<\/p>\n","protected":false},"featured_media":1947,"template":"","meta":{"_monsterinsights_skip_tracking":false,"_monsterinsights_sitenote_active":false,"_monsterinsights_sitenote_note":"","_monsterinsights_sitenote_category":0,"_uf_show_specific_survey":0,"_uf_disable_surveys":false},"product_brand":[],"product_cat":[333,335,336,334],"product_tag":[338,337,193,329],"class_list":{"0":"post-1972","1":"product","2":"type-product","3":"status-publish","4":"has-post-thumbnail","6":"product_cat-helmiainenfingering","7":"product_cat-helmiainenfingering3","8":"product_cat-helmiainen-fingering","9":"product_cat-helmiainenfingering2","10":"product_tag-helmiainen","11":"product_tag-idan-kehraamo","12":"product_tag-kotimainen-villa","13":"product_tag-suomalainen","15":"first","16":"instock","17":"taxable","18":"shipping-taxable","19":"purchasable","20":"product-type-simple"},"_links":{"self":[{"href":"https:\/\/lankakauppaihana.fi\/index.php\/wp-json\/wp\/v2\/product\/1972","targetHints":{"allow":["GET"]}}],"collection":[{"href":"https:\/\/lankakauppaihana.fi\/index.php\/wp-json\/wp\/v2\/product"}],"about":[{"href":"https:\/\/lankakauppaihana.fi\/index.php\/wp-json\/wp\/v2\/types\/product"}],"wp:featuredmedia":[{"embeddable":true,"href":"https:\/\/lankakauppaihana.fi\/index.php\/wp-json\/wp\/v2\/media\/1947"}],"wp:attachment":[{"href":"https:\/\/lankakauppaihana.fi\/index.php\/wp-json\/wp\/v2\/media?parent=1972"}],"wp:term":[{"taxonomy":"product_brand","embeddable":true,"href":"https:\/\/lankakauppaihana.fi\/index.php\/wp-json\/wp\/v2\/product_brand?post=1972"},{"taxonomy":"product_cat","embeddable":true,"href":"https:\/\/lankakauppaihana.fi\/index.php\/wp-json\/wp\/v2\/product_cat?post=1972"},{"taxonomy":"product_tag","embeddable":true,"href":"https:\/\/lankakauppaihana.fi\/index.php\/wp-json\/wp\/v2\/product_tag?post=1972"}],"curies":[{"name":"wp","href":"https:\/\/api.w.org\/{rel}","templated":true}]}}