{"id":1980,"date":"2024-07-19T15:04:36","date_gmt":"2024-07-19T12:04:36","guid":{"rendered":"https:\/\/lankakauppaihana.fi\/?post_type=product&#038;p=1980"},"modified":"2025-12-17T17:29:37","modified_gmt":"2025-12-17T15:29:37","slug":"idan-kehraamon-pitsilanka-piristys","status":"publish","type":"product","link":"https:\/\/lankakauppaihana.fi\/index.php\/product\/idan-kehraamon-pitsilanka-piristys\/","title":{"rendered":"Id\u00e4n Kehr\u00e4\u00e4m\u00f6n pitsilanka, <br>Piristys"},"content":{"rendered":"","protected":false},"excerpt":{"rendered":"<p><strong>100% suomalainen villa <\/strong>* * *<strong> lace<\/strong> (700m\/100g) * * * <strong>puikot: 2-3\u00bd<\/strong><\/p>\n<p>Id\u00e4n Kehr\u00e4\u00e4m\u00f6n pitsilanka on ohuenohut 100% kotimainen lanka. Se on kehr\u00e4tty ja v\u00e4rj\u00e4tty Nurmeksessa kotimaisilla kasveilla.<\/p>\n<p>Pitsilankaa voit k\u00e4ytt\u00e4\u00e4 yksist\u00e4\u00e4n (puikkosuositus 2-3\u00bd) tai esimerkiksi silkkimohairin sijaan tai sen kanssa antamaan s\u00e4vy\u00e4 neulepintaan. Pitsilankaa voi neuloa my\u00f6s kaksinkertaisena \ud83d\ude42<br \/>\nId\u00e4n Kehr\u00e4\u00e4m\u00f6n pitsilanka on pehme\u00e4\u00e4 ja hivenen p\u00f6rr\u00f6ist\u00e4 semi-kampalankaa. Siin\u00e4 osa kuiduista on kammattua, jolloin langan pinta ja tuntuma on sile\u00e4mpi kuin perinteisell\u00e4 karstalangalla.<\/p>\n<p>Yhdess\u00e4 50g vyyhdiss\u00e4 on 350 metri\u00e4 lankaa.<br \/>\nHell\u00e4varainen k\u00e4sinpesu.<\/p>\n<p><em>Huomioithan, ett\u00e4<\/em> kaikki Id\u00e4n Kehr\u00e4\u00e4m\u00f6n langat v\u00e4rj\u00e4t\u00e4\u00e4n k\u00e4sin. S\u00e4vy- ja pigmenttierot vyyhtien v\u00e4lill\u00e4 ovat k\u00e4sinv\u00e4rj\u00e4tyn langan ominaisuus \ud83d\ude42 Helpottaaksesi langan valintaa, olemme kuitenkin Ihanan verkkokaupassa jakaneet eri v\u00e4rj\u00e4yserien langat <em>kokonaan erillisiksi tuotteiksi<\/em>. Et siis voi vahingossa tilata kahden eri v\u00e4rj\u00e4yser\u00e4n lankaa.<\/p>\n<p>Id\u00e4n Kehr\u00e4\u00e4m\u00f6n pitsilangan juoksevuus on tismalleen sama kuin Arctic Bananan <a href=\"https:\/\/lankakauppaihana.fi\/index.php\/product-category\/yleinen\/langat\/vahvuus\/lace-vahvuus\/flyinbanana3\/\">Flyin&#8217; Banana<\/a>ssa. Voit siis hyvin yhdist\u00e4\u00e4 n\u00e4it\u00e4 lankoja kesken\u00e4\u00e4n! \ud83d\ude42<\/p>\n","protected":false},"featured_media":1956,"template":"","meta":{"_monsterinsights_skip_tracking":false,"_monsterinsights_sitenote_active":false,"_monsterinsights_sitenote_note":"","_monsterinsights_sitenote_category":0,"_uf_show_specific_survey":0,"_uf_disable_surveys":false},"product_brand":[],"product_cat":[343,344,345,346],"product_tag":[337,193,253,329],"class_list":{"0":"post-1980","1":"product","2":"type-product","3":"status-publish","4":"has-post-thumbnail","6":"product_cat-ikpitsilanka","7":"product_cat-ikpitsilanka2","8":"product_cat-ikpitsilanka3","9":"product_cat-ikpitsilanka4","10":"product_tag-idan-kehraamo","11":"product_tag-kotimainen-villa","12":"product_tag-lace","13":"product_tag-suomalainen","15":"first","16":"instock","17":"taxable","18":"shipping-taxable","19":"purchasable","20":"product-type-simple"},"_links":{"self":[{"href":"https:\/\/lankakauppaihana.fi\/index.php\/wp-json\/wp\/v2\/product\/1980","targetHints":{"allow":["GET"]}}],"collection":[{"href":"https:\/\/lankakauppaihana.fi\/index.php\/wp-json\/wp\/v2\/product"}],"about":[{"href":"https:\/\/lankakauppaihana.fi\/index.php\/wp-json\/wp\/v2\/types\/product"}],"wp:featuredmedia":[{"embeddable":true,"href":"https:\/\/lankakauppaihana.fi\/index.php\/wp-json\/wp\/v2\/media\/1956"}],"wp:attachment":[{"href":"https:\/\/lankakauppaihana.fi\/index.php\/wp-json\/wp\/v2\/media?parent=1980"}],"wp:term":[{"taxonomy":"product_brand","embeddable":true,"href":"https:\/\/lankakauppaihana.fi\/index.php\/wp-json\/wp\/v2\/product_brand?post=1980"},{"taxonomy":"product_cat","embeddable":true,"href":"https:\/\/lankakauppaihana.fi\/index.php\/wp-json\/wp\/v2\/product_cat?post=1980"},{"taxonomy":"product_tag","embeddable":true,"href":"https:\/\/lankakauppaihana.fi\/index.php\/wp-json\/wp\/v2\/product_tag?post=1980"}],"curies":[{"name":"wp","href":"https:\/\/api.w.org\/{rel}","templated":true}]}}