{"id":2257,"date":"2024-07-21T18:00:25","date_gmt":"2024-07-21T15:00:25","guid":{"rendered":"https:\/\/lankakauppaihana.fi\/?post_type=product&#038;p=2257"},"modified":"2025-07-09T11:46:35","modified_gmt":"2025-07-09T08:46:35","slug":"merino120-0004-musta","status":"publish","type":"product","link":"https:\/\/lankakauppaihana.fi\/index.php\/product\/merino120-0004-musta\/","title":{"rendered":"Merino120, <br>0004 musta"},"content":{"rendered":"","protected":false},"excerpt":{"rendered":"<div class=\"woocommerce-product-details__short-description\">\n<div class=\"woocommerce-product-details__short-description\">\n<p><strong>100% merinovilla <\/strong>* * * <strong>dk\/worsted\u00a0<\/strong> (240m\/100g)* * * <strong>puikot: 3\u00bd-4\u00bd<br \/>\n<\/strong><em>(Mulesing-vapaa!)<\/em><strong><br \/>\n<\/strong><\/p>\n<p>Lang Yarnsin Merino120 on eritt\u00e4in laadukas merinolanka. Se on pehme\u00e4\u00e4 ja monis\u00e4ikeisen kierteist\u00e4, ja s\u00e4ilytt\u00e4\u00e4 hyvin muotonsa.<br \/>\nMerino120 on valmistettu mulesing-vapaasta australialaisesta merinovillasta. Langan pinta on superwash-k\u00e4sitelty, eli sen voi pest\u00e4 30C\u00b0 hienopesussa.<\/p>\n<p>Merino120-langan juoksevuus on 240m\/100g (ker\u00e4n koko 120m\/50g) ja neulot sit\u00e4 koon 3\u00bd-4\u00bd puikoilla.<\/p>\n<p>Pesu: 30C\u00b0 hienopesu<br \/>\nNeuletiheys: 22 x 32<br \/>\nKehr\u00e4tty Italiassa.<\/p>\n<\/div>\n<\/div>\n","protected":false},"featured_media":2109,"template":"","meta":{"_monsterinsights_skip_tracking":false,"_monsterinsights_sitenote_active":false,"_monsterinsights_sitenote_note":"","_monsterinsights_sitenote_category":0,"_uf_show_specific_survey":0,"_uf_disable_surveys":false},"product_brand":[],"product_cat":[355,356,357],"product_tag":[77,123,362,166],"class_list":{"0":"post-2257","1":"product","2":"type-product","3":"status-publish","4":"has-post-thumbnail","6":"product_cat-merino120-2","7":"product_cat-merino120-3","8":"product_cat-merino4","9":"product_tag-lang-yarns","10":"product_tag-merino","11":"product_tag-merino120","12":"product_tag-merinovilla","14":"first","15":"instock","16":"taxable","17":"shipping-taxable","18":"purchasable","19":"product-type-simple"},"_links":{"self":[{"href":"https:\/\/lankakauppaihana.fi\/index.php\/wp-json\/wp\/v2\/product\/2257","targetHints":{"allow":["GET"]}}],"collection":[{"href":"https:\/\/lankakauppaihana.fi\/index.php\/wp-json\/wp\/v2\/product"}],"about":[{"href":"https:\/\/lankakauppaihana.fi\/index.php\/wp-json\/wp\/v2\/types\/product"}],"wp:featuredmedia":[{"embeddable":true,"href":"https:\/\/lankakauppaihana.fi\/index.php\/wp-json\/wp\/v2\/media\/2109"}],"wp:attachment":[{"href":"https:\/\/lankakauppaihana.fi\/index.php\/wp-json\/wp\/v2\/media?parent=2257"}],"wp:term":[{"taxonomy":"product_brand","embeddable":true,"href":"https:\/\/lankakauppaihana.fi\/index.php\/wp-json\/wp\/v2\/product_brand?post=2257"},{"taxonomy":"product_cat","embeddable":true,"href":"https:\/\/lankakauppaihana.fi\/index.php\/wp-json\/wp\/v2\/product_cat?post=2257"},{"taxonomy":"product_tag","embeddable":true,"href":"https:\/\/lankakauppaihana.fi\/index.php\/wp-json\/wp\/v2\/product_tag?post=2257"}],"curies":[{"name":"wp","href":"https:\/\/api.w.org\/{rel}","templated":true}]}}