{"id":2279,"date":"2024-07-22T00:43:35","date_gmt":"2024-07-21T21:43:35","guid":{"rendered":"https:\/\/lankakauppaihana.fi\/?post_type=product&#038;p=2279"},"modified":"2024-07-22T15:06:49","modified_gmt":"2024-07-22T12:06:49","slug":"select-no-1-012-bonny-glen-wood","status":"publish","type":"product","link":"https:\/\/lankakauppaihana.fi\/index.php\/product\/select-no-1-012-bonny-glen-wood\/","title":{"rendered":"Select NO 1, <br> 012 Bonny Glen Wood"},"content":{"rendered":"","protected":false},"excerpt":{"rendered":"<div class=\"woocommerce-product-details__short-description\">\n<div class=\"woocommerce-product-details__short-description\">\n<p><strong>70% merinovilla \/\/ 30% mohair<\/strong> * * * <strong>dk\/ worsted\u00a0<\/strong> (220m\/100g)* * * <strong>puikot: 4<\/strong><\/p>\n<p>J\u00e4rbon Select NO 1 on kehr\u00e4tty ja v\u00e4rj\u00e4tty perinteiden mukaisesti Irlannissa (samoin kuin puolet ohuempi Lang Yarnsin <a href=\"https:\/\/lankakauppaihana.fi\/index.php\/product-category\/yleinen\/langat\/materiaalit\/villa\/merinovilla\/donegal\/\">Donegal<\/a> (380m\/100g) sek\u00e4 aavistuksen paksumpi Isagerin <a href=\"https:\/\/lankakauppaihana.fi\/index.php\/product-category\/yleinen\/langat\/materiaalit\/villa\/merinovilla\/arantweed2\/\">Aran Tweed<\/a> (160m\/100g). Select NO 1:ss\u00e4 on donegal-nyppyisen merinon lis\u00e4ksi 30% mohairia. Langassa on eritt\u00e4in kaunis pinta, ja vaikka vyyhti tuntuukin j\u00e4m\u00e4k\u00e4lt\u00e4, lanka pehmenee mutta my\u00f6s kest\u00e4\u00e4 k\u00e4yt\u00f6ss\u00e4 \ud83d\ude42<\/p>\n<p>Select NO 1 -lanka on dk\/worsted-vahvuinen rustiikkinen lanka, jota neulot puikoilla 4.<br \/>\nKer\u00e4n koko on 50g ja siin\u00e4 on noin 110m lankaa (juoksevuus ~220m\/100g).<\/p>\n<p>Langan koostumus: 70% merinovilla \/\/ 30% mohair<br \/>\nPesu: k\u00e4sinpesu (Eth\u00e4n k\u00e4yt\u00e4 huuhteluainetta!)<br \/>\nNeuletiheys: 19 x 26<\/p>\n<p>Kehr\u00e4tty Irlannissa.<\/p>\n<p>Tuotekuvan 2 muut s\u00e4vyt: (keskell\u00e4) 007 Brown Bread, (vasemmalla) 009 Castle of shadows<\/p>\n<\/div>\n<\/div>\n","protected":false},"featured_media":2144,"template":"","meta":{"_monsterinsights_skip_tracking":false,"_monsterinsights_sitenote_active":false,"_monsterinsights_sitenote_note":"","_monsterinsights_sitenote_category":0,"_uf_show_specific_survey":0,"_uf_disable_surveys":false},"product_brand":[],"product_cat":[368,369,235],"product_tag":[72,365,366,367,364],"class_list":{"0":"post-2279","1":"product","2":"type-product","3":"status-publish","4":"has-post-thumbnail","6":"product_cat-selectno1_2","7":"product_cat-selectno1_3","8":"product_cat-selectno1","9":"product_tag-jarbo","10":"product_tag-mohair","11":"product_tag-mohairtweed","12":"product_tag-selectno1","13":"product_tag-tweed","15":"first","16":"instock","17":"taxable","18":"shipping-taxable","19":"purchasable","20":"product-type-simple"},"_links":{"self":[{"href":"https:\/\/lankakauppaihana.fi\/index.php\/wp-json\/wp\/v2\/product\/2279","targetHints":{"allow":["GET"]}}],"collection":[{"href":"https:\/\/lankakauppaihana.fi\/index.php\/wp-json\/wp\/v2\/product"}],"about":[{"href":"https:\/\/lankakauppaihana.fi\/index.php\/wp-json\/wp\/v2\/types\/product"}],"wp:featuredmedia":[{"embeddable":true,"href":"https:\/\/lankakauppaihana.fi\/index.php\/wp-json\/wp\/v2\/media\/2144"}],"wp:attachment":[{"href":"https:\/\/lankakauppaihana.fi\/index.php\/wp-json\/wp\/v2\/media?parent=2279"}],"wp:term":[{"taxonomy":"product_brand","embeddable":true,"href":"https:\/\/lankakauppaihana.fi\/index.php\/wp-json\/wp\/v2\/product_brand?post=2279"},{"taxonomy":"product_cat","embeddable":true,"href":"https:\/\/lankakauppaihana.fi\/index.php\/wp-json\/wp\/v2\/product_cat?post=2279"},{"taxonomy":"product_tag","embeddable":true,"href":"https:\/\/lankakauppaihana.fi\/index.php\/wp-json\/wp\/v2\/product_tag?post=2279"}],"curies":[{"name":"wp","href":"https:\/\/api.w.org\/{rel}","templated":true}]}}