{"id":2283,"date":"2024-07-22T13:30:18","date_gmt":"2024-07-22T10:30:18","guid":{"rendered":"https:\/\/lankakauppaihana.fi\/?post_type=product&#038;p=2283"},"modified":"2025-12-26T23:35:18","modified_gmt":"2025-12-26T21:35:18","slug":"aran-tweed-confetti","status":"publish","type":"product","link":"https:\/\/lankakauppaihana.fi\/index.php\/product\/aran-tweed-confetti\/","title":{"rendered":"Aran Tweed, Confetti"},"content":{"rendered":"","protected":false},"excerpt":{"rendered":"<div class=\"woocommerce-product-details__short-description\">\n<div class=\"woocommerce-product-details__short-description\">\n<div class=\"woocommerce-product-details__short-description\">\n<p><strong>100% merinovilla<\/strong> * * * <strong>aran\u00a0<\/strong> (160m\/100g)* * * <strong>puikot: 4\u00bd<\/strong><\/p>\n<p>Isagerin Aran Tweed on valikoimassamme olevista Donegal Tweed -langoista paksuin (160m\/100g). Aran Tweed on kehr\u00e4tty ja v\u00e4rj\u00e4tty perinteiden mukaisesti Irlannissa (samoin kuin yli puolet ohuempi Lang Yarnsin <a href=\"https:\/\/lankakauppaihana.fi\/index.php\/product-category\/yleinen\/langat\/materiaalit\/villa\/merinovilla\/donegal\/\">Donegal<\/a> (380m\/100g) sek\u00e4 t\u00e4t\u00e4 aavistuksen paksumpi J\u00e4rbon <a href=\"https:\/\/lankakauppaihana.fi\/index.php\/product-category\/yleinen\/langat\/materiaalit\/villa\/merinovilla\/selectno1_2\/\">Select NO 1<\/a>\u00a0 (220m\/100g). Lanka on yksis\u00e4ikeinen, ja siin\u00e4 on eritt\u00e4in kaunis pinta ja monen s\u00e4vyisi\u00e4 Donegal-nyppyj\u00e4. Vaikka vyyhti tuntuukin j\u00e4m\u00e4k\u00e4lt\u00e4, lanka pehmenee k\u00e4yt\u00f6ss\u00e4 \ud83d\ude42<\/p>\n<p>Aran Tweed sopii hyvin ulkona k\u00e4ytett\u00e4viin paksumpiin ja tiiviimpiin villapaitoihin, sek\u00e4 my\u00f6s isompiin pinta-aloihin, kuten villaisiin viltteihin\/huopiin ja huiveihin.<\/p>\n<p>Aran Tweed -lankaa neulot puikoilla 4\u00bd.<br \/>\nVyyhdin koko on 100g ja siin\u00e4 on noin 160m lankaa (juoksevuus ~160m\/100g).<\/p>\n<p>Langan koostumus: 100% merinovilla<br \/>\nPesu: k\u00e4sinpesu (Eth\u00e4n k\u00e4yt\u00e4 huuhteluainetta!)<br \/>\nNeuletiheys: 14 x 20<\/p>\n<p>Kehr\u00e4tty Irlannissa.<\/p>\n<p>Tuotekuvan 2 toinen s\u00e4vy: 106 Rose<\/p>\n<\/div>\n<\/div>\n<\/div>\n","protected":false},"featured_media":2132,"template":"","meta":{"_monsterinsights_skip_tracking":false,"_monsterinsights_sitenote_active":false,"_monsterinsights_sitenote_note":"","_monsterinsights_sitenote_category":0,"_uf_show_specific_survey":0,"_uf_disable_surveys":false},"product_brand":[],"product_cat":[371,372,373],"product_tag":[370,165,230,166],"class_list":{"0":"post-2283","1":"product","2":"type-product","3":"status-publish","4":"has-post-thumbnail","6":"product_cat-arantweed","7":"product_cat-arantweed2","8":"product_cat-arantweed3","9":"product_tag-aran-tweed","10":"product_tag-donegal","11":"product_tag-isager","12":"product_tag-merinovilla","14":"first","15":"instock","16":"taxable","17":"shipping-taxable","18":"purchasable","19":"product-type-simple"},"_links":{"self":[{"href":"https:\/\/lankakauppaihana.fi\/index.php\/wp-json\/wp\/v2\/product\/2283","targetHints":{"allow":["GET"]}}],"collection":[{"href":"https:\/\/lankakauppaihana.fi\/index.php\/wp-json\/wp\/v2\/product"}],"about":[{"href":"https:\/\/lankakauppaihana.fi\/index.php\/wp-json\/wp\/v2\/types\/product"}],"wp:featuredmedia":[{"embeddable":true,"href":"https:\/\/lankakauppaihana.fi\/index.php\/wp-json\/wp\/v2\/media\/2132"}],"wp:attachment":[{"href":"https:\/\/lankakauppaihana.fi\/index.php\/wp-json\/wp\/v2\/media?parent=2283"}],"wp:term":[{"taxonomy":"product_brand","embeddable":true,"href":"https:\/\/lankakauppaihana.fi\/index.php\/wp-json\/wp\/v2\/product_brand?post=2283"},{"taxonomy":"product_cat","embeddable":true,"href":"https:\/\/lankakauppaihana.fi\/index.php\/wp-json\/wp\/v2\/product_cat?post=2283"},{"taxonomy":"product_tag","embeddable":true,"href":"https:\/\/lankakauppaihana.fi\/index.php\/wp-json\/wp\/v2\/product_tag?post=2283"}],"curies":[{"name":"wp","href":"https:\/\/api.w.org\/{rel}","templated":true}]}}