{"id":2286,"date":"2024-09-04T12:30:56","date_gmt":"2024-09-04T09:30:56","guid":{"rendered":"https:\/\/lankakauppaihana.fi\/?post_type=product&#038;p=2286"},"modified":"2025-10-03T17:30:46","modified_gmt":"2025-10-03T14:30:46","slug":"jensen-098-merlot","status":"publish","type":"product","link":"https:\/\/lankakauppaihana.fi\/index.php\/product\/jensen-098-merlot\/","title":{"rendered":"Jensen, 098 Merlot"},"content":{"rendered":"","protected":false},"excerpt":{"rendered":"<div class=\"woocommerce-product-details__short-description\">\n<div class=\"woocommerce-product-details__short-description\">\n<div class=\"woocommerce-product-details__short-description\">\n<p><strong>100% villa\u00a0 <\/strong>* * *<strong> dk\/worsted <\/strong>(250m\/100g) * * * <strong>puikot: 3<\/strong><\/p>\n<p>Isagerin Jensen on Tanskassa kehr\u00e4tty kolmis\u00e4ikeinen perinteinen villalanka. Jensen on valmistettu p\u00e4\u00e4osin uusiseelantilaisesta villasta, ja sin\u00e4 olevat tummat kuidut ovat puolestaan per\u00e4isin eurooppalaisesta gotlanninlampaasta \ud83d\ude42<br \/>\nJensen on kest\u00e4v\u00e4 ja tasalaatuinen lanka, josta valmistat neuleet sek\u00e4 sis\u00e4- ett\u00e4 ulkok\u00e4ytt\u00f6\u00f6n. Jensen sopii hyvin my\u00f6s lapas- ja pipolangaksi.<\/p>\n<p>Yhdess\u00e4 100g vyyhdiss\u00e4 on 250m lankaa. Vyyhti aukeaa kahdeksi pienemm\u00e4ksi vyyhdiksi, jolloin siit\u00e4 on helppo keri\u00e4 kerralla vaikkapa vain puolet.<\/p>\n<p>Neulot Jenseni\u00e4 yksist\u00e4\u00e4n puikoilla 3. Neuletiheys on t\u00e4ll\u00f6in 22 x 28.<br \/>\nVoit my\u00f6s yhdist\u00e4\u00e4 Jensenin muihin lankoihin:<br \/>\n\u2013 yhdess\u00e4 Alpaca 2 kanssa puikkosuositus: 4<br \/>\n\u2013 yhdess\u00e4 Isagerin silkkimohairin kanssa puikkosuositus: 5<\/p>\n<p>Jensen on kehr\u00e4tty ja v\u00e4rj\u00e4tty Tanskassa \ud83d\ude42<strong><br \/>\nLanka on vivahteikkaan meleerattu, sill\u00e4 siin\u00e4 on mukana my\u00f6s tummia kuituja, jotka ovat per\u00e4isin eurooppalaisista gotlanninlampaista \ud83d\ude42 <\/strong><\/p>\n<\/div>\n<\/div>\n<\/div>\n","protected":false},"featured_media":2136,"template":"","meta":{"_monsterinsights_skip_tracking":false,"_monsterinsights_sitenote_active":false,"_monsterinsights_sitenote_note":"","_monsterinsights_sitenote_category":0,"_uf_show_specific_survey":0,"_uf_disable_surveys":false},"product_brand":[],"product_cat":[376,377,378],"product_tag":[230,374],"class_list":{"0":"post-2286","1":"product","2":"type-product","3":"status-publish","4":"has-post-thumbnail","6":"product_cat-jensen","7":"product_cat-jensen2","8":"product_cat-jensen3","9":"product_tag-isager","10":"product_tag-jensen","12":"first","13":"instock","14":"taxable","15":"shipping-taxable","16":"purchasable","17":"product-type-simple"},"_links":{"self":[{"href":"https:\/\/lankakauppaihana.fi\/index.php\/wp-json\/wp\/v2\/product\/2286","targetHints":{"allow":["GET"]}}],"collection":[{"href":"https:\/\/lankakauppaihana.fi\/index.php\/wp-json\/wp\/v2\/product"}],"about":[{"href":"https:\/\/lankakauppaihana.fi\/index.php\/wp-json\/wp\/v2\/types\/product"}],"wp:featuredmedia":[{"embeddable":true,"href":"https:\/\/lankakauppaihana.fi\/index.php\/wp-json\/wp\/v2\/media\/2136"}],"wp:attachment":[{"href":"https:\/\/lankakauppaihana.fi\/index.php\/wp-json\/wp\/v2\/media?parent=2286"}],"wp:term":[{"taxonomy":"product_brand","embeddable":true,"href":"https:\/\/lankakauppaihana.fi\/index.php\/wp-json\/wp\/v2\/product_brand?post=2286"},{"taxonomy":"product_cat","embeddable":true,"href":"https:\/\/lankakauppaihana.fi\/index.php\/wp-json\/wp\/v2\/product_cat?post=2286"},{"taxonomy":"product_tag","embeddable":true,"href":"https:\/\/lankakauppaihana.fi\/index.php\/wp-json\/wp\/v2\/product_tag?post=2286"}],"curies":[{"name":"wp","href":"https:\/\/api.w.org\/{rel}","templated":true}]}}