{"id":2318,"date":"2024-07-23T00:03:54","date_gmt":"2024-07-22T21:03:54","guid":{"rendered":"https:\/\/lankakauppaihana.fi\/?post_type=product&#038;p=2318"},"modified":"2025-04-16T14:08:16","modified_gmt":"2025-04-16T11:08:16","slug":"alafosslopi-9972-ecru","status":"publish","type":"product","link":"https:\/\/lankakauppaihana.fi\/index.php\/product\/alafosslopi-9972-ecru\/","title":{"rendered":"Alafosslopi, <br>9972 Ecru"},"content":{"rendered":"","protected":false},"excerpt":{"rendered":"<p><strong>100% islantilainen villa\u00a0 <\/strong>* * *<strong> chunky <\/strong>(100m\/100g) * * * <strong>puikot: 6<\/strong><\/p>\n<p>Istexin Alafosslopi on paksu villalanka, josta neulot perinteiset islantilaiset villapaidat ja asusteet koon 6 puikoilla.<br \/>\nIslantilainen villa on tunnetusti l\u00e4mmint\u00e4, vett\u00e4hylkiv\u00e4\u00e4 ja ilmavaa. Alafosslopin s\u00e4vyt ovat eloisia ja luonnollisia, ja niit\u00e4 on helppo yhdistell\u00e4 toisiinsa \ud83d\ude42<\/p>\n<p>Yhdess\u00e4 100g ker\u00e4ss\u00e4 on 100m lankaa.<\/p>\n<p>Kehr\u00e4tty Islannissa \ud83d\ude42<\/p>\n","protected":false},"featured_media":2201,"template":"","meta":{"_monsterinsights_skip_tracking":false,"_monsterinsights_sitenote_active":false,"_monsterinsights_sitenote_note":"","_monsterinsights_sitenote_category":0,"_uf_show_specific_survey":0,"_uf_disable_surveys":false},"product_brand":[],"product_cat":[380,382,383],"product_tag":[384,386,385,227],"class_list":{"0":"post-2318","1":"product","2":"type-product","3":"status-publish","4":"has-post-thumbnail","6":"product_cat-alafosslopi","7":"product_cat-alafosslopi2","8":"product_cat-alafosslopi3","9":"product_tag-alafosslopi","10":"product_tag-islantilainen","11":"product_tag-istex","12":"product_tag-villa","14":"first","15":"instock","16":"taxable","17":"shipping-taxable","18":"purchasable","19":"product-type-simple"},"_links":{"self":[{"href":"https:\/\/lankakauppaihana.fi\/index.php\/wp-json\/wp\/v2\/product\/2318","targetHints":{"allow":["GET"]}}],"collection":[{"href":"https:\/\/lankakauppaihana.fi\/index.php\/wp-json\/wp\/v2\/product"}],"about":[{"href":"https:\/\/lankakauppaihana.fi\/index.php\/wp-json\/wp\/v2\/types\/product"}],"wp:featuredmedia":[{"embeddable":true,"href":"https:\/\/lankakauppaihana.fi\/index.php\/wp-json\/wp\/v2\/media\/2201"}],"wp:attachment":[{"href":"https:\/\/lankakauppaihana.fi\/index.php\/wp-json\/wp\/v2\/media?parent=2318"}],"wp:term":[{"taxonomy":"product_brand","embeddable":true,"href":"https:\/\/lankakauppaihana.fi\/index.php\/wp-json\/wp\/v2\/product_brand?post=2318"},{"taxonomy":"product_cat","embeddable":true,"href":"https:\/\/lankakauppaihana.fi\/index.php\/wp-json\/wp\/v2\/product_cat?post=2318"},{"taxonomy":"product_tag","embeddable":true,"href":"https:\/\/lankakauppaihana.fi\/index.php\/wp-json\/wp\/v2\/product_tag?post=2318"}],"curies":[{"name":"wp","href":"https:\/\/api.w.org\/{rel}","templated":true}]}}