{"id":2320,"date":"2024-07-23T16:06:38","date_gmt":"2024-07-23T13:06:38","guid":{"rendered":"https:\/\/lankakauppaihana.fi\/?post_type=product&#038;p=2320"},"modified":"2024-07-24T19:17:28","modified_gmt":"2024-07-24T16:17:28","slug":"the-knitting-barber-silmukkakaapelit-musta","status":"publish","type":"product","link":"https:\/\/lankakauppaihana.fi\/index.php\/product\/the-knitting-barber-silmukkakaapelit-musta\/","title":{"rendered":"The Knitting Barber <br> silmukkakaapelit"},"content":{"rendered":"","protected":false},"excerpt":{"rendered":"<p>The Knitting Barberin silikoniset silmukkakaapelit ovat joka neulojan hyv\u00e4ksi havaittu apuv\u00e4line!<\/p>\n<p>Jos joudut keskeytt\u00e4m\u00e4\u00e4n neulety\u00f6si esimerkiksi lainataksesi puikkoja toiseen ty\u00f6h\u00f6n, tai haluat irrottaa puikot ty\u00f6st\u00e4 sovittamisen ajaksi, voit sujauttaa tilalle silmukkakaapelin!<\/p>\n<p>Kaapeli on ontto, jolloin ty\u00f6n puikonk\u00e4rki sujahtaa kaapelin sis\u00e4\u00e4n ja kiinnittyy kaapeliin imukuppimaisesti. T\u00e4m\u00e4n j\u00e4lkeen voit varovaisesti vet\u00e4\u00e4 puikon pois ty\u00f6st\u00e4, ja silmukkakaapeli sujahtaa puikon tilalle \ud83d\ude42<\/p>\n<p>Pakkauksessa tulee yhteens\u00e4 3 kaapelia: 2x 75cm kaapelia (hihoihin) ja yksi 150cm mittainen kaapeli (vartaloon).<br \/>\nSopii k\u00e4ytett\u00e4v\u00e4ksi koon 2,25-7mm puikkojen kanssa.<\/p>\n","protected":false},"featured_media":2449,"template":"","meta":{"_monsterinsights_skip_tracking":false,"_monsterinsights_sitenote_active":false,"_monsterinsights_sitenote_note":"","_monsterinsights_sitenote_category":0,"_uf_show_specific_survey":0,"_uf_disable_surveys":false},"product_brand":[],"product_cat":[254,258],"product_tag":[388,387],"class_list":{"0":"post-2320","1":"product","2":"type-product","3":"status-publish","4":"has-post-thumbnail","6":"product_cat-knittingbarber","7":"product_cat-theknittingbarber2","8":"product_tag-silmukkakaapelit","9":"product_tag-theknittingbarber","11":"first","12":"onbackorder","13":"taxable","14":"shipping-taxable","15":"purchasable","16":"product-type-variable"},"_links":{"self":[{"href":"https:\/\/lankakauppaihana.fi\/index.php\/wp-json\/wp\/v2\/product\/2320","targetHints":{"allow":["GET"]}}],"collection":[{"href":"https:\/\/lankakauppaihana.fi\/index.php\/wp-json\/wp\/v2\/product"}],"about":[{"href":"https:\/\/lankakauppaihana.fi\/index.php\/wp-json\/wp\/v2\/types\/product"}],"wp:featuredmedia":[{"embeddable":true,"href":"https:\/\/lankakauppaihana.fi\/index.php\/wp-json\/wp\/v2\/media\/2449"}],"wp:attachment":[{"href":"https:\/\/lankakauppaihana.fi\/index.php\/wp-json\/wp\/v2\/media?parent=2320"}],"wp:term":[{"taxonomy":"product_brand","embeddable":true,"href":"https:\/\/lankakauppaihana.fi\/index.php\/wp-json\/wp\/v2\/product_brand?post=2320"},{"taxonomy":"product_cat","embeddable":true,"href":"https:\/\/lankakauppaihana.fi\/index.php\/wp-json\/wp\/v2\/product_cat?post=2320"},{"taxonomy":"product_tag","embeddable":true,"href":"https:\/\/lankakauppaihana.fi\/index.php\/wp-json\/wp\/v2\/product_tag?post=2320"}],"curies":[{"name":"wp","href":"https:\/\/api.w.org\/{rel}","templated":true}]}}