{"id":2412,"date":"2024-07-24T14:24:38","date_gmt":"2024-07-24T11:24:38","guid":{"rendered":"https:\/\/lankakauppaihana.fi\/?post_type=product&#038;p=2412"},"modified":"2024-09-09T11:11:01","modified_gmt":"2024-09-09T08:11:01","slug":"arctic-banana-009-woods","status":"publish","type":"product","link":"https:\/\/lankakauppaihana.fi\/index.php\/product\/arctic-banana-009-woods\/","title":{"rendered":"Arctic Banana, <br>009 Woods"},"content":{"rendered":"<p>Arctic Banana -kampalankaa saat 20g, 50g ja 100g keriss\u00e4 (sek\u00e4 toisinaan my\u00f6s 100g vyyhdeiss\u00e4).<br \/>\n\u2013 20g minibansku sopii kuviov\u00e4riksi esimerkiksi lapasiin<br \/>\n\u2013 50g ker\u00e4 riitt\u00e4\u00e4 lapasten pohjav\u00e4riksi (lapasiin kuluu yhteens\u00e4 n. 70g Arctic Banana -kampalankaa)<br \/>\n\u2013 100g ker\u00e4st\u00e4 teet jo kokonaisen pipon, ja 100g riitt\u00e4\u00e4 hyvin my\u00f6s kirjoneuleen kuviov\u00e4riksi \ud83d\ude42<\/p>\n<p>Neuleeseen menekki on noin 400g (lyhyt\/cropattu S) \u2013 500g (M\/L). Voit neuloa Arctic Banana -kampalankaa my\u00f6s yhdess\u00e4 silkkimohairin (esim. <a href=\"https:\/\/lankakauppaihana.fi\/index.php\/product-category\/valmistajat\/langyarns2\/mohairluxe2\">Mohair Luxe<\/a>) kanssa koon 6 puikoilla \ud83d\ude42 Silkkimohair s\u00e4vytt\u00e4\u00e4 kampalankaa upeasti, ja v\u00e4rien yhdistelemisess\u00e4 vain mielikuvitus on rajana!<\/p>\n<p>Arctic Banana -kampalangan s\u00e4vykarttaan kuuluvat sek\u00e4 luonnonv\u00e4rit (valkoinen, musta, beige, vaaleanharmaa, keskiharmaa ja tummanharmaa) ett\u00e4 k\u00e4sinv\u00e4rj\u00e4tyt noin 70 eri s\u00e4vy\u00e4, sek\u00e4 v\u00e4rj\u00e4\u00e4m\u00f6ss\u00e4 teollisesti v\u00e4rj\u00e4tty musta.<\/p>\n<p>Lanka on kehr\u00e4tty Suomessa, ja k\u00e4sinv\u00e4rj\u00e4tty Rovaniemell\u00e4 \ud83d\ude42<br \/>\nHell\u00e4varainen k\u00e4sinpesu. (Eth\u00e4n k\u00e4yt\u00e4 huuhteluainetta!)<\/p>\n<p>K\u00e4sinv\u00e4rj\u00e4tyille langoille on ominaista, ett\u00e4 eri v\u00e4rj\u00e4yserien s\u00e4vyt hieman vaihtelevat. Pyrimme kuitenkin aina poimimaan tilaukseen saman er\u00e4n lankaa. Jos sinulla on kahden eri v\u00e4rj\u00e4yser\u00e4n lankaa, saat mahdolliset s\u00e4vyerot katoamaan ty\u00f6st\u00e4 raidoittamalla \ud83d\ude42<\/p>\n","protected":false},"excerpt":{"rendered":"<div class=\"woocommerce-product-details__short-description\">\n<div class=\"woocommerce-product-details__short-description\">\n<div class=\"woocommerce-product-details__short-description\">\n<div class=\"woocommerce-product-details__short-description\">\n<div class=\"woocommerce-product-details__short-description\">\n<div class=\"woocommerce-product-details__short-description\">\n<div class=\"woocommerce-product-details__short-description\">\n<div class=\"woocommerce-product-details__short-description\">\n<p><strong>100% suomalainen kampavilla <\/strong>* * *<strong> dk\/worsted<\/strong> (210m\/100g) * * * <strong>puikot: 3-4<\/strong><\/p>\n<p>Arctic Bananan kampalanka on pehmoista kotimaista villaa &lt;3 Se on valmistettu suomalaisten alkuper\u00e4isrotujen, p\u00e4\u00e4asiassa suomenlampaan, villasta. Suomenlampaalla on paljon pehme\u00e4\u00e4 pohjavillaa, ja sen laatu vertautuu usein merinovillaan.<\/p>\n<p>Kampavilla, kuten perinteinen karstavillakin, on l\u00e4mmint\u00e4, ilmavaa ja hylkii kosteutta. Kampalanka on kuitenkin pehme\u00e4mp\u00e4\u00e4 ja sile\u00e4mp\u00e4\u00e4 kuin karstalanka, sill\u00e4 se on kehr\u00e4tty villan pisimmist\u00e4 kuiduista, jotka nekin on kammattu samansuuntaisiksi.<\/p>\n<p>Arctic Banana -kampalankaa neulot yksist\u00e4\u00e4n koon 3-4 puikoilla ja kirjoneuletta koon 4\u00bd puikoilla. T\u00e4st\u00e4 langasta voit siis hyvin neuloa my\u00f6s islantilaiset mallit!<\/p>\n<\/div>\n<\/div>\n<\/div>\n<\/div>\n<\/div>\n<\/div>\n<\/div>\n<\/div>\n","protected":false},"featured_media":2511,"template":"","meta":{"_monsterinsights_skip_tracking":false,"_monsterinsights_sitenote_active":false,"_monsterinsights_sitenote_note":"","_monsterinsights_sitenote_category":0,"_uf_show_specific_survey":0,"_uf_disable_surveys":false},"product_brand":[],"product_cat":[389,390,391,29],"product_tag":[129,226,50,268],"class_list":{"0":"post-2412","1":"product","2":"type-product","3":"status-publish","4":"has-post-thumbnail","6":"product_cat-arcticbanana-arcticbanana2","7":"product_cat-arcticbanana2-suomalainenvilla","8":"product_cat-arcticbanana3","9":"product_cat-arcticbanana","10":"product_tag-arctic-banana","11":"product_tag-kampavilla","12":"product_tag-kotimainen","13":"product_tag-suomalainen-villa","15":"first","16":"instock","17":"taxable","18":"shipping-taxable","19":"purchasable","20":"product-type-variable"},"_links":{"self":[{"href":"https:\/\/lankakauppaihana.fi\/index.php\/wp-json\/wp\/v2\/product\/2412","targetHints":{"allow":["GET"]}}],"collection":[{"href":"https:\/\/lankakauppaihana.fi\/index.php\/wp-json\/wp\/v2\/product"}],"about":[{"href":"https:\/\/lankakauppaihana.fi\/index.php\/wp-json\/wp\/v2\/types\/product"}],"wp:featuredmedia":[{"embeddable":true,"href":"https:\/\/lankakauppaihana.fi\/index.php\/wp-json\/wp\/v2\/media\/2511"}],"wp:attachment":[{"href":"https:\/\/lankakauppaihana.fi\/index.php\/wp-json\/wp\/v2\/media?parent=2412"}],"wp:term":[{"taxonomy":"product_brand","embeddable":true,"href":"https:\/\/lankakauppaihana.fi\/index.php\/wp-json\/wp\/v2\/product_brand?post=2412"},{"taxonomy":"product_cat","embeddable":true,"href":"https:\/\/lankakauppaihana.fi\/index.php\/wp-json\/wp\/v2\/product_cat?post=2412"},{"taxonomy":"product_tag","embeddable":true,"href":"https:\/\/lankakauppaihana.fi\/index.php\/wp-json\/wp\/v2\/product_tag?post=2412"}],"curies":[{"name":"wp","href":"https:\/\/api.w.org\/{rel}","templated":true}]}}