{"id":2451,"date":"2024-07-24T20:02:14","date_gmt":"2024-07-24T17:02:14","guid":{"rendered":"https:\/\/lankakauppaihana.fi\/?post_type=product&#038;p=2451"},"modified":"2026-04-02T18:43:17","modified_gmt":"2026-04-02T15:43:17","slug":"mindful-vaihtopaat-10cm","status":"publish","type":"product","link":"https:\/\/lankakauppaihana.fi\/index.php\/product\/mindful-vaihtopaat-10cm\/","title":{"rendered":"Mindful vaihtop\u00e4\u00e4t 10cm"},"content":{"rendered":"","protected":false},"excerpt":{"rendered":"<p>Knitpron Mindful-sarjan py\u00f6r\u00f6puikon vaihtop\u00e4\u00e4t ovat kirurginter\u00e4ksiset ja ter\u00e4v\u00e4k\u00e4rkiset kuten Chiaogoolla. Puikko on muutenkin hyvin samantyyppinen kuin Chiaogoon Red Lace:ssa, ja samaan sarjaan kuuluva Mindful-Swivel kaapelikin yht\u00e4 yhteisty\u00f6haluinen! \ud83d\ude09 N\u00e4m\u00e4 ovat siis eritt\u00e4in hyv\u00e4 vaihtoehto Chiaogoon puikoille.<\/p>\n<p>Yhdess\u00e4 360-astetta py\u00f6riv\u00e4n Swivel-kaapelin kanssa Mindful-setti on oikein toimiva combo. L\u00e4mmin suositus!<\/p>\n","protected":false},"featured_media":2463,"template":"","meta":{"_monsterinsights_skip_tracking":false,"_monsterinsights_sitenote_active":false,"_monsterinsights_sitenote_note":"","_monsterinsights_sitenote_category":0,"_uf_show_specific_survey":0,"_uf_disable_surveys":false},"product_brand":[],"product_cat":[58],"product_tag":[392,393,394],"class_list":{"0":"post-2451","1":"product","2":"type-product","3":"status-publish","4":"has-post-thumbnail","6":"product_cat-vaihtopaat-knitpro","7":"product_tag-knitpro","8":"product_tag-mindful","9":"product_tag-vaihtopaat","11":"first","12":"instock","13":"taxable","14":"shipping-taxable","15":"purchasable","16":"product-type-variable"},"_links":{"self":[{"href":"https:\/\/lankakauppaihana.fi\/index.php\/wp-json\/wp\/v2\/product\/2451","targetHints":{"allow":["GET"]}}],"collection":[{"href":"https:\/\/lankakauppaihana.fi\/index.php\/wp-json\/wp\/v2\/product"}],"about":[{"href":"https:\/\/lankakauppaihana.fi\/index.php\/wp-json\/wp\/v2\/types\/product"}],"wp:featuredmedia":[{"embeddable":true,"href":"https:\/\/lankakauppaihana.fi\/index.php\/wp-json\/wp\/v2\/media\/2463"}],"wp:attachment":[{"href":"https:\/\/lankakauppaihana.fi\/index.php\/wp-json\/wp\/v2\/media?parent=2451"}],"wp:term":[{"taxonomy":"product_brand","embeddable":true,"href":"https:\/\/lankakauppaihana.fi\/index.php\/wp-json\/wp\/v2\/product_brand?post=2451"},{"taxonomy":"product_cat","embeddable":true,"href":"https:\/\/lankakauppaihana.fi\/index.php\/wp-json\/wp\/v2\/product_cat?post=2451"},{"taxonomy":"product_tag","embeddable":true,"href":"https:\/\/lankakauppaihana.fi\/index.php\/wp-json\/wp\/v2\/product_tag?post=2451"}],"curies":[{"name":"wp","href":"https:\/\/api.w.org\/{rel}","templated":true}]}}