{"id":2492,"date":"2024-07-24T23:18:19","date_gmt":"2024-07-24T20:18:19","guid":{"rendered":"https:\/\/lankakauppaihana.fi\/?post_type=product&#038;p=2492"},"modified":"2026-04-02T18:43:17","modified_gmt":"2026-04-02T15:43:17","slug":"mindful-swivel-kaapelit","status":"publish","type":"product","link":"https:\/\/lankakauppaihana.fi\/index.php\/product\/mindful-swivel-kaapelit\/","title":{"rendered":"Mindful Swivel-kaapelit"},"content":{"rendered":"","protected":false},"excerpt":{"rendered":"<p>Knitpron Mindful-sarjan Swivel-kaapeli py\u00f6rii 360\u00b0 itsens\u00e4 ymp\u00e4ri, jolloin vaihtop\u00e4\u00e4n ja kaapelin saumaan ei tule painetta, joka hiljalleen kiert\u00e4isi vaihtop\u00e4\u00e4n kaapelista irti. Swivel-kaapeli on py\u00f6rivyytens\u00e4 lis\u00e4ksi eritt\u00e4in ohut ja taipuisa, eli kaikin puolin yhteisty\u00f6haluinen! \ud83d\ude09<\/p>\n<p>Yhdess\u00e4 kirurginter\u00e4ksisten Mindful-vaihtop\u00e4iden kanssa Mindful-setti on oikein toimiva combo ja eritt\u00e4in hyv\u00e4 vaihtoehto Chiaogoon puikoille. L\u00e4mmin suositus!<\/p>\n","protected":false},"featured_media":2462,"template":"","meta":{"_monsterinsights_skip_tracking":false,"_monsterinsights_sitenote_active":false,"_monsterinsights_sitenote_note":"","_monsterinsights_sitenote_category":0,"_uf_show_specific_survey":0,"_uf_disable_surveys":false},"product_brand":[],"product_cat":[59],"product_tag":[392,393,395],"class_list":{"0":"post-2492","1":"product","2":"type-product","3":"status-publish","4":"has-post-thumbnail","6":"product_cat-kaapelit-knitpro","7":"product_tag-knitpro","8":"product_tag-mindful","9":"product_tag-swivel-kaapeli","11":"first","12":"instock","13":"taxable","14":"shipping-taxable","15":"purchasable","16":"product-type-variable"},"_links":{"self":[{"href":"https:\/\/lankakauppaihana.fi\/index.php\/wp-json\/wp\/v2\/product\/2492","targetHints":{"allow":["GET"]}}],"collection":[{"href":"https:\/\/lankakauppaihana.fi\/index.php\/wp-json\/wp\/v2\/product"}],"about":[{"href":"https:\/\/lankakauppaihana.fi\/index.php\/wp-json\/wp\/v2\/types\/product"}],"wp:featuredmedia":[{"embeddable":true,"href":"https:\/\/lankakauppaihana.fi\/index.php\/wp-json\/wp\/v2\/media\/2462"}],"wp:attachment":[{"href":"https:\/\/lankakauppaihana.fi\/index.php\/wp-json\/wp\/v2\/media?parent=2492"}],"wp:term":[{"taxonomy":"product_brand","embeddable":true,"href":"https:\/\/lankakauppaihana.fi\/index.php\/wp-json\/wp\/v2\/product_brand?post=2492"},{"taxonomy":"product_cat","embeddable":true,"href":"https:\/\/lankakauppaihana.fi\/index.php\/wp-json\/wp\/v2\/product_cat?post=2492"},{"taxonomy":"product_tag","embeddable":true,"href":"https:\/\/lankakauppaihana.fi\/index.php\/wp-json\/wp\/v2\/product_tag?post=2492"}],"curies":[{"name":"wp","href":"https:\/\/api.w.org\/{rel}","templated":true}]}}