{"id":2572,"date":"2024-07-25T15:48:49","date_gmt":"2024-07-25T12:48:49","guid":{"rendered":"https:\/\/lankakauppaihana.fi\/?post_type=product&#038;p=2572"},"modified":"2024-08-10T12:44:14","modified_gmt":"2024-08-10T09:44:14","slug":"arctic-banana-graniitinharmaa-100g","status":"publish","type":"product","link":"https:\/\/lankakauppaihana.fi\/index.php\/product\/arctic-banana-graniitinharmaa-100g\/","title":{"rendered":"Arctic Banana, <br>graniitinharmaa 100g"},"content":{"rendered":"","protected":false},"excerpt":{"rendered":"<p><strong>100% suomalainen kampavilla <\/strong>* * *<strong> dk\/worsted<\/strong> (210m\/100g) * * * <strong>puikot: 3-4<br \/>\n<\/strong><br \/>\n100g Arctic Banana -kampalankaa lampaan omassa luonnollisessa v\u00e4rj\u00e4\u00e4m\u00e4tt\u00f6m\u00e4ss\u00e4 s\u00e4vyss\u00e4 ja valmiiksi kerittyn\u00e4! &lt;3<\/p>\n<p>Arctic Bananan kampalanka on kehr\u00e4tty suomalaisten alkuper\u00e4isrotujen, p\u00e4\u00e4asiassa suomenlampaan, villan pisimmist\u00e4 kuiduista. Kampalanka on pehme\u00e4mp\u00e4\u00e4 ja sile\u00e4mp\u00e4\u00e4 kuin perinteinen karstalanka, sill\u00e4 kehr\u00e4yksess\u00e4 villakuidut on kammattu samansuuntaisiksi.<\/p>\n<p>Arctic Banana -kampalangan juoksevuus on 210m\/100g ja neulot sit\u00e4 puikoilla 3\u00bd (yksist\u00e4\u00e4n) &#8211; 4\u00bd (kirjoneule).<\/p>\n<p>Lyhyeen pitk\u00e4hihaiseen neuleeseen menekki on S\/M-koossa 300g (pohjav\u00e4ri) + 100g (kuviov\u00e4ri).<\/p>\n<p>Ker\u00e4n koko 100g.<br \/>\nHell\u00e4varainen k\u00e4sinpesu.<\/p>\n","protected":false},"featured_media":2559,"template":"","meta":{"_monsterinsights_skip_tracking":false,"_monsterinsights_sitenote_active":false,"_monsterinsights_sitenote_note":"","_monsterinsights_sitenote_category":0,"_uf_show_specific_survey":0,"_uf_disable_surveys":false},"product_brand":[],"product_cat":[389,390,391,27,29],"product_tag":[129,226,50,268],"class_list":{"0":"post-2572","1":"product","2":"type-product","3":"status-publish","4":"has-post-thumbnail","6":"product_cat-arcticbanana-arcticbanana2","7":"product_cat-arcticbanana2-suomalainenvilla","8":"product_cat-arcticbanana3","9":"product_cat-arctic-banana","10":"product_cat-arcticbanana","11":"product_tag-arctic-banana","12":"product_tag-kampavilla","13":"product_tag-kotimainen","14":"product_tag-suomalainen-villa","16":"first","17":"instock","18":"taxable","19":"shipping-taxable","20":"purchasable","21":"product-type-simple"},"_links":{"self":[{"href":"https:\/\/lankakauppaihana.fi\/index.php\/wp-json\/wp\/v2\/product\/2572","targetHints":{"allow":["GET"]}}],"collection":[{"href":"https:\/\/lankakauppaihana.fi\/index.php\/wp-json\/wp\/v2\/product"}],"about":[{"href":"https:\/\/lankakauppaihana.fi\/index.php\/wp-json\/wp\/v2\/types\/product"}],"wp:featuredmedia":[{"embeddable":true,"href":"https:\/\/lankakauppaihana.fi\/index.php\/wp-json\/wp\/v2\/media\/2559"}],"wp:attachment":[{"href":"https:\/\/lankakauppaihana.fi\/index.php\/wp-json\/wp\/v2\/media?parent=2572"}],"wp:term":[{"taxonomy":"product_brand","embeddable":true,"href":"https:\/\/lankakauppaihana.fi\/index.php\/wp-json\/wp\/v2\/product_brand?post=2572"},{"taxonomy":"product_cat","embeddable":true,"href":"https:\/\/lankakauppaihana.fi\/index.php\/wp-json\/wp\/v2\/product_cat?post=2572"},{"taxonomy":"product_tag","embeddable":true,"href":"https:\/\/lankakauppaihana.fi\/index.php\/wp-json\/wp\/v2\/product_tag?post=2572"}],"curies":[{"name":"wp","href":"https:\/\/api.w.org\/{rel}","templated":true}]}}