{"id":2622,"date":"2024-07-25T16:39:53","date_gmt":"2024-07-25T13:39:53","guid":{"rendered":"https:\/\/lankakauppaihana.fi\/?post_type=product&#038;p=2622"},"modified":"2025-11-21T17:04:47","modified_gmt":"2025-11-21T15:04:47","slug":"symfonie-sukkapuikot-15cm","status":"publish","type":"product","link":"https:\/\/lankakauppaihana.fi\/index.php\/product\/symfonie-sukkapuikot-15cm\/","title":{"rendered":"Symfonie sukkapuikot 15cm"},"content":{"rendered":"","protected":false},"excerpt":{"rendered":"<p>Knitpron Symfonie-sarjan sukkapuikot ovat monille tutut kuvioinnistaan. Symfonie-sarjan puikot on valmistettu koivusta, ja niiden pinta on laminoitu liukkaaksi. Symfonie-sarjan puikot ovat eritt\u00e4in kevyet ja niiden k\u00e4rki on sormiyst\u00e4v\u00e4llinen (eli ei ter\u00e4v\u00e4).<\/p>\n<p>Puikkojen pituus on 15cm, ja paketista l\u00f6ytyy 5 kpl \ud83d\ude42<\/p>\n","protected":false},"featured_media":2467,"template":"","meta":{"_monsterinsights_skip_tracking":false,"_monsterinsights_sitenote_active":false,"_monsterinsights_sitenote_note":"","_monsterinsights_sitenote_category":0,"_uf_show_specific_survey":0,"_uf_disable_surveys":false},"product_brand":[],"product_cat":[399],"product_tag":[392,398,397],"class_list":{"0":"post-2622","1":"product","2":"type-product","3":"status-publish","4":"has-post-thumbnail","6":"product_cat-symfonie-15cm","7":"product_tag-knitpro","8":"product_tag-sukkapuikot","9":"product_tag-symfonie","11":"first","12":"instock","13":"taxable","14":"shipping-taxable","15":"purchasable","16":"product-type-variable"},"_links":{"self":[{"href":"https:\/\/lankakauppaihana.fi\/index.php\/wp-json\/wp\/v2\/product\/2622","targetHints":{"allow":["GET"]}}],"collection":[{"href":"https:\/\/lankakauppaihana.fi\/index.php\/wp-json\/wp\/v2\/product"}],"about":[{"href":"https:\/\/lankakauppaihana.fi\/index.php\/wp-json\/wp\/v2\/types\/product"}],"wp:featuredmedia":[{"embeddable":true,"href":"https:\/\/lankakauppaihana.fi\/index.php\/wp-json\/wp\/v2\/media\/2467"}],"wp:attachment":[{"href":"https:\/\/lankakauppaihana.fi\/index.php\/wp-json\/wp\/v2\/media?parent=2622"}],"wp:term":[{"taxonomy":"product_brand","embeddable":true,"href":"https:\/\/lankakauppaihana.fi\/index.php\/wp-json\/wp\/v2\/product_brand?post=2622"},{"taxonomy":"product_cat","embeddable":true,"href":"https:\/\/lankakauppaihana.fi\/index.php\/wp-json\/wp\/v2\/product_cat?post=2622"},{"taxonomy":"product_tag","embeddable":true,"href":"https:\/\/lankakauppaihana.fi\/index.php\/wp-json\/wp\/v2\/product_tag?post=2622"}],"curies":[{"name":"wp","href":"https:\/\/api.w.org\/{rel}","templated":true}]}}