{"id":2635,"date":"2024-07-25T22:33:45","date_gmt":"2024-07-25T19:33:45","guid":{"rendered":"https:\/\/lankakauppaihana.fi\/?post_type=product&#038;p=2635"},"modified":"2026-01-30T16:00:13","modified_gmt":"2026-01-30T14:00:13","slug":"twist-lace-vaihtopaat-s","status":"publish","type":"product","link":"https:\/\/lankakauppaihana.fi\/index.php\/product\/twist-lace-vaihtopaat-s\/","title":{"rendered":"Twist Lace -vaihtop\u00e4\u00e4t (S)"},"content":{"rendered":"","protected":false},"excerpt":{"rendered":"<p>Chiaogoon S-sarjan Twist Lace -py\u00f6r\u00f6puikon vaihtop\u00e4\u00e4t on valmistettu kirurginter\u00e4ksest\u00e4, ja puikoissa on ter\u00e4v\u00e4hk\u00f6 p\u00e4\u00e4, jolla on helppo noukkia ohuempikin silmukka.<\/p>\n<p>S-sarjan vaihtop\u00e4\u00e4t sopivat ainoastaan S-sarjan kaapeleihin.<\/p>\n<p>Saatavilla on 8cm, 10cm ja 13cm pituiset p\u00e4\u00e4t:<br \/>\n&#8211; 8-senttinen on todella lyhyt (sormenp\u00e4ill\u00e4 neulottava), mutta taipuu 20cm kaapelin kanssa pieniinkin py\u00f6r\u00f6neuleisiin<br \/>\n&#8211; 10-senttist\u00e4 voit k\u00e4ytt\u00e4\u00e4 &#8221;arkipuikkona&#8221; eli sill\u00e4 neulot isommatkin pinnat, ja se taipuu my\u00f6s lyhyimm\u00e4n 20cm kaapelin kanssa<br \/>\n&#8211; 13-senttinen sopii my\u00f6s isompiin pintoihin, mutta ei taivu pienempiin py\u00f6r\u00f6neuleisiin eik\u00e4 k\u00e4y 20cm kaapelin kanssa<\/p>\n<p><a href=\"https:\/\/lankakauppaihana.fi\/index.php\/product\/twist-red-kaapelit-s\/\">Kaapelipakkauksen<\/a> mukana tulee kiristysneula, jota kannattaa k\u00e4ytt\u00e4\u00e4 esimerkiksi nahkahanskan kanssa, jotta kirist\u00e4minen varmasti onnistuu eiv\u00e4tk\u00e4 puikon ja kaapelin liitokset l\u00f6ysty auki k\u00e4yt\u00f6ss\u00e4 \ud83d\ude42<\/p>\n","protected":false},"featured_media":2452,"template":"","meta":{"_monsterinsights_skip_tracking":false,"_monsterinsights_sitenote_active":false,"_monsterinsights_sitenote_note":"","_monsterinsights_sitenote_category":0,"_uf_show_specific_survey":0,"_uf_disable_surveys":false},"product_brand":[],"product_cat":[400,54],"product_tag":[187,189,402,401,394],"class_list":{"0":"post-2635","1":"product","2":"type-product","3":"status-publish","4":"has-post-thumbnail","6":"product_cat-vaihtopaat-chiaogoo2","7":"product_cat-vaihtopaat","8":"product_tag-chiaogoo","9":"product_tag-pyoropuikot","10":"product_tag-spin","11":"product_tag-twist-lace","12":"product_tag-vaihtopaat","14":"first","15":"instock","16":"taxable","17":"shipping-taxable","18":"purchasable","19":"product-type-variable"},"_links":{"self":[{"href":"https:\/\/lankakauppaihana.fi\/index.php\/wp-json\/wp\/v2\/product\/2635","targetHints":{"allow":["GET"]}}],"collection":[{"href":"https:\/\/lankakauppaihana.fi\/index.php\/wp-json\/wp\/v2\/product"}],"about":[{"href":"https:\/\/lankakauppaihana.fi\/index.php\/wp-json\/wp\/v2\/types\/product"}],"wp:featuredmedia":[{"embeddable":true,"href":"https:\/\/lankakauppaihana.fi\/index.php\/wp-json\/wp\/v2\/media\/2452"}],"wp:attachment":[{"href":"https:\/\/lankakauppaihana.fi\/index.php\/wp-json\/wp\/v2\/media?parent=2635"}],"wp:term":[{"taxonomy":"product_brand","embeddable":true,"href":"https:\/\/lankakauppaihana.fi\/index.php\/wp-json\/wp\/v2\/product_brand?post=2635"},{"taxonomy":"product_cat","embeddable":true,"href":"https:\/\/lankakauppaihana.fi\/index.php\/wp-json\/wp\/v2\/product_cat?post=2635"},{"taxonomy":"product_tag","embeddable":true,"href":"https:\/\/lankakauppaihana.fi\/index.php\/wp-json\/wp\/v2\/product_tag?post=2635"}],"curies":[{"name":"wp","href":"https:\/\/api.w.org\/{rel}","templated":true}]}}