{"id":2645,"date":"2024-07-25T22:45:02","date_gmt":"2024-07-25T19:45:02","guid":{"rendered":"https:\/\/lankakauppaihana.fi\/?post_type=product&#038;p=2645"},"modified":"2025-11-06T13:25:14","modified_gmt":"2025-11-06T11:25:14","slug":"spin-vaihtopaat-s","status":"publish","type":"product","link":"https:\/\/lankakauppaihana.fi\/index.php\/product\/spin-vaihtopaat-s\/","title":{"rendered":"Spin -bambuvaihtop\u00e4\u00e4t (S)"},"content":{"rendered":"","protected":false},"excerpt":{"rendered":"<p>Chiaogoon S-sarjan Spin -py\u00f6r\u00f6puikon vaihtop\u00e4\u00e4t on valmistettu bambusta. Puikoissa on ter\u00e4v\u00e4hk\u00f6 p\u00e4\u00e4, jolla on helppo noukkia ohuempikin silmukka.<\/p>\n<p>Spin-sarjasta on saatavilla (meill\u00e4 Ihanassa) 10cm ja 13cm pituiset p\u00e4\u00e4t:<br \/>\n&#8211; 10-senttist\u00e4 voit k\u00e4ytt\u00e4\u00e4 &#8221;arkipuikkona&#8221; eli sill\u00e4 neulot kaikenkokoiset pinnat, ja se taipuu my\u00f6s lyhyimm\u00e4n 20cm kaapelin kanssa (esim. hihoihin)<br \/>\n&#8211; 13-senttinen sopii isompiin pintoihin, eik\u00e4 se taivu pienempiin py\u00f6r\u00f6neuleisiin (kaapelisuositus 35cm yl\u00f6sp\u00e4in)<\/p>\n<p><a href=\"https:\/\/lankakauppaihana.fi\/index.php\/product\/twist-red-kaapelit-s\/\">Kaapelipakkauksen<\/a> mukana tulee kiristysneula, jota kannattaa k\u00e4ytt\u00e4\u00e4 esimerkiksi nahkahanskan kanssa, jotta kirist\u00e4minen varmasti onnistuu eiv\u00e4tk\u00e4 puikon ja kaapelin liitokset l\u00f6ysty auki k\u00e4yt\u00f6ss\u00e4 \ud83d\ude42<\/p>\n<p>Huomioithan, ett\u00e4 S-sarjan vaihtop\u00e4\u00e4t sopivat ainoastaan S-sarjan kaapeleihin.<\/p>\n","protected":false},"featured_media":2456,"template":"","meta":{"_monsterinsights_skip_tracking":false,"_monsterinsights_sitenote_active":false,"_monsterinsights_sitenote_note":"","_monsterinsights_sitenote_category":0,"_uf_show_specific_survey":0,"_uf_disable_surveys":false},"product_brand":[],"product_cat":[400,54],"product_tag":[187,189,402,394],"class_list":{"0":"post-2645","1":"product","2":"type-product","3":"status-publish","4":"has-post-thumbnail","6":"product_cat-vaihtopaat-chiaogoo2","7":"product_cat-vaihtopaat","8":"product_tag-chiaogoo","9":"product_tag-pyoropuikot","10":"product_tag-spin","11":"product_tag-vaihtopaat","13":"first","14":"instock","15":"taxable","16":"shipping-taxable","17":"purchasable","18":"product-type-variable"},"_links":{"self":[{"href":"https:\/\/lankakauppaihana.fi\/index.php\/wp-json\/wp\/v2\/product\/2645","targetHints":{"allow":["GET"]}}],"collection":[{"href":"https:\/\/lankakauppaihana.fi\/index.php\/wp-json\/wp\/v2\/product"}],"about":[{"href":"https:\/\/lankakauppaihana.fi\/index.php\/wp-json\/wp\/v2\/types\/product"}],"wp:featuredmedia":[{"embeddable":true,"href":"https:\/\/lankakauppaihana.fi\/index.php\/wp-json\/wp\/v2\/media\/2456"}],"wp:attachment":[{"href":"https:\/\/lankakauppaihana.fi\/index.php\/wp-json\/wp\/v2\/media?parent=2645"}],"wp:term":[{"taxonomy":"product_brand","embeddable":true,"href":"https:\/\/lankakauppaihana.fi\/index.php\/wp-json\/wp\/v2\/product_brand?post=2645"},{"taxonomy":"product_cat","embeddable":true,"href":"https:\/\/lankakauppaihana.fi\/index.php\/wp-json\/wp\/v2\/product_cat?post=2645"},{"taxonomy":"product_tag","embeddable":true,"href":"https:\/\/lankakauppaihana.fi\/index.php\/wp-json\/wp\/v2\/product_tag?post=2645"}],"curies":[{"name":"wp","href":"https:\/\/api.w.org\/{rel}","templated":true}]}}