{"id":2661,"date":"2024-07-25T23:32:22","date_gmt":"2024-07-25T20:32:22","guid":{"rendered":"https:\/\/lankakauppaihana.fi\/?post_type=product&#038;p=2661"},"modified":"2024-07-25T23:45:02","modified_gmt":"2024-07-25T20:45:02","slug":"neulottu-kalevala","status":"publish","type":"product","link":"https:\/\/lankakauppaihana.fi\/index.php\/product\/neulottu-kalevala\/","title":{"rendered":"Neulottu Kalevala"},"content":{"rendered":"","protected":false},"excerpt":{"rendered":"<p><strong>Jenna Kostetin<\/strong> <em>Neulottu Kalevala<\/em> sis\u00e4lt\u00e4\u00e4 18 Kalevalan runoista inspiraationsa saanutta neuleohjetta, kuten Suolaulu-paidan, Joukahainen-sukat ja Pohjolan neito -takin. Niiden taidokkaat kirjoneulekuviot ovat saaneet vaikutteita suomalaisista, skandinaavisista ja baltialaisista perinneneuleista. Neuleissa n\u00e4kyv\u00e4t it\u00e4merensuomalaiset myyttiset kertomukset, muinaiset symbolit, uskomusolennot ja luonto. Samalla ne tarjoavat kotimaisen vastineen huippusuosituille islantilaisneuleille.<\/p>\n<p>Kaikki kirjan neuleet neulotaan yhten\u00e4 kappaleena, ja kirjoneuleissa k\u00e4ytet\u00e4\u00e4n vain kahta v\u00e4ri\u00e4 kerrallaan \u2013 siksi ne onnistuvat my\u00f6s v\u00e4hemm\u00e4n kokeneelta neulojalta. Ohjeissa hy\u00f6dynnet\u00e4\u00e4n monipuolisesti sek\u00e4 ohuempia ett\u00e4 paksumpia lankoja, ja neulojalle tarjotaan useita lankavaihtoehtoja.<\/p>\n<p>Jenna Kostet on kirjailija ja neulesuunnittelija, joka tunnetaan useasta hittineuleestaan, kuten Suolaulu-paidasta. H\u00e4n on my\u00f6s julkaissut useita historiallisia romaaneja ja lastenkirjoja.<\/p>\n","protected":false},"featured_media":2360,"template":"","meta":{"_monsterinsights_skip_tracking":false,"_monsterinsights_sitenote_active":false,"_monsterinsights_sitenote_note":"","_monsterinsights_sitenote_category":0,"_uf_show_specific_survey":0,"_uf_disable_surveys":false},"product_brand":[],"product_cat":[408],"product_tag":[],"class_list":{"0":"post-2661","1":"product","2":"type-product","3":"status-publish","4":"has-post-thumbnail","6":"product_cat-kirjat","8":"first","9":"instock","10":"taxable","11":"shipping-taxable","12":"purchasable","13":"product-type-simple"},"_links":{"self":[{"href":"https:\/\/lankakauppaihana.fi\/index.php\/wp-json\/wp\/v2\/product\/2661","targetHints":{"allow":["GET"]}}],"collection":[{"href":"https:\/\/lankakauppaihana.fi\/index.php\/wp-json\/wp\/v2\/product"}],"about":[{"href":"https:\/\/lankakauppaihana.fi\/index.php\/wp-json\/wp\/v2\/types\/product"}],"wp:featuredmedia":[{"embeddable":true,"href":"https:\/\/lankakauppaihana.fi\/index.php\/wp-json\/wp\/v2\/media\/2360"}],"wp:attachment":[{"href":"https:\/\/lankakauppaihana.fi\/index.php\/wp-json\/wp\/v2\/media?parent=2661"}],"wp:term":[{"taxonomy":"product_brand","embeddable":true,"href":"https:\/\/lankakauppaihana.fi\/index.php\/wp-json\/wp\/v2\/product_brand?post=2661"},{"taxonomy":"product_cat","embeddable":true,"href":"https:\/\/lankakauppaihana.fi\/index.php\/wp-json\/wp\/v2\/product_cat?post=2661"},{"taxonomy":"product_tag","embeddable":true,"href":"https:\/\/lankakauppaihana.fi\/index.php\/wp-json\/wp\/v2\/product_tag?post=2661"}],"curies":[{"name":"wp","href":"https:\/\/api.w.org\/{rel}","templated":true}]}}