{"id":2663,"date":"2024-07-25T23:35:19","date_gmt":"2024-07-25T20:35:19","guid":{"rendered":"https:\/\/lankakauppaihana.fi\/?post_type=product&#038;p=2663"},"modified":"2025-01-18T17:56:50","modified_gmt":"2025-01-18T15:56:50","slug":"52-x-helpot-neuleet","status":"publish","type":"product","link":"https:\/\/lankakauppaihana.fi\/index.php\/product\/52-x-helpot-neuleet\/","title":{"rendered":"52 x Helpot neuleet"},"content":{"rendered":"","protected":false},"excerpt":{"rendered":"<p>52 x helpot neuleet sis\u00e4lt\u00e4\u00e4 nimens\u00e4 mukaisesti 52 matalan kynnyksen neuleohjetta pipoista paitoihin, sukista huiveihin ja lapasista villatakkeihin. Kirjan vaatteet ovat rentoja, leikkisi\u00e4 ja moderneja \u2013 mutta ennen kaikkea mukavia neuloa.<\/p>\n<p>Joukossa on monia superhelppoja, aloittelijallekin sopivia ohjeita, jotka valmistuvat hetkess\u00e4. Astetta haastavammat neuleet taas ovat koukuttavia projekteja hieman kokeneemmille neulojille. Ohjeissa k\u00e4ytet\u00e4\u00e4n neulonnan perustekniikoita, ja ty\u00f6vaiheita avataan tavallista perusteellisemmin. Lukijalle annetaan hy\u00f6dyllisi\u00e4 vinkkej\u00e4 my\u00f6s tarvikkeista ja neuleiden viimeistelyst\u00e4.<\/p>\n<p>Muhkeassa opuksessa riitt\u00e4\u00e4 neulottavaa vuosiksi eteenp\u00e4in \u2013 suurin vaikeus on p\u00e4\u00e4tt\u00e4\u00e4, mist\u00e4 aloittaisi!<\/p>\n","protected":false},"featured_media":2664,"template":"","meta":{"_monsterinsights_skip_tracking":false,"_monsterinsights_sitenote_active":false,"_monsterinsights_sitenote_note":"","_monsterinsights_sitenote_category":0,"_uf_show_specific_survey":0,"_uf_disable_surveys":false},"product_brand":[],"product_cat":[408],"product_tag":[409],"class_list":{"0":"post-2663","1":"product","2":"type-product","3":"status-publish","4":"has-post-thumbnail","6":"product_cat-kirjat","7":"product_tag-52-x-helpot-neuleet","9":"first","10":"outofstock","11":"taxable","12":"shipping-taxable","13":"purchasable","14":"product-type-simple"},"_links":{"self":[{"href":"https:\/\/lankakauppaihana.fi\/index.php\/wp-json\/wp\/v2\/product\/2663","targetHints":{"allow":["GET"]}}],"collection":[{"href":"https:\/\/lankakauppaihana.fi\/index.php\/wp-json\/wp\/v2\/product"}],"about":[{"href":"https:\/\/lankakauppaihana.fi\/index.php\/wp-json\/wp\/v2\/types\/product"}],"wp:featuredmedia":[{"embeddable":true,"href":"https:\/\/lankakauppaihana.fi\/index.php\/wp-json\/wp\/v2\/media\/2664"}],"wp:attachment":[{"href":"https:\/\/lankakauppaihana.fi\/index.php\/wp-json\/wp\/v2\/media?parent=2663"}],"wp:term":[{"taxonomy":"product_brand","embeddable":true,"href":"https:\/\/lankakauppaihana.fi\/index.php\/wp-json\/wp\/v2\/product_brand?post=2663"},{"taxonomy":"product_cat","embeddable":true,"href":"https:\/\/lankakauppaihana.fi\/index.php\/wp-json\/wp\/v2\/product_cat?post=2663"},{"taxonomy":"product_tag","embeddable":true,"href":"https:\/\/lankakauppaihana.fi\/index.php\/wp-json\/wp\/v2\/product_tag?post=2663"}],"curies":[{"name":"wp","href":"https:\/\/api.w.org\/{rel}","templated":true}]}}