{"id":2665,"date":"2024-07-25T23:42:07","date_gmt":"2024-07-25T20:42:07","guid":{"rendered":"https:\/\/lankakauppaihana.fi\/?post_type=product&#038;p=2665"},"modified":"2024-07-25T23:45:22","modified_gmt":"2024-07-25T20:45:22","slug":"52-x-asusteet","status":"publish","type":"product","link":"https:\/\/lankakauppaihana.fi\/index.php\/product\/52-x-asusteet\/","title":{"rendered":"52 x Asusteet"},"content":{"rendered":"","protected":false},"excerpt":{"rendered":"<p>T\u00e4m\u00e4 muhkea ja monipuolinen neulekirja sis\u00e4lt\u00e4\u00e4 52 houkuttelevaa asusteohjetta. Osansa saavat niin pipojen, huivien, sukkien kuin lapastenkin yst\u00e4v\u00e4t \u2013 mutta mukana on my\u00f6s kaulureita, huppuja, pantoja, laukkuja ja muita hauskoja projekteja.<\/p>\n<p>52 x asusteet on v\u00e4rik\u00e4s ja helposti l\u00e4hestytt\u00e4v\u00e4 teos, jonka ohjeet ovat kansainv\u00e4listen suunnittelijoiden k\u00e4sialaa. Niiss\u00e4 hy\u00f6dynnet\u00e4\u00e4n erilaisia neuletekniikoita palmikoista kirjoneuleeseen, ja mausteena on my\u00f6s pari virkkausohjetta. Taso vaihtelee helposta haastavaan, joten kirjasta l\u00f6ytyy jotain jokaiselle neulojalle. Pienen kokonsa vuoksi asusteet ovat nopeita ja edullisia tehd\u00e4. Ne ovat my\u00f6s mainio tapa kokeilla uutta ja leikitell\u00e4 langoilla!<\/p>\n<p>52 x asusteet on jatkoa huippusuositulle 52 x -kirjasarjalle, jonka aiemmat osat ovat keskittyneet sukkiin, huiveihin ja helppoihin neuleisiin.<\/p>\n<p>Kirjan neulemallit ovat suunnitelleet: Jenny Ansah, Paulina Castell Guti\u00e9rrez, Susan Chin, Elena Dimchevska, Nele Druyts, Anna Eklund, Jaana Etula, Bel\u00e9n Fern\u00e1ndez, Lindsey Fowler, Lily Kate France, Soraya Garc\u00eda, Izabela Grzybek, \u00c9milie Hallet, Jonna Helin, Karen S. Henderson, Rastus Hsu, Tiina Huhtaniemi, Anna Husemann, Joona H\u00f6ri, Nabita Jouret, Pauliina Kuunsola, Kaori Katsurada, Keiko Kikuno, Thien-Kieu Lam, Lisa Lang &amp; Isabella Heinz, Sarah-Ann Larouche, Sarianna Lehtonen, Eli Leistad, Pauliina Leisti, Fa\u00efza Mebazaa, Maral Mokri, Heli Rajavaara, Marie R\u00e9gnier, Marina Skua, Jeanette Sloan, Lis Smith, Elena Solier Jans\u00e0, Susanne Sommer, Florence Spurling, Jill Tamminen, Thea Vesterby, Maaike van Geijn, Anke von Ahrentschildt, Kajsa Vuorela, Julia Wilkens, Martha Wissing ja Veera V\u00e4lim\u00e4ki.<\/p>\n","protected":false},"featured_media":2373,"template":"","meta":{"_monsterinsights_skip_tracking":false,"_monsterinsights_sitenote_active":false,"_monsterinsights_sitenote_note":"","_monsterinsights_sitenote_category":0,"_uf_show_specific_survey":0,"_uf_disable_surveys":false},"product_brand":[],"product_cat":[408],"product_tag":[409],"class_list":{"0":"post-2665","1":"product","2":"type-product","3":"status-publish","4":"has-post-thumbnail","6":"product_cat-kirjat","7":"product_tag-52-x-helpot-neuleet","9":"first","10":"instock","11":"taxable","12":"shipping-taxable","13":"purchasable","14":"product-type-simple"},"_links":{"self":[{"href":"https:\/\/lankakauppaihana.fi\/index.php\/wp-json\/wp\/v2\/product\/2665","targetHints":{"allow":["GET"]}}],"collection":[{"href":"https:\/\/lankakauppaihana.fi\/index.php\/wp-json\/wp\/v2\/product"}],"about":[{"href":"https:\/\/lankakauppaihana.fi\/index.php\/wp-json\/wp\/v2\/types\/product"}],"wp:featuredmedia":[{"embeddable":true,"href":"https:\/\/lankakauppaihana.fi\/index.php\/wp-json\/wp\/v2\/media\/2373"}],"wp:attachment":[{"href":"https:\/\/lankakauppaihana.fi\/index.php\/wp-json\/wp\/v2\/media?parent=2665"}],"wp:term":[{"taxonomy":"product_brand","embeddable":true,"href":"https:\/\/lankakauppaihana.fi\/index.php\/wp-json\/wp\/v2\/product_brand?post=2665"},{"taxonomy":"product_cat","embeddable":true,"href":"https:\/\/lankakauppaihana.fi\/index.php\/wp-json\/wp\/v2\/product_cat?post=2665"},{"taxonomy":"product_tag","embeddable":true,"href":"https:\/\/lankakauppaihana.fi\/index.php\/wp-json\/wp\/v2\/product_tag?post=2665"}],"curies":[{"name":"wp","href":"https:\/\/api.w.org\/{rel}","templated":true}]}}