{"id":2946,"date":"2025-11-05T11:14:36","date_gmt":"2025-11-05T09:14:36","guid":{"rendered":"https:\/\/lankakauppaihana.fi\/?post_type=product&#038;p=2946"},"modified":"2025-11-05T12:03:10","modified_gmt":"2025-11-05T10:03:10","slug":"more-is-more-pipo","status":"publish","type":"product","link":"https:\/\/lankakauppaihana.fi\/index.php\/product\/more-is-more-pipo\/","title":{"rendered":"More is More -pipo"},"content":{"rendered":"","protected":false},"excerpt":{"rendered":"<p>More is More -pipo on herk\u00e4n kaunis varpu-kuvioinen syyspipo, joka ei j\u00e4\u00e4 katseilta huomaamatta! &lt;3<\/p>\n<p>Malli on v\u00e4likauteen sopiva ja todella kevyt, mutta p\u00e4\u00e4t\u00e4 suojaava. Pipo on normaalia naisten kokoa ja se on suunniteltu koon 56-58 p\u00e4\u00e4h\u00e4n. Pipo joustaa tarvittaessa.<\/p>\n<p>More is More -pipoa varten tarvitset:<\/p>\n<p>&#8211; 50g <a href=\"https:\/\/lankakauppaihana.fi\/index.php\/product-category\/valmistajat\/isager\/highland2\/\">Isager Highland<\/a> (550m\/100g) TAI <a href=\"https:\/\/lankakauppaihana.fi\/index.php\/product-category\/valmistajat\/isager\/tvinni\/\">Isager Tvinni<\/a> (510m\/100g)<br \/>\n&#8211; 25g <a href=\"https:\/\/lankakauppaihana.fi\/index.php\/product-category\/tuotteet\/langat\/vahvuus\/lace-vahvuus\/mohairluxe4\/\">Lang Yarns Mohair Luxe<\/a> (700m\/100g)<\/p>\n<p>&#8211; koon 3 JA 3\u00bd py\u00f6r\u00f6puikot (ymp\u00e4rysmitta 40cm)<br \/>\n&#8211; 6 silmukkamerkki\u00e4<br \/>\n&#8211; koon 3 apupuikko palmikkoon<\/p>\n<p>Ohje on s\u00e4hk\u00f6inen ladattava pdf-tiedosto, jonka saat k\u00e4ytt\u00f6\u00f6si automaattisesti heti maksettuasi tuotteen.<\/p>\n","protected":false},"featured_media":2952,"template":"","meta":{"_monsterinsights_skip_tracking":false,"_monsterinsights_sitenote_active":false,"_monsterinsights_sitenote_note":"","_monsterinsights_sitenote_category":0,"_uf_show_specific_survey":0,"_uf_disable_surveys":false},"product_brand":[],"product_cat":[61,94],"product_tag":[],"class_list":{"0":"post-2946","1":"product","2":"type-product","3":"status-publish","4":"has-post-thumbnail","6":"product_cat-neuleohjeet","7":"product_cat-uutuudet","9":"first","10":"instock","11":"downloadable","12":"virtual","13":"taxable","14":"purchasable","15":"product-type-simple"},"_links":{"self":[{"href":"https:\/\/lankakauppaihana.fi\/index.php\/wp-json\/wp\/v2\/product\/2946","targetHints":{"allow":["GET"]}}],"collection":[{"href":"https:\/\/lankakauppaihana.fi\/index.php\/wp-json\/wp\/v2\/product"}],"about":[{"href":"https:\/\/lankakauppaihana.fi\/index.php\/wp-json\/wp\/v2\/types\/product"}],"wp:featuredmedia":[{"embeddable":true,"href":"https:\/\/lankakauppaihana.fi\/index.php\/wp-json\/wp\/v2\/media\/2952"}],"wp:attachment":[{"href":"https:\/\/lankakauppaihana.fi\/index.php\/wp-json\/wp\/v2\/media?parent=2946"}],"wp:term":[{"taxonomy":"product_brand","embeddable":true,"href":"https:\/\/lankakauppaihana.fi\/index.php\/wp-json\/wp\/v2\/product_brand?post=2946"},{"taxonomy":"product_cat","embeddable":true,"href":"https:\/\/lankakauppaihana.fi\/index.php\/wp-json\/wp\/v2\/product_cat?post=2946"},{"taxonomy":"product_tag","embeddable":true,"href":"https:\/\/lankakauppaihana.fi\/index.php\/wp-json\/wp\/v2\/product_tag?post=2946"}],"curies":[{"name":"wp","href":"https:\/\/api.w.org\/{rel}","templated":true}]}}