{"id":3086,"date":"2024-09-07T16:08:22","date_gmt":"2024-09-07T13:08:22","guid":{"rendered":"https:\/\/lankakauppaihana.fi\/?post_type=product&#038;p=3086"},"modified":"2025-03-26T15:16:42","modified_gmt":"2025-03-26T13:16:42","slug":"flyin-banana-079-turve-80g","status":"publish","type":"product","link":"https:\/\/lankakauppaihana.fi\/index.php\/product\/flyin-banana-079-turve-80g\/","title":{"rendered":"Flyin&#8217; Banana, <br>079 Turve 80g"},"content":{"rendered":"","protected":false},"excerpt":{"rendered":"<div class=\"woocommerce-product-details__short-description\">\n<div class=\"woocommerce-product-details__short-description\">\n<p><strong>100% suomalainen villa\u00a0<\/strong> * * * <strong>lace<\/strong> (700m\/100g)* * * <strong>puikot: 1-2<\/strong><\/p>\n<p>Arctic Bananan Flyin&#8217; Banana on seitinohut pitsilanka, joka on p\u00e4\u00e4asiassa suomenlampaan villaa &lt;3<\/p>\n<p>Flyin&#8217; Banana on yksis\u00e4ikeinen karstalanka, jota neulotaan yleens\u00e4 toisen langan kanssa yht\u00e4 aikaa.<br \/>\nYhdess\u00e4 silkkimohairin kanssa voit neuloa sit\u00e4 puikoilla 3-6.<\/p>\n<p>Ker\u00e4n koko on POIKKEUKSELLISESTI 80g (juoksevuus ~700m\/100g).<\/p>\n<p>Langan koostumus: 100% kotimainen villa<br \/>\nPesu: k\u00e4sinpesu (Eth\u00e4n k\u00e4yt\u00e4 huuhteluainetta!)<\/p>\n<p>Kehr\u00e4tty Suomessa, k\u00e4sinv\u00e4rj\u00e4tty Rovaniemell\u00e4 \ud83d\ude42<\/p>\n<\/div>\n<\/div>\n","protected":false},"featured_media":3089,"template":"","meta":{"_monsterinsights_skip_tracking":false,"_monsterinsights_sitenote_active":false,"_monsterinsights_sitenote_note":"","_monsterinsights_sitenote_category":0,"_uf_show_specific_survey":0,"_uf_disable_surveys":false},"product_brand":[],"product_cat":[15],"product_tag":[129,274,193,192],"class_list":{"0":"post-3086","1":"product","2":"type-product","3":"status-publish","4":"has-post-thumbnail","6":"product_cat-uncategorized","7":"product_tag-arctic-banana","8":"product_tag-flyin-banana","9":"product_tag-kotimainen-villa","10":"product_tag-pitsilanka","12":"first","13":"outofstock","14":"taxable","15":"shipping-taxable","16":"purchasable","17":"product-type-simple"},"_links":{"self":[{"href":"https:\/\/lankakauppaihana.fi\/index.php\/wp-json\/wp\/v2\/product\/3086","targetHints":{"allow":["GET"]}}],"collection":[{"href":"https:\/\/lankakauppaihana.fi\/index.php\/wp-json\/wp\/v2\/product"}],"about":[{"href":"https:\/\/lankakauppaihana.fi\/index.php\/wp-json\/wp\/v2\/types\/product"}],"wp:featuredmedia":[{"embeddable":true,"href":"https:\/\/lankakauppaihana.fi\/index.php\/wp-json\/wp\/v2\/media\/3089"}],"wp:attachment":[{"href":"https:\/\/lankakauppaihana.fi\/index.php\/wp-json\/wp\/v2\/media?parent=3086"}],"wp:term":[{"taxonomy":"product_brand","embeddable":true,"href":"https:\/\/lankakauppaihana.fi\/index.php\/wp-json\/wp\/v2\/product_brand?post=3086"},{"taxonomy":"product_cat","embeddable":true,"href":"https:\/\/lankakauppaihana.fi\/index.php\/wp-json\/wp\/v2\/product_cat?post=3086"},{"taxonomy":"product_tag","embeddable":true,"href":"https:\/\/lankakauppaihana.fi\/index.php\/wp-json\/wp\/v2\/product_tag?post=3086"}],"curies":[{"name":"wp","href":"https:\/\/api.w.org\/{rel}","templated":true}]}}