{"id":3124,"date":"2024-09-20T13:53:52","date_gmt":"2024-09-20T10:53:52","guid":{"rendered":"https:\/\/lankakauppaihana.fi\/?post_type=product&#038;p=3124"},"modified":"2025-04-09T17:27:32","modified_gmt":"2025-04-09T14:27:32","slug":"zen-0039-kaakao","status":"publish","type":"product","link":"https:\/\/lankakauppaihana.fi\/index.php\/product\/zen-0039-kaakao\/","title":{"rendered":"Zen, 0039 kaakao"},"content":{"rendered":"","protected":false},"excerpt":{"rendered":"<p><strong>35% merino \/\/ 35% alpakka \/\/ 30% silkki<\/strong> * * * <strong>lace\u00a0<\/strong> (800m\/100g)* * * <strong>puikot: 3-3\u00bd<\/strong><\/p>\n<p>Lang Yarnsin Zen on lace-vahvuinen lanka, joka on suloisen pehmoista ja p\u00f6rr\u00f6ist\u00e4.<\/p>\n<p>Zeni\u00e4 voit k\u00e4ytt\u00e4\u00e4 esimerkiksi silkkimohairin sijaan toisena lankana. Vaikka Zeniss\u00e4 on jopa 30% silkki\u00e4, lanka ei ole ollenkaan liukas eik\u00e4 pinta kiilt\u00e4v\u00e4 &#8211; p\u00e4invastoin. Zenill\u00e4 saat neuleeseen muhkeutta, kitkaa ja l\u00e4mp\u00f6\u00e4.<\/p>\n<p>Zen on juoksevuudeltaan 800m\/100g eli yhdess\u00e4 25g ker\u00e4ss\u00e4 on 200m lankaa. Zen on hieman vastaava kuin <a href=\"https:\/\/lankakauppaihana.fi\/index.php\/product-category\/valmistajat\/isager\/ecosoftfine\/\">Isagerin Soft Fine<\/a> -lanka, mutta ohuempi (ja samalla riittoisampi -&gt; 200m\/25g vrs. 150m\/25g) ja tuntumaltaan paperisempi\/kuivempi. Zenist\u00e4 neulot yksist\u00e4\u00e4n puikoilla 3-3\u00bd ja yhdess\u00e4 fingering-vahvuisen langan kanssa koon 4\u00bd-5\u00bd puikoilla.<\/p>\n<p>Langan koostumus: 35% merinovilla, 35% alpakka (suri), 30% silkki<br \/>\nPesu: k\u00e4sinpesu (Eth\u00e4n k\u00e4yt\u00e4 huuhteluainetta!)<br \/>\nNeuletiheys: 25 x 37<\/p>\n<p>Kehr\u00e4tty Italiassa.<\/p>\n","protected":false},"featured_media":3125,"template":"","meta":{"_monsterinsights_skip_tracking":false,"_monsterinsights_sitenote_active":false,"_monsterinsights_sitenote_note":"","_monsterinsights_sitenote_category":0,"_uf_show_specific_survey":0,"_uf_disable_surveys":false},"product_brand":[],"product_cat":[349,350,351,352,353],"product_tag":[122,253,290,166,197,354],"class_list":{"0":"post-3124","1":"product","2":"type-product","3":"status-publish","4":"has-post-thumbnail","6":"product_cat-zen2","7":"product_cat-zen3","8":"product_cat-zen4","9":"product_cat-zen5","10":"product_cat-zen6","11":"product_tag-alpakka","12":"product_tag-lace","13":"product_tag-langyarns","14":"product_tag-merinovilla","15":"product_tag-silkki","16":"product_tag-zen","18":"first","19":"instock","20":"taxable","21":"shipping-taxable","22":"purchasable","23":"product-type-simple"},"_links":{"self":[{"href":"https:\/\/lankakauppaihana.fi\/index.php\/wp-json\/wp\/v2\/product\/3124","targetHints":{"allow":["GET"]}}],"collection":[{"href":"https:\/\/lankakauppaihana.fi\/index.php\/wp-json\/wp\/v2\/product"}],"about":[{"href":"https:\/\/lankakauppaihana.fi\/index.php\/wp-json\/wp\/v2\/types\/product"}],"wp:featuredmedia":[{"embeddable":true,"href":"https:\/\/lankakauppaihana.fi\/index.php\/wp-json\/wp\/v2\/media\/3125"}],"wp:attachment":[{"href":"https:\/\/lankakauppaihana.fi\/index.php\/wp-json\/wp\/v2\/media?parent=3124"}],"wp:term":[{"taxonomy":"product_brand","embeddable":true,"href":"https:\/\/lankakauppaihana.fi\/index.php\/wp-json\/wp\/v2\/product_brand?post=3124"},{"taxonomy":"product_cat","embeddable":true,"href":"https:\/\/lankakauppaihana.fi\/index.php\/wp-json\/wp\/v2\/product_cat?post=3124"},{"taxonomy":"product_tag","embeddable":true,"href":"https:\/\/lankakauppaihana.fi\/index.php\/wp-json\/wp\/v2\/product_tag?post=3124"}],"curies":[{"name":"wp","href":"https:\/\/api.w.org\/{rel}","templated":true}]}}