{"id":3172,"date":"2024-09-25T13:28:28","date_gmt":"2024-09-25T10:28:28","guid":{"rendered":"https:\/\/lankakauppaihana.fi\/?post_type=product&#038;p=3172"},"modified":"2026-01-30T15:58:48","modified_gmt":"2026-01-30T13:58:48","slug":"twist-red-kaapelit-s","status":"publish","type":"product","link":"https:\/\/lankakauppaihana.fi\/index.php\/product\/twist-red-kaapelit-s\/","title":{"rendered":"Twist Red -kaapelit (S)"},"content":{"rendered":"","protected":false},"excerpt":{"rendered":"<p>ChiaoGoon S-sarjan Twist Red -kaapelit sopivat <a href=\"https:\/\/lankakauppaihana.fi\/index.php\/product-category\/tuotteet\/puikotjamuuttarvikkeet\/chiaogoo\/vaihtopaat\/\">Chiaogoon S-sarjan vaihtop\u00e4ihin<\/a>. Twist Red -kaapeli on rento ja taipuisa nylonpinnoitettu ter\u00e4skaapeli, joka on eritt\u00e4in yhteisty\u00f6haluinen (menee sinne, minne haluat sen menev\u00e4n), ja siksi mukava k\u00e4ytt\u00e4\u00e4 \ud83d\ude42<\/p>\n<p>Twist Red -kaapeleita on saatavilla pituuksissa: 20cm, 35cm, 55cm, 75cm, 93cm ja 125cm. Voit my\u00f6s (tiettyj\u00e4 poikkeuksia lukuunottamatta) k\u00e4ytt\u00e4\u00e4 pidemp\u00e4\u00e4 kaapelia kuin ohjeessa kehotetaan, koska ylim\u00e4\u00e4r\u00e4isen kaapelin saa helposti vedetty\u00e4 neuleen lomasta ulos, eik\u00e4 se venyt\u00e4 neulosta, kuten &#8221;perinteiset&#8221; j\u00e4ykemm\u00e4t kaapelit.<\/p>\n<p>Twist Red -kaapeleihin on saatavilla on 8cm, 10cm ja 13cm pituiset vaihtop\u00e4\u00e4t:<br \/>\n&#8211; 8-senttinen on todella lyhyt (sormenp\u00e4ill\u00e4 neulottava), mutta taipuu 20cm kaapelin kanssa pieniinkin py\u00f6r\u00f6neuleisiin<br \/>\n&#8211; 10-senttist\u00e4 voit k\u00e4ytt\u00e4\u00e4 &#8221;arkipuikkona&#8221; eli sill\u00e4 neulot isommatkin pinnat, ja se taipuu my\u00f6s lyhyimm\u00e4n 20cm kaapelin kanssa<br \/>\n&#8211; 13-senttinen sopii my\u00f6s isompiin pintoihin, mutta ei taivu pienempiin py\u00f6r\u00f6neuleisiin eik\u00e4 k\u00e4y 20cm kaapelin kanssa<\/p>\n<p>Kaapelipakkauksen mukana tulee kiristysneula, jota kannattaa k\u00e4ytt\u00e4\u00e4 esimerkiksi nahkahanskan kanssa, jotta kirist\u00e4minen varmasti onnistuu eiv\u00e4tk\u00e4 puikon ja kaapelin liitokset l\u00f6ysty auki k\u00e4yt\u00f6ss\u00e4 \ud83d\ude42<\/p>\n","protected":false},"featured_media":3188,"template":"","meta":{"_monsterinsights_skip_tracking":false,"_monsterinsights_sitenote_active":false,"_monsterinsights_sitenote_note":"","_monsterinsights_sitenote_category":0,"_uf_show_specific_survey":0,"_uf_disable_surveys":false},"product_brand":[],"product_cat":[400,53],"product_tag":[187,419,189,402,401,394],"class_list":{"0":"post-3172","1":"product","2":"type-product","3":"status-publish","4":"has-post-thumbnail","6":"product_cat-vaihtopaat-chiaogoo2","7":"product_cat-kaapelit","8":"product_tag-chiaogoo","9":"product_tag-kaapelit","10":"product_tag-pyoropuikot","11":"product_tag-spin","12":"product_tag-twist-lace","13":"product_tag-vaihtopaat","15":"first","16":"instock","17":"taxable","18":"shipping-taxable","19":"purchasable","20":"product-type-variable"},"_links":{"self":[{"href":"https:\/\/lankakauppaihana.fi\/index.php\/wp-json\/wp\/v2\/product\/3172","targetHints":{"allow":["GET"]}}],"collection":[{"href":"https:\/\/lankakauppaihana.fi\/index.php\/wp-json\/wp\/v2\/product"}],"about":[{"href":"https:\/\/lankakauppaihana.fi\/index.php\/wp-json\/wp\/v2\/types\/product"}],"wp:featuredmedia":[{"embeddable":true,"href":"https:\/\/lankakauppaihana.fi\/index.php\/wp-json\/wp\/v2\/media\/3188"}],"wp:attachment":[{"href":"https:\/\/lankakauppaihana.fi\/index.php\/wp-json\/wp\/v2\/media?parent=3172"}],"wp:term":[{"taxonomy":"product_brand","embeddable":true,"href":"https:\/\/lankakauppaihana.fi\/index.php\/wp-json\/wp\/v2\/product_brand?post=3172"},{"taxonomy":"product_cat","embeddable":true,"href":"https:\/\/lankakauppaihana.fi\/index.php\/wp-json\/wp\/v2\/product_cat?post=3172"},{"taxonomy":"product_tag","embeddable":true,"href":"https:\/\/lankakauppaihana.fi\/index.php\/wp-json\/wp\/v2\/product_tag?post=3172"}],"curies":[{"name":"wp","href":"https:\/\/api.w.org\/{rel}","templated":true}]}}